{"id":919,"date":"2019-04-26T13:51:26","date_gmt":"2019-04-26T11:51:26","guid":{"rendered":"http:\/\/www.mafact.com\/?page_id=919"},"modified":"2022-07-01T22:16:56","modified_gmt":"2022-07-01T20:16:56","slug":"modules-supplementaires-mafact-full","status":"publish","type":"page","link":"https:\/\/www.mafact.com\/index.php\/modules-supplementaires-mafact-full\/","title":{"rendered":"Modules suppl\u00e9mentaires mafact full"},"content":{"rendered":"\t\t<div data-elementor-type=\"wp-page\" data-elementor-id=\"919\" class=\"elementor elementor-919\">\n\t\t\t\t\t\t<section class=\"elementor-section elementor-top-section elementor-element elementor-element-70d2328 elementor-section-boxed elementor-section-height-default elementor-section-height-default\" data-id=\"70d2328\" data-element_type=\"section\">\n\t\t\t\t\t\t<div class=\"elementor-container elementor-column-gap-default\">\n\t\t\t\t\t<div class=\"elementor-column elementor-col-100 elementor-top-column elementor-element elementor-element-6c6e606\" data-id=\"6c6e606\" data-element_type=\"column\">\n\t\t\t<div class=\"elementor-widget-wrap elementor-element-populated\">\n\t\t\t\t\t\t<div class=\"elementor-element elementor-element-5ae655a elementor-align-left elementor-absolute elementor-widget elementor-widget-button\" data-id=\"5ae655a\" data-element_type=\"widget\" data-settings=\"{&quot;_position&quot;:&quot;absolute&quot;}\" data-widget_type=\"button.default\">\n\t\t\t\t<div class=\"elementor-widget-container\">\n\t\t\t\t\t\t\t<div class=\"elementor-button-wrapper\">\n\t\t\t\t\t<a class=\"elementor-button elementor-button-link elementor-size-sm\" href=\"http:\/\/www.mafact.com\/index.php\/mafact-full-2\/\">\n\t\t\t\t\t\t<span class=\"elementor-button-content-wrapper\">\n\t\t\t\t\t\t<span class=\"elementor-button-icon\">\n\t\t\t\t<svg aria-hidden=\"true\" class=\"e-font-icon-svg e-fas-arrow-circle-left\" viewBox=\"0 0 512 512\" xmlns=\"http:\/\/www.w3.org\/2000\/svg\"><path d=\"M256 504C119 504 8 393 8 256S119 8 256 8s248 111 248 248-111 248-248 248zm28.9-143.6L209.4 288H392c13.3 0 24-10.7 24-24v-16c0-13.3-10.7-24-24-24H209.4l75.5-72.4c9.7-9.3 9.9-24.8.4-34.3l-11-10.9c-9.4-9.4-24.6-9.4-33.9 0L107.7 239c-9.4 9.4-9.4 24.6 0 33.9l132.7 132.7c9.4 9.4 24.6 9.4 33.9 0l11-10.9c9.5-9.5 9.3-25-.4-34.3z\"><\/path><\/svg>\t\t\t<\/span>\n\t\t\t\t\t\t\t\t\t<span class=\"elementor-button-text\">Retour Mafact Full<\/span>\n\t\t\t\t\t<\/span>\n\t\t\t\t\t<\/a>\n\t\t\t\t<\/div>\n\t\t\t\t\t\t<\/div>\n\t\t\t\t<\/div>\n\t\t\t\t\t<\/div>\n\t\t<\/div>\n\t\t\t\t\t<\/div>\n\t\t<\/section>\n\t\t\t\t<section class=\"elementor-section elementor-top-section elementor-element elementor-element-31443bf elementor-section-boxed elementor-section-height-default elementor-section-height-default\" data-id=\"31443bf\" data-element_type=\"section\">\n\t\t\t\t\t\t<div class=\"elementor-container elementor-column-gap-default\">\n\t\t\t\t\t<div class=\"elementor-column elementor-col-100 elementor-top-column elementor-element elementor-element-bd12fb4\" data-id=\"bd12fb4\" data-element_type=\"column\">\n\t\t\t<div class=\"elementor-widget-wrap elementor-element-populated\">\n\t\t\t\t\t\t<div class=\"elementor-element elementor-element-6088b21 elementor-widget elementor-widget-heading\" data-id=\"6088b21\" data-element_type=\"widget\" data-widget_type=\"heading.default\">\n\t\t\t\t<div class=\"elementor-widget-container\">\n\t\t\t<h2 class=\"elementor-heading-title elementor-size-default\">Modules suppl\u00e9mentaires Mafact Full<\/h2>\t\t<\/div>\n\t\t\t\t<\/div>\n\t\t\t\t\t<\/div>\n\t\t<\/div>\n\t\t\t\t\t<\/div>\n\t\t<\/section>\n\t\t\t\t<section class=\"elementor-section elementor-top-section elementor-element elementor-element-07f4155 elementor-section-boxed elementor-section-height-default elementor-section-height-default\" data-id=\"07f4155\" data-element_type=\"section\">\n\t\t\t\t\t\t<div class=\"elementor-container elementor-column-gap-default\">\n\t\t\t\t\t<div class=\"elementor-column elementor-col-33 elementor-top-column elementor-element elementor-element-61145e4\" data-id=\"61145e4\" data-element_type=\"column\">\n\t\t\t<div class=\"elementor-widget-wrap elementor-element-populated\">\n\t\t\t\t\t\t<div class=\"elementor-element elementor-element-d6230fc elementor-widget elementor-widget-text-editor\" data-id=\"d6230fc\" data-element_type=\"widget\" data-widget_type=\"text-editor.default\">\n\t\t\t\t<div class=\"elementor-widget-container\">\n\t\t\t\t\t\t\t<h6><strong style=\"font-family: inherit; font-style: inherit;\">ABONNEMENT\u00a0:<\/strong><\/h6>\n<h6>Permet la g\u00e9n\u00e9ration automatique de factures p\u00e9riodiques, utilis\u00e9 dans les secteurs tels que L\u2019IMMOBILIER afin d\u2019\u00e9tablir les loyers, les entreprises qui proposent un service d\u2019entretien \/ service technique (L\u2019INFORMATIQUE, NETTOYAGE \/ ENTRETIEN DE LOCAUX, LES RAMONEURS, LES PLOMBIERS \u2026).\nLe suivi des diff\u00e9rents membres \/ affili\u00e9s, et de leurs assurances pour LES CLUBS SPORTIFS. L\u2019envoi et la facturation pour LES EDITEURS DE PERIODIQUES, LES PROVIDERS, \u2026<\/h6>\t\t\t\t\t\t<\/div>\n\t\t\t\t<\/div>\n\t\t\t\t\t<\/div>\n\t\t<\/div>\n\t\t\t\t<div class=\"elementor-column elementor-col-33 elementor-top-column elementor-element elementor-element-b0e6f16\" data-id=\"b0e6f16\" data-element_type=\"column\">\n\t\t\t<div class=\"elementor-widget-wrap elementor-element-populated\">\n\t\t\t\t\t\t<div class=\"elementor-element elementor-element-3afd0d1 elementor-widget elementor-widget-text-editor\" data-id=\"3afd0d1\" data-element_type=\"widget\" data-widget_type=\"text-editor.default\">\n\t\t\t\t<div class=\"elementor-widget-container\">\n\t\t\t\t\t\t\t<h6><span style=\"text-decoration: underline;\"><strong>NUMERO DE SERIE&nbsp;: <\/strong><\/span><\/h6>\n<h6>Qui permet d\u2019associer un num\u00e9ro \u00e0 une pi\u00e8ce, de d\u00e9terminer la p\u00e9riode de garantie et de pouvoir \u00e0 tout moment faire un suivi ou une tra\u00e7abilit\u00e9 IN et OUT de cet article.<br>Ce module sera utile dans les secteurs de l\u2019\u00c9LECTROM\u00c9NAGER, ELECTRONIQUE, INFORMATIQUE, ELECTRIQUE.<br>Tout secteur medical qui utilise des IMPLANTS \/ PROTH\u00c9SES.er<\/h6>\t\t\t\t\t\t<\/div>\n\t\t\t\t<\/div>\n\t\t\t\t\t<\/div>\n\t\t<\/div>\n\t\t\t\t<div class=\"elementor-column elementor-col-33 elementor-top-column elementor-element elementor-element-1bfb459\" data-id=\"1bfb459\" data-element_type=\"column\">\n\t\t\t<div class=\"elementor-widget-wrap elementor-element-populated\">\n\t\t\t\t\t\t<div class=\"elementor-element elementor-element-46944bd elementor-widget elementor-widget-text-editor\" data-id=\"46944bd\" data-element_type=\"widget\" data-widget_type=\"text-editor.default\">\n\t\t\t\t<div class=\"elementor-widget-container\">\n\t\t\t\t\t\t\t<h6><span style=\"text-decoration: underline;\"><strong>NUMERO DE LOT\u00a0: <\/strong><\/span><\/h6><h6>Qui permet d\u2019associer un num\u00e9ro (de bain \/ lot) \u00e0 une certaine quantit\u00e9 de d\u2019articles rentr\u00e9s par kilo, par sac, par bidon etc\u2026selon le conditionnement.<br \/>Ce syst\u00e8me permet de d\u00e9terminer la date de p\u00e9remption et de pouvoir \u00e0 tout moment faire un suivi ou une tra\u00e7abilit\u00e9 IN et OUT d\u2019un article.<br \/>On retrouve cette gestion dans les domaines de la PHARMACOLOGIE, CHIMIE, DECORATION, CERAMIQUE\u2026er<\/h6>\t\t\t\t\t\t<\/div>\n\t\t\t\t<\/div>\n\t\t\t\t\t<\/div>\n\t\t<\/div>\n\t\t\t\t\t<\/div>\n\t\t<\/section>\n\t\t\t\t<section class=\"elementor-section elementor-top-section elementor-element elementor-element-b102d2a elementor-section-boxed elementor-section-height-default elementor-section-height-default\" data-id=\"b102d2a\" data-element_type=\"section\">\n\t\t\t\t\t\t<div class=\"elementor-container elementor-column-gap-default\">\n\t\t\t\t\t<div class=\"elementor-column elementor-col-33 elementor-top-column elementor-element elementor-element-7d12d8c\" data-id=\"7d12d8c\" data-element_type=\"column\">\n\t\t\t<div class=\"elementor-widget-wrap elementor-element-populated\">\n\t\t\t\t\t\t<div class=\"elementor-element elementor-element-59ab4bd elementor-widget elementor-widget-text-editor\" data-id=\"59ab4bd\" data-element_type=\"widget\" data-widget_type=\"text-editor.default\">\n\t\t\t\t<div class=\"elementor-widget-container\">\n\t\t\t\t\t\t\t<h6><span style=\"text-decoration: underline;\"><strong>NOMENCLATURE\u00a0: <\/strong><\/span><\/h6><h6>Le programme fabrique des articles finis \/pi\u00e8ces assembl\u00e9es avec des composants du stock tout en mettant leur stock \u00e0 jour ; module utilis\u00e9 dans le domaines ELECTRIQUE, ELECTRONIQUE, CONSTRUCTION, MOBILIER, INFORMATIQUE,\u2026. . <br \/>Il est aussi possible d\u2019associer un article secondaire avec un article principal lors de la g\u00e9n\u00e9ration des notes d\u2019envoi ou des factures. Le syst\u00e8me associera automatiquement dans ces documents les composants secondaires \u00e0 l\u2019article principal, pour les PAPETERIES ou les EDITIEURS DE CARTES postales ou autres (avec enveloppe =&gt; article secondaire)<\/h6>\t\t\t\t\t\t<\/div>\n\t\t\t\t<\/div>\n\t\t\t\t\t<\/div>\n\t\t<\/div>\n\t\t\t\t<div class=\"elementor-column elementor-col-33 elementor-top-column elementor-element elementor-element-63b4643\" data-id=\"63b4643\" data-element_type=\"column\">\n\t\t\t<div class=\"elementor-widget-wrap elementor-element-populated\">\n\t\t\t\t\t\t<div class=\"elementor-element elementor-element-11c83fd elementor-widget elementor-widget-text-editor\" data-id=\"11c83fd\" data-element_type=\"widget\" data-widget_type=\"text-editor.default\">\n\t\t\t\t<div class=\"elementor-widget-container\">\n\t\t\t\t\t\t\t<h6><span style=\"text-decoration: underline;\"><strong>MULTITAXES\u00a0: <\/strong><\/span><\/h6><h6>Le programme permet \u00e0 de g\u00e9rer par article, une ou deux plusieurs taxes: BRASSEURS, SOCIETE VINICOLE, TOUTE SOCIETE ASSUJETTIE A LA TAXE RECUPEL\u2026..<\/h6>\t\t\t\t\t\t<\/div>\n\t\t\t\t<\/div>\n\t\t\t\t<div class=\"elementor-element elementor-element-f4d9779 elementor-widget elementor-widget-text-editor\" data-id=\"f4d9779\" data-element_type=\"widget\" data-widget_type=\"text-editor.default\">\n\t\t\t\t<div class=\"elementor-widget-container\">\n\t\t\t\t\t\t\t<h6><span style=\"text-decoration: underline;\"><strong>INTRASTAT\u00a0: <\/strong><\/span><\/h6><h6>Jusqu\u2019\u00e0 la cr\u00e9ation du fichier CUSDEC , pour toute soci\u00e9t\u00e9 qui a dans l\u2019obligation de d\u00e9poser le listing INTRASTAT, d\u00fb \u00e0 L\u2019IMPORTATION \/L\u2019EXPORTATION de produit.<\/h6>\t\t\t\t\t\t<\/div>\n\t\t\t\t<\/div>\n\t\t\t\t\t<\/div>\n\t\t<\/div>\n\t\t\t\t<div class=\"elementor-column elementor-col-33 elementor-top-column elementor-element elementor-element-8329c33\" data-id=\"8329c33\" data-element_type=\"column\">\n\t\t\t<div class=\"elementor-widget-wrap elementor-element-populated\">\n\t\t\t\t\t\t<div class=\"elementor-element elementor-element-3aca79a elementor-widget elementor-widget-text-editor\" data-id=\"3aca79a\" data-element_type=\"widget\" data-widget_type=\"text-editor.default\">\n\t\t\t\t<div class=\"elementor-widget-container\">\n\t\t\t\t\t\t\t<h6><span style=\"text-decoration: underline;\"><strong>DOSSIERS\u00a0: <\/strong><\/span><\/h6><h6>Le programme permet analyser les co\u00fbt r\u00e9el d\u2019un projet sur base de documents et\/ou des lignes de documents et\/ou des co\u00fbts extracomptables: CONSTRUCTION, DECORATEUR,\u2026<\/h6>\t\t\t\t\t\t<\/div>\n\t\t\t\t<\/div>\n\t\t\t\t<div class=\"elementor-element elementor-element-60143e0 elementor-widget elementor-widget-text-editor\" data-id=\"60143e0\" data-element_type=\"widget\" data-widget_type=\"text-editor.default\">\n\t\t\t\t<div class=\"elementor-widget-container\">\n\t\t\t\t\t\t\t<h6><span style=\"text-decoration: underline;\"><strong>RESERVATION\u00a0: <\/strong><\/span><\/h6><h6>Le programme permet les commandes automatiques aux fournisseurs li\u00e9es aux commandes clients, cette fonctionnalit\u00e9 est tr\u00e8s utile dans tous les domaines o\u00f9 il est d\u00e9conseill\u00e9 de faire du stock : MOBILIER, INFORMATIQUE\u2026<\/h6>\t\t\t\t\t\t<\/div>\n\t\t\t\t<\/div>\n\t\t\t\t\t<\/div>\n\t\t<\/div>\n\t\t\t\t\t<\/div>\n\t\t<\/section>\n\t\t\t\t<section class=\"elementor-section elementor-top-section elementor-element elementor-element-4f5ef9c elementor-section-boxed elementor-section-height-default elementor-section-height-default\" data-id=\"4f5ef9c\" data-element_type=\"section\">\n\t\t\t\t\t\t<div class=\"elementor-container elementor-column-gap-default\">\n\t\t\t\t\t<div class=\"elementor-column elementor-col-33 elementor-top-column elementor-element elementor-element-e80adb1\" data-id=\"e80adb1\" data-element_type=\"column\">\n\t\t\t<div class=\"elementor-widget-wrap elementor-element-populated\">\n\t\t\t\t\t\t<div class=\"elementor-element elementor-element-c764f8a elementor-widget elementor-widget-text-editor\" data-id=\"c764f8a\" data-element_type=\"widget\" data-widget_type=\"text-editor.default\">\n\t\t\t\t<div class=\"elementor-widget-container\">\n\t\t\t\t\t\t\t<h6><span style=\"text-decoration: underline;\"><strong>CONTACT\u00a0: <\/strong><\/span><\/h6><h6>Cet onglet suppl\u00e9mentaire dans les signal\u00e9tiques tiers, permet de g\u00e9rer les diff\u00e9rentes adresses de livraison ou fiche d\u2019enregistrement de donn\u00e9es relatives aux v\u00e9hicules de la soci\u00e9t\u00e9 pour les GARAGISTES. Ou tout autre \u00e9l\u00e9ment relatif \u00e0 la fiche du client tel que une proth\u00e8se (PROTHESISTES) ou autre \u00e9l\u00e9ment m\u00e9dical<\/h6>\t\t\t\t\t\t<\/div>\n\t\t\t\t<\/div>\n\t\t\t\t\t<\/div>\n\t\t<\/div>\n\t\t\t\t<div class=\"elementor-column elementor-col-33 elementor-top-column elementor-element elementor-element-c3f2aa6\" data-id=\"c3f2aa6\" data-element_type=\"column\">\n\t\t\t<div class=\"elementor-widget-wrap elementor-element-populated\">\n\t\t\t\t\t\t<div class=\"elementor-element elementor-element-d3dc17f elementor-widget elementor-widget-text-editor\" data-id=\"d3dc17f\" data-element_type=\"widget\" data-widget_type=\"text-editor.default\">\n\t\t\t\t<div class=\"elementor-widget-container\">\n\t\t\t\t\t\t\t<h6><span style=\"text-decoration: underline;\"><strong>SCANNER A MAIN\u00a0: <\/strong><\/span><\/h6><h6>Ce syst\u00e8me permet d&rsquo;utiliser une douchette pour \u00e9tablir des documents : que cela soit des documents tiers ou pour les inventaires.<\/h6>\t\t\t\t\t\t<\/div>\n\t\t\t\t<\/div>\n\t\t\t\t\t<\/div>\n\t\t<\/div>\n\t\t\t\t<div class=\"elementor-column elementor-col-33 elementor-top-column elementor-element elementor-element-182f4eb\" data-id=\"182f4eb\" data-element_type=\"column\">\n\t\t\t<div class=\"elementor-widget-wrap elementor-element-populated\">\n\t\t\t\t\t\t<div class=\"elementor-element elementor-element-c099ca0 elementor-widget elementor-widget-text-editor\" data-id=\"c099ca0\" data-element_type=\"widget\" data-widget_type=\"text-editor.default\">\n\t\t\t\t<div class=\"elementor-widget-container\">\n\t\t\t\t\t\t\t<h6><span style=\"text-decoration: underline;\"><strong>ET ENCORE :<\/strong><\/span><br \/>\u2192\u00a0Backorders, apurements entiers ou partiels de diff\u00e9rents (types de) documents et documents types\/mod\u00e8les <br \/><span style=\"letter-spacing: 0.4px;\">\u2192\u00a0<\/span>Calcul des marges <br \/><span style=\"letter-spacing: 0.4px;\">\u2192\u00a0<\/span>Calcul des surfaces <br \/><span style=\"letter-spacing: 0.4px;\">\u2192\u00a0<\/span>Dossier suppl\u00e9mentaire <br \/><span style=\"letter-spacing: 0.4px;\">\u2192\u00a0<\/span>EDI (Edifact) <br \/><span style=\"letter-spacing: 0.4px;\">\u2192\u00a0<\/span>Import de donn\u00e9es, modifications des r\u00e9f\u00e9rences (article, client et\/ou fournisseur), \u00e9tiquettes avec codes-\u00e0-barre <br \/><span style=\"letter-spacing: 0.4px;\">\u2192\u00a0<\/span>Mafact Advantage Database Server <br \/><span style=\"letter-spacing: 0.4px;\">\u2192\u00a0<\/span>Multifournisseur (Plusieurs prix d&rsquo;achat et\/ou diff\u00e9rents fournisseurs par article) <br \/><span style=\"letter-spacing: 0.4px;\">\u2192\u00a0<\/span>Offres et prospects <br \/><span style=\"letter-spacing: 0.4px;\">\u2192\u00a0<\/span>Poste suppl\u00e9mentaire <br \/><span style=\"letter-spacing: 0.4px;\">\u2192 S<\/span>atellites (Sites d\u00e9centralis\u00e9s et\/ou postes itin\u00e9rants) <br \/><span style=\"letter-spacing: 0.4px;\">\u2192\u00a0<\/span>&#8230;<\/h6>\t\t\t\t\t\t<\/div>\n\t\t\t\t<\/div>\n\t\t\t\t\t<\/div>\n\t\t<\/div>\n\t\t\t\t\t<\/div>\n\t\t<\/section>\n\t\t\t\t<section class=\"elementor-section elementor-top-section elementor-element elementor-element-2a6e08c elementor-section-boxed elementor-section-height-default elementor-section-height-default\" data-id=\"2a6e08c\" data-element_type=\"section\">\n\t\t\t\t\t\t<div class=\"elementor-container elementor-column-gap-default\">\n\t\t\t\t\t<div class=\"elementor-column elementor-col-50 elementor-top-column elementor-element elementor-element-f783434\" data-id=\"f783434\" data-element_type=\"column\">\n\t\t\t<div class=\"elementor-widget-wrap\">\n\t\t\t\t\t\t\t<\/div>\n\t\t<\/div>\n\t\t\t\t<div class=\"elementor-column elementor-col-50 elementor-top-column elementor-element elementor-element-b9887e0\" data-id=\"b9887e0\" data-element_type=\"column\">\n\t\t\t<div class=\"elementor-widget-wrap\">\n\t\t\t\t\t\t\t<\/div>\n\t\t<\/div>\n\t\t\t\t\t<\/div>\n\t\t<\/section>\n\t\t\t\t<\/div>\n\t\t","protected":false},"excerpt":{"rendered":"<p>Retour Mafact Full Modules suppl\u00e9mentaires Mafact Full ABONNEMENT\u00a0: Permet la g\u00e9n\u00e9ration automatique de factures p\u00e9riodiques, utilis\u00e9 dans les secteurs tels que L\u2019IMMOBILIER afin d\u2019\u00e9tablir les loyers, les entreprises qui proposent un service d\u2019entretien \/ service technique (L\u2019INFORMATIQUE, NETTOYAGE \/ ENTRETIEN DE LOCAUX, LES RAMONEURS, LES PLOMBIERS \u2026). Le suivi des diff\u00e9rents membres \/ affili\u00e9s, et &#8230; <a title=\"Modules suppl\u00e9mentaires mafact full\" class=\"read-more\" href=\"https:\/\/www.mafact.com\/index.php\/modules-supplementaires-mafact-full\/\" aria-label=\"More on Modules suppl\u00e9mentaires mafact full\">Lire la suite<\/a><\/p>\n","protected":false},"author":1,"featured_media":0,"parent":0,"menu_order":0,"comment_status":"closed","ping_status":"closed","template":"","meta":{"footnotes":""},"_links":{"self":[{"href":"https:\/\/www.mafact.com\/index.php\/wp-json\/wp\/v2\/pages\/919"}],"collection":[{"href":"https:\/\/www.mafact.com\/index.php\/wp-json\/wp\/v2\/pages"}],"about":[{"href":"https:\/\/www.mafact.com\/index.php\/wp-json\/wp\/v2\/types\/page"}],"author":[{"embeddable":true,"href":"https:\/\/www.mafact.com\/index.php\/wp-json\/wp\/v2\/users\/1"}],"replies":[{"embeddable":true,"href":"https:\/\/www.mafact.com\/index.php\/wp-json\/wp\/v2\/comments?post=919"}],"version-history":[{"count":27,"href":"https:\/\/www.mafact.com\/index.php\/wp-json\/wp\/v2\/pages\/919\/revisions"}],"predecessor-version":[{"id":2987,"href":"https:\/\/www.mafact.com\/index.php\/wp-json\/wp\/v2\/pages\/919\/revisions\/2987"}],"wp:attachment":[{"href":"https:\/\/www.mafact.com\/index.php\/wp-json\/wp\/v2\/media?parent=919"}],"curies":[{"name":"wp","href":"https:\/\/api.w.org\/{rel}","templated":true}]}}