{"id":913,"date":"2019-04-26T13:50:01","date_gmt":"2019-04-26T11:50:01","guid":{"rendered":"http:\/\/www.mafact.com\/?page_id=913"},"modified":"2022-07-01T22:15:52","modified_gmt":"2022-07-01T20:15:52","slug":"module-de-base","status":"publish","type":"page","link":"https:\/\/www.mafact.com\/index.php\/module-de-base\/","title":{"rendered":"Module de base Mafact full"},"content":{"rendered":"\t\t<div data-elementor-type=\"wp-page\" data-elementor-id=\"913\" class=\"elementor elementor-913\">\n\t\t\t\t\t\t<section class=\"elementor-section elementor-top-section elementor-element elementor-element-e609b1a elementor-section-boxed elementor-section-height-default elementor-section-height-default\" data-id=\"e609b1a\" data-element_type=\"section\">\n\t\t\t\t\t\t<div class=\"elementor-container elementor-column-gap-default\">\n\t\t\t\t\t<div class=\"elementor-column elementor-col-100 elementor-top-column elementor-element elementor-element-9b33e2f\" data-id=\"9b33e2f\" data-element_type=\"column\">\n\t\t\t<div class=\"elementor-widget-wrap elementor-element-populated\">\n\t\t\t\t\t\t<div class=\"elementor-element elementor-element-31e4747 elementor-widget__width-initial elementor-absolute elementor-widget elementor-widget-button\" data-id=\"31e4747\" data-element_type=\"widget\" data-settings=\"{&quot;_position&quot;:&quot;absolute&quot;}\" data-widget_type=\"button.default\">\n\t\t\t\t<div class=\"elementor-widget-container\">\n\t\t\t\t\t\t\t<div class=\"elementor-button-wrapper\">\n\t\t\t\t\t<a class=\"elementor-button elementor-button-link elementor-size-sm\" href=\"http:\/\/www.mafact.com\/index.php\/mafact-full-2\/\">\n\t\t\t\t\t\t<span class=\"elementor-button-content-wrapper\">\n\t\t\t\t\t\t<span class=\"elementor-button-icon\">\n\t\t\t\t<svg aria-hidden=\"true\" class=\"e-font-icon-svg e-fas-arrow-circle-left\" viewBox=\"0 0 512 512\" xmlns=\"http:\/\/www.w3.org\/2000\/svg\"><path d=\"M256 504C119 504 8 393 8 256S119 8 256 8s248 111 248 248-111 248-248 248zm28.9-143.6L209.4 288H392c13.3 0 24-10.7 24-24v-16c0-13.3-10.7-24-24-24H209.4l75.5-72.4c9.7-9.3 9.9-24.8.4-34.3l-11-10.9c-9.4-9.4-24.6-9.4-33.9 0L107.7 239c-9.4 9.4-9.4 24.6 0 33.9l132.7 132.7c9.4 9.4 24.6 9.4 33.9 0l11-10.9c9.5-9.5 9.3-25-.4-34.3z\"><\/path><\/svg>\t\t\t<\/span>\n\t\t\t\t\t\t\t\t\t<span class=\"elementor-button-text\">Retour Mafact Full<\/span>\n\t\t\t\t\t<\/span>\n\t\t\t\t\t<\/a>\n\t\t\t\t<\/div>\n\t\t\t\t\t\t<\/div>\n\t\t\t\t<\/div>\n\t\t\t\t\t<\/div>\n\t\t<\/div>\n\t\t\t\t\t<\/div>\n\t\t<\/section>\n\t\t\t\t<section class=\"elementor-section elementor-top-section elementor-element elementor-element-f8621f5 elementor-section-boxed elementor-section-height-default elementor-section-height-default\" data-id=\"f8621f5\" data-element_type=\"section\">\n\t\t\t\t\t\t<div class=\"elementor-container elementor-column-gap-default\">\n\t\t\t\t\t<div class=\"elementor-column elementor-col-100 elementor-top-column elementor-element elementor-element-956b526\" data-id=\"956b526\" data-element_type=\"column\">\n\t\t\t<div class=\"elementor-widget-wrap elementor-element-populated\">\n\t\t\t\t\t\t<div class=\"elementor-element elementor-element-c898354 elementor-widget elementor-widget-heading\" data-id=\"c898354\" data-element_type=\"widget\" data-widget_type=\"heading.default\">\n\t\t\t\t<div class=\"elementor-widget-container\">\n\t\t\t<h2 class=\"elementor-heading-title elementor-size-default\">Module de base Mafact Full<\/h2>\t\t<\/div>\n\t\t\t\t<\/div>\n\t\t\t\t\t<\/div>\n\t\t<\/div>\n\t\t\t\t\t<\/div>\n\t\t<\/section>\n\t\t\t\t<section class=\"elementor-section elementor-top-section elementor-element elementor-element-061b1b4 elementor-section-boxed elementor-section-height-default elementor-section-height-default\" data-id=\"061b1b4\" data-element_type=\"section\">\n\t\t\t\t\t\t<div class=\"elementor-container elementor-column-gap-default\">\n\t\t\t\t\t<div class=\"elementor-column elementor-col-100 elementor-top-column elementor-element elementor-element-38d1ea8\" data-id=\"38d1ea8\" data-element_type=\"column\">\n\t\t\t<div class=\"elementor-widget-wrap elementor-element-populated\">\n\t\t\t\t\t\t<div class=\"elementor-element elementor-element-9158215 elementor-widget elementor-widget-text-editor\" data-id=\"9158215\" data-element_type=\"widget\" data-widget_type=\"text-editor.default\">\n\t\t\t\t<div class=\"elementor-widget-container\">\n\t\t\t\t\t\t\t<p>Il s&rsquo;agit du module central de la gestion.<br \/>Les \u00e9crans d\u2019encodage sont disponibles en 7 langues (fran\u00e7ais, n\u00e9erlandais, anglais, allemand, italien, espagnol et portugais). Le manuel est au format PDF, en fran\u00e7ais et en n\u00e9erlandais.<br \/>Les fichiers sont de type DBF avec index CDX et la structure des fichiers est enti\u00e8rement mise \u00e0 la disposition des utilisateurs.<\/p><h3><b><span style=\"font-family: amethysta;\">Vente<\/span><\/b><\/h3><p>MAFACT dispose d&rsquo;un suivi commercial qui d\u00e9bute d\u00e8s l&rsquo;enregistrement d&rsquo;une commande client. Une date demand\u00e9e et une date promise affine cette mise en route. Le nombre de journaux est illimit\u00e9; les diff\u00e9rents types sont: commande client, note d&rsquo;envoi, bon de retour, facture et note de cr\u00e9dit. Ces journaux sont associ\u00e9s ou non \u00e0 une imprimante, un ticket de caisse, \u00e0 une localisation de stock ou \u00e0 un layout particulier. Les documents sont \u00e9tablis, par encodage manuel (les zones d&rsquo;encodage peuvent \u00eatre bloqu\u00e9es afin d&rsquo;augmenter la vitesse de traitement), par simple cl\u00f4ture (avec ou sans maintien du document source), et par regroupement (avec \u00e9mission d&rsquo;un ou plusieurs documents par client). Le programme permet de g\u00e9rer les consignations sur une ou plusieurs localisations de stock. La cr\u00e9ation d&rsquo;un document peut s&rsquo;effectuer sur base de la r\u00e9f\u00e9rence article, de la d\u00e9signation, du code \u00e0 barres et de la r\u00e9f\u00e9rence particuli\u00e8re du client.<\/p><h3><b><span style=\"font-family: amethysta;\">Client<\/span><\/b><\/h3><p>A partir des fiches clients d\u00e9j\u00e0 tr\u00e8s compl\u00e8tes mais disposant en plus de 16 zones param\u00e9trables, des fonctions tr\u00e8s facilement accessibles permettent d&rsquo;obtenir imm\u00e9diatement: le chiffre d&rsquo;affaires sans limite d&rsquo;ann\u00e9es, les historiques avec d\u00e9tails, le d\u00e9tail des en-cours, le calcul du prix sp\u00e9cifique en quantit\u00e9 et en devise, \u2026. Ouverture automatique du programme mail et acc\u00e8s direct au site URL du client. Les deux types d&rsquo;escompte (d\u00e9duit ou \u00e0 d\u00e9duire) sont d\u00e9finis par client de m\u00eame que l&rsquo;impression de la certification officielle en toutes lettres.<\/p><h3><b><span style=\"font-family: amethysta;\">Repr\u00e9sentant<\/span><\/b><\/h3><p>A partir des fiches repr\u00e9sentant d\u00e9j\u00e0 tr\u00e8s compl\u00e8tes mais disposant en plus de 16 zones param\u00e9trables, des fonctions tr\u00e8s facilement accessibles permettent d&rsquo;obtenir imm\u00e9diatement: le chiffre d&rsquo;affaires sans limite d&rsquo;ann\u00e9es et un calcul de commission (remise en pourcentage sur vente \/ achat \/ marge et \u00e0 partir d&rsquo;un article, d&rsquo;une gamme, d&rsquo;une cat\u00e9gorie, d&rsquo;un groupe, d&rsquo;une marque ou &#8230;). La gestion des repr\u00e9sentants s&rsquo;effectue par document et \/ ou par ligne du document en fonction ou non de la mention associ\u00e9e au client.\u00a0 <b><br \/><\/b><\/p><h3><b><span style=\"font-family: amethysta;\">Achat<\/span><\/b><\/h3><p>Comme pour les ventes, la gestion commence d\u00e8s l&rsquo;enregistrement d&rsquo;une commande fournisseur. Une date demand\u00e9e et une date promise affine cette mise en route. Le nombre de journaux est illimit\u00e9; les diff\u00e9rents types sont: commande fournisseur, bon de livraison, bon de retour, facture et note de cr\u00e9dit. Ces journaux sont associ\u00e9s ou non \u00e0 une imprimante, un ticket de caisse, \u00e0 une localisation de stock ou \u00e0 un layout particulier. Les documents sont \u00e9tablis par encodage manuel (les zones d&rsquo;encodage peuvent \u00eatre bloqu\u00e9es afin d&rsquo;augmenter la vitesse de traitement), par simple cl\u00f4ture (avec ou sans maintien du document source), par une proposition de commande fournisseur g\u00e9n\u00e9r\u00e9e sur base d\u2019une formule de calcul param\u00e9trable, en gestion statique ou en gestion dynamique (avec ou sans date limite) et en lien avec un document client . La cr\u00e9ation d&rsquo;un document peut s&rsquo;effectuer sur base de la r\u00e9f\u00e9rence article, de la d\u00e9signation, du code \u00e0 barres et de la r\u00e9f\u00e9rence particuli\u00e8re du fournisseur.<\/p><h3><b><span style=\"font-family: amethysta;\">Fournisseur<\/span><\/b><\/h3><p>A partir des fiches fournisseur d\u00e9j\u00e0 tr\u00e8s compl\u00e8tes mais disposant en plus de 16 zones param\u00e9trables, des fonctions tr\u00e8s facilement accessibles permettent d&rsquo;obtenir imm\u00e9diatement: le chiffre d&rsquo;affaires sans limite d&rsquo;ann\u00e9es, les historiques avec d\u00e9tails, le d\u00e9tail des en-cours,\u2026 Ouverture automatique du programme mail et acc\u00e8s direct au site Internet du fournisseur.<\/p><h3><b><span style=\"font-family: amethysta;\">Stock<\/span><\/b><\/h3><p>La modification du stock s&rsquo;effectue d\u00e8s l&rsquo;enregistrement de la ligne d&rsquo;un document, ce qui assure l&rsquo;information la plus r\u00e9cente m\u00eame si plusieurs utilisateurs travaillent simultan\u00e9ment dans le programme. Il n&rsquo;y a pas de limitation dans la cr\u00e9ation des localisations de stocks (avec ou sans gestion de stock). Il en est de m\u00eame pour le nombre d&#8217;emplacements par localisation. Les quantit\u00e9s minimum et maximum peuvent \u00eatre calcul\u00e9es pour tous les emplacements ou par emplacement. Des documents de type mouvement (li\u00e9s ou non \u00e0 un client ou \u00e0 un fournisseur) permettent les transferts de stocks (syst\u00e8me de cr\u00e9ation automatique de la deuxi\u00e8me ligne), les r\u00e9gularisations, \u2026. Ces documents sont \u00e9tablis par encodage manuel (les zones d&rsquo;encodage peuvent \u00eatre bloqu\u00e9es afin d&rsquo;augmenter la vitesse de traitement). Des documents de type inventaire, sont encod\u00e9s manuellement ou cr\u00e9\u00e9s automatique par le programme (valeur LAST ou en valeur FIFO ou valeur achat fiche article), \u00e0 n&rsquo;importe quel moment de l&rsquo;ann\u00e9e.<\/p><h3><b><span style=\"font-family: amethysta;\">Article<\/span><\/b><\/h3><p>A partir des fiches articles tr\u00e8s d\u00e9taill\u00e9es et disposant de 16 zones param\u00e9trables, des fonctions tr\u00e8s facilement accessibles permettent d&rsquo;obtenir imm\u00e9diatement: le chiffre d&rsquo;affaires sans limite d&rsquo;ann\u00e9es, les historiques avec d\u00e9tails, le d\u00e9tail des en-cours. Un onglet est pr\u00e9vu pour l&rsquo;affichage en d\u00e9tail des divers \u00e9tats de stocks et permet ainsi un suivi pr\u00e9cis de la gestion. Le programme affiche ainsi la quantit\u00e9 en inventaire, le solde disponible et le solde \u00e0 terme (ainsi que le d\u00e9tail amenant \u00e0 ces quantit\u00e9s: en cours de commande, en cours de note d&rsquo;envoi, en cours de livraison\u2026). Un article peut \u00eatre d\u00e9crit en un nombre quasi-illimit\u00e9 de langues et sans qu&rsquo;il y ait de limites de caract\u00e8res. La description peut \u00eatre de type g\u00e9n\u00e9rique, associ\u00e9e \u00e0 un client et \/ ou associ\u00e9e \u00e0 un fournisseur. Plusieurs types de codes \u00e0 barres sont pr\u00e9vus; l&rsquo;encodage des documents peut s&rsquo;effectuer avec ou sans douchette-clavier, sur base de cet \u00e9l\u00e9ment. Par article, outre l&rsquo;unit\u00e9 de stockage, le programme pr\u00e9voit une unit\u00e9 de vente (li\u00e9e \u00e0 la gestion du prix) soit \u00e0 l&rsquo;unit\u00e9 de base, au poids, \u00e0 la surface, au volume ou \u00e0 la longueur. De plus, une gestion des emballages (bo\u00eete, palette, \u2026) permet un encodage rapide en entr\u00e9e et sortie des marchandises. Par article, outre l&rsquo;unit\u00e9 de stockage, le programme pr\u00e9voit une unit\u00e9 de vente soit \u00e0 l&rsquo;unit\u00e9 de base, au poids, \u00e0 la surface, au volume ou \u00e0 la longueur. Durant l&rsquo;encodage, lorsque l&rsquo;article pr\u00e9voit une unit\u00e9 de vente \u00e0 la surface, un menu permet d&rsquo;introduire la hauteur et la largeur (la surface) et la profondeur (le volume). Celle-ci multipli\u00e9e au prix unitaire donnera le prix net total. Les dimensions sont m\u00e9moris\u00e9es dans un fichier distinct, li\u00e9 au fichier des mouvements. Les prix sont affich\u00e9s en devise de base et en devise alternative. Le programme pr\u00e9voit une gestion d&rsquo;articles remplac\u00e9s et \/ ou bloqu\u00e9s. Le prix d&rsquo;achat de revient est un prix calcul\u00e9 sur base d&rsquo;un pourcentage, fix\u00e9 en fonction de l&rsquo;article, de la gamme ou du fournisseur. En ce qui concerne le prix d&rsquo;achat, le programme affiche dans les deux devises, le prix minimum, le prix maximum et le dernier prix encod\u00e9. Ces valeurs sont mises \u00e0 jour, par la cr\u00e9ation du bon de livraison et \/ ou de la facture d&rsquo;achat.<\/p><h3><b><span style=\"font-family: amethysta;\">Prix<\/span><\/b><\/h3><p>La gestion des prix est tr\u00e8s \u00e9labor\u00e9e. Elle s&rsquo;effectue par client, par cat\u00e9gorie de client ou pour tous les clients, par article, par gamme d&rsquo;article ou groupe d&rsquo;articles, en pourcentage, en prix net ou en prix brut avec pourcentage, en liaison ou non avec une quantit\u00e9, \u2026 La mise \u00e0 jour des prix de vente peut s&rsquo;effectuer sur base du dernier prix d&rsquo;achat, du prix d&rsquo;achat de revient, du dernier prix de vente, d&rsquo;une marge up, ou d&rsquo;une marge down.<\/p><h3><b><span style=\"font-family: amethysta;\">Transporteur<\/span><\/b><\/h3><p>Mafact permet d&rsquo;ajouter \u00e0 un document un co\u00fbt de transport, fonction de codes de prix associ\u00e9s \u00e0 un code transporteur. Le prix du transport peut \u00eatre li\u00e9 au nombre total d&rsquo;unit\u00e9 de base, au poids total, \u00e0 la longueur totale, \u00e0 la surface totale, ou au volume total. Un compte d&rsquo;imputation et un code de TVA distinct sont li\u00e9s \u00e0 ce prix.<\/p><h3><b><span style=\"font-family: amethysta;\">Payement<\/span><\/b><\/h3><p>Mafact permet d&rsquo;associer un payement avec une facture, quelle que soit la devise de payement. Un fichier permet la cr\u00e9ation de modes de payements personnalis\u00e9s. Il est possible d&rsquo;imprimer des listes d\u00e9taill\u00e9es ou non des sommes obtenues par type de payement, par jour ou par mois.<\/p><h3><b><span style=\"font-family: amethysta;\">Statistiques<\/span><\/b><\/h3><p>Toutes les listes (plus de 700) sont \u00e9tablies avec le logiciel CRYSTAL REPORTS 2008 (marque d\u00e9pos\u00e9e par SAP) et sont susceptibles d&rsquo;\u00eatre modifi\u00e9es par l&rsquo;utilisateur (qui disposerait de ce programme). Une pr\u00e9visualisation est possible avant l&rsquo;impression et l&rsquo;exportation peut s&rsquo;effectuer vers un fichier (Word, Excel, Ascii, Html, \u2026.) avec ou sans ouverture de l\u2019application, ou vers Mapi (Outlook). Le programme dispose de listes sur les fichiers de base, de contr\u00f4les mensuels \/ journaliers \/ de liaison, de statistiques de vente et d&rsquo;achat par client, fournisseur, article et repr\u00e9sentant, de listes des encours, de listes de prix (sp\u00e9cifiques ou non), de listes d&rsquo;inventaire, avec ou sans valorisation, avec ou sans d\u00e9pr\u00e9ciation sur 5 ann\u00e9es, \u2026.<\/p><h3><b><span style=\"font-family: amethysta;\">Liaisons comptables<\/span><\/b><\/h3><p>Les factures et les notes de cr\u00e9dit (client et fournisseur) sont susceptibles d&rsquo;\u00eatre li\u00e9es \u00e0 diverses comptabilit\u00e9s dont WINBOOKS. Un export g\u00e9n\u00e9rique est \u00e9galement pr\u00e9vu. Les liaisons peuvent \u00eatre directes (sur le m\u00eame site) ou d\u00e9centralis\u00e9es (comptable externe). Des codes d&rsquo;exportation sont pr\u00e9vus pour accorder MAFACT et la comptabilit\u00e9 et cela tant au niveau des codes de TVA, des codes journaux, que des codes client \/ fournisseur. Le programme exporte \u00e9galement des donn\u00e9es analytiques.<\/p>\t\t\t\t\t\t<\/div>\n\t\t\t\t<\/div>\n\t\t\t\t\t<\/div>\n\t\t<\/div>\n\t\t\t\t\t<\/div>\n\t\t<\/section>\n\t\t\t\t<\/div>\n\t\t","protected":false},"excerpt":{"rendered":"<p>Retour Mafact Full Module de base Mafact Full Il s&rsquo;agit du module central de la gestion.Les \u00e9crans d\u2019encodage sont disponibles en 7 langues (fran\u00e7ais, n\u00e9erlandais, anglais, allemand, italien, espagnol et portugais). Le manuel est au format PDF, en fran\u00e7ais et en n\u00e9erlandais.Les fichiers sont de type DBF avec index CDX et la structure des fichiers &#8230; <a title=\"Module de base Mafact full\" class=\"read-more\" href=\"https:\/\/www.mafact.com\/index.php\/module-de-base\/\" aria-label=\"More on Module de base Mafact full\">Lire la suite<\/a><\/p>\n","protected":false},"author":1,"featured_media":0,"parent":0,"menu_order":0,"comment_status":"closed","ping_status":"closed","template":"","meta":{"footnotes":""},"_links":{"self":[{"href":"https:\/\/www.mafact.com\/index.php\/wp-json\/wp\/v2\/pages\/913"}],"collection":[{"href":"https:\/\/www.mafact.com\/index.php\/wp-json\/wp\/v2\/pages"}],"about":[{"href":"https:\/\/www.mafact.com\/index.php\/wp-json\/wp\/v2\/types\/page"}],"author":[{"embeddable":true,"href":"https:\/\/www.mafact.com\/index.php\/wp-json\/wp\/v2\/users\/1"}],"replies":[{"embeddable":true,"href":"https:\/\/www.mafact.com\/index.php\/wp-json\/wp\/v2\/comments?post=913"}],"version-history":[{"count":21,"href":"https:\/\/www.mafact.com\/index.php\/wp-json\/wp\/v2\/pages\/913\/revisions"}],"predecessor-version":[{"id":2832,"href":"https:\/\/www.mafact.com\/index.php\/wp-json\/wp\/v2\/pages\/913\/revisions\/2832"}],"wp:attachment":[{"href":"https:\/\/www.mafact.com\/index.php\/wp-json\/wp\/v2\/media?parent=913"}],"curies":[{"name":"wp","href":"https:\/\/api.w.org\/{rel}","templated":true}]}}