{"id":811,"date":"2019-04-15T15:52:09","date_gmt":"2019-04-15T13:52:09","guid":{"rendered":"http:\/\/www.mafact.com\/?page_id=811"},"modified":"2022-07-05T09:34:14","modified_gmt":"2022-07-05T07:34:14","slug":"supplement-logistics","status":"publish","type":"page","link":"https:\/\/www.mafact.com\/index.php\/supplement-logistics\/","title":{"rendered":"Supplement logistics"},"content":{"rendered":"\t\t<div data-elementor-type=\"wp-post\" data-elementor-id=\"811\" class=\"elementor elementor-811\">\n\t\t\t\t\t\t<section class=\"elementor-section elementor-top-section elementor-element elementor-element-96a456a elementor-section-boxed elementor-section-height-default elementor-section-height-default\" data-id=\"96a456a\" data-element_type=\"section\">\n\t\t\t\t\t\t<div class=\"elementor-container elementor-column-gap-default\">\n\t\t\t\t\t<div class=\"elementor-column elementor-col-100 elementor-top-column elementor-element elementor-element-9ae60b5\" data-id=\"9ae60b5\" data-element_type=\"column\">\n\t\t\t<div class=\"elementor-widget-wrap elementor-element-populated\">\n\t\t\t\t\t\t<div class=\"elementor-element elementor-element-bd1e996 elementor-widget__width-initial elementor-absolute elementor-widget elementor-widget-button\" data-id=\"bd1e996\" data-element_type=\"widget\" data-settings=\"{&quot;_position&quot;:&quot;absolute&quot;}\" data-widget_type=\"button.default\">\n\t\t\t\t<div class=\"elementor-widget-container\">\n\t\t\t\t\t\t\t<div class=\"elementor-button-wrapper\">\n\t\t\t\t\t<a class=\"elementor-button elementor-button-link elementor-size-sm\" href=\"http:\/\/www.mafact.com\/index.php\/logistics\/\">\n\t\t\t\t\t\t<span class=\"elementor-button-content-wrapper\">\n\t\t\t\t\t\t<span class=\"elementor-button-icon\">\n\t\t\t\t<svg aria-hidden=\"true\" class=\"e-font-icon-svg e-fas-arrow-circle-left\" viewBox=\"0 0 512 512\" xmlns=\"http:\/\/www.w3.org\/2000\/svg\"><path d=\"M256 504C119 504 8 393 8 256S119 8 256 8s248 111 248 248-111 248-248 248zm28.9-143.6L209.4 288H392c13.3 0 24-10.7 24-24v-16c0-13.3-10.7-24-24-24H209.4l75.5-72.4c9.7-9.3 9.9-24.8.4-34.3l-11-10.9c-9.4-9.4-24.6-9.4-33.9 0L107.7 239c-9.4 9.4-9.4 24.6 0 33.9l132.7 132.7c9.4 9.4 24.6 9.4 33.9 0l11-10.9c9.5-9.5 9.3-25-.4-34.3z\"><\/path><\/svg>\t\t\t<\/span>\n\t\t\t\t\t\t\t\t\t<span class=\"elementor-button-text\">Retour Logistics<\/span>\n\t\t\t\t\t<\/span>\n\t\t\t\t\t<\/a>\n\t\t\t\t<\/div>\n\t\t\t\t\t\t<\/div>\n\t\t\t\t<\/div>\n\t\t\t\t\t<\/div>\n\t\t<\/div>\n\t\t\t\t\t<\/div>\n\t\t<\/section>\n\t\t\t\t<section class=\"elementor-section elementor-top-section elementor-element elementor-element-fd1fed7 elementor-section-boxed elementor-section-height-default elementor-section-height-default\" data-id=\"fd1fed7\" data-element_type=\"section\">\n\t\t\t\t\t\t<div class=\"elementor-container elementor-column-gap-default\">\n\t\t\t\t\t<div class=\"elementor-column elementor-col-100 elementor-top-column elementor-element elementor-element-6911279\" data-id=\"6911279\" data-element_type=\"column\">\n\t\t\t<div class=\"elementor-widget-wrap elementor-element-populated\">\n\t\t\t\t\t\t<div class=\"elementor-element elementor-element-f0357ec elementor-widget elementor-widget-heading\" data-id=\"f0357ec\" data-element_type=\"widget\" data-widget_type=\"heading.default\">\n\t\t\t\t<div class=\"elementor-widget-container\">\n\t\t\t<h2 class=\"elementor-heading-title elementor-size-default\">Modules suppl\u00e9mentaires Logistics<\/h2>\t\t<\/div>\n\t\t\t\t<\/div>\n\t\t\t\t\t<\/div>\n\t\t<\/div>\n\t\t\t\t\t<\/div>\n\t\t<\/section>\n\t\t\t\t<section class=\"elementor-section elementor-top-section elementor-element elementor-element-a199997 elementor-section-boxed elementor-section-height-default elementor-section-height-default\" data-id=\"a199997\" data-element_type=\"section\">\n\t\t\t\t\t\t<div class=\"elementor-container elementor-column-gap-default\">\n\t\t\t\t\t<div class=\"elementor-column elementor-col-100 elementor-top-column elementor-element elementor-element-bda85d9\" data-id=\"bda85d9\" data-element_type=\"column\">\n\t\t\t<div class=\"elementor-widget-wrap elementor-element-populated\">\n\t\t\t\t\t\t<div class=\"elementor-element elementor-element-0fd12dd elementor-widget elementor-widget-text-editor\" data-id=\"0fd12dd\" data-element_type=\"widget\" data-widget_type=\"text-editor.default\">\n\t\t\t\t<div class=\"elementor-widget-container\">\n\t\t\t\t\t\t\t<h6><strong>Transformez votre facturation en v\u00e9ritable ERP en y ajoutant :<\/strong><\/h6>\t\t\t\t\t\t<\/div>\n\t\t\t\t<\/div>\n\t\t\t\t\t<\/div>\n\t\t<\/div>\n\t\t\t\t\t<\/div>\n\t\t<\/section>\n\t\t\t\t<section class=\"elementor-section elementor-top-section elementor-element elementor-element-5ad4bee elementor-section-boxed elementor-section-height-default elementor-section-height-default\" data-id=\"5ad4bee\" data-element_type=\"section\">\n\t\t\t\t\t\t<div class=\"elementor-container elementor-column-gap-default\">\n\t\t\t\t\t<div class=\"elementor-column elementor-col-100 elementor-top-column elementor-element elementor-element-7315a89\" data-id=\"7315a89\" data-element_type=\"column\">\n\t\t\t<div class=\"elementor-widget-wrap elementor-element-populated\">\n\t\t\t\t\t\t<div class=\"elementor-element elementor-element-a37f5f1 elementor-widget elementor-widget-text-editor\" data-id=\"a37f5f1\" data-element_type=\"widget\" data-widget_type=\"text-editor.default\">\n\t\t\t\t<div class=\"elementor-widget-container\">\n\t\t\t\t\t\t\t<h6><span style=\"font-size: 16px; text-align: justify;\">\u2192<\/span><span style=\"font-size: 16px; text-align: justify;\">&nbsp;<\/span>le tout nouveau module <b>CRM<\/b> qui vous permettra de suivre vos prospects et vos clients&nbsp;<\/h6>\n<h6>\u2192<span style=\"font-size: 16px; text-align: justify;\">&nbsp;<\/span>la gestion des <b>commandes <\/b>pour ne rien oublier et pouvoir planifier&nbsp;<\/h6>\n<h6><span style=\"font-size: 16px; text-align: justify;\">\u2192<\/span><span style=\"font-size: 16px; text-align: justify;\">&nbsp;<\/span>la gestion des<b> stocks<\/b>&nbsp;<\/h6>\n<h6>\u2192<span style=\"font-size: 16px; text-align: justify;\">&nbsp;<\/span>le module de <b>gestion des lots et n\u00b0 de s\u00e9rie<\/b> si vous avez besoin de tra\u00e7abilit\u00e9&nbsp;<\/h6>\n<h6><span style=\"font-size: 16px; text-align: justify;\">\u2192<\/span><span style=\"font-size: 16px; text-align: justify;\">&nbsp;<\/span>les articles <b>compos\u00e9s<\/b> pour vos bundels commerciaux&nbsp;<\/h6>\n<h6><span style=\"font-size: 16px; text-align: justify;\">\u2192<\/span><span style=\"font-size: 16px; text-align: justify;\">&nbsp;<\/span>le module de <b>production<\/b> pour calculer vos besoins en mati\u00e8res premi\u00e8res, produits semi-finis et g\u00e9n\u00e9rer vos ordres de fabrication&nbsp;<\/h6>\n<h6><span style=\"font-size: 16px; text-align: justify;\">\u2192<\/span><span style=\"font-size: 16px; text-align: justify;\">&nbsp;<\/span>la gestion des <b>paiements<\/b> si vous devez g\u00e9rer la caisse de vos points de vente ou g\u00e9rer vos rappels de paiements clients&nbsp;<\/h6>\n<h6><span style=\"font-size: 16px; text-align: justify;\">\u2192<\/span><span style=\"font-size: 16px; text-align: justify;\">&nbsp;<\/span>le module <b>tailles &amp; couleurs<\/b> pour le secteur du pr\u00eat-\u00e0-porter&nbsp;<\/h6>\n<h6><span style=\"font-size: 16px; text-align: justify;\">\u2192<\/span><span style=\"font-size: 16px; text-align: justify;\">&nbsp;<\/span>le module <b>e-Commerce<\/b> pour pr\u00e9senter votre catalogue sur internet et \u00e9ventuellement donner \u00e0 vos clients la possibilit\u00e9 de passer des commandes en ligne (B2B ou B2C) ou d&rsquo;acc\u00e9der \u00e0 des informations les concernant (backorders, factures ouvertes, &#8230;)&nbsp;<\/h6>\n<h6><span style=\"font-size: 16px; text-align: justify;\">\u2192<\/span><span style=\"font-size: 16px; text-align: justify;\">&nbsp;<\/span>le module <b>EDI<\/b> pour \u00e9changer des documents par voie \u00e9lectronique avec Delhaize, Carrefour, Makro, Gamma, &#8230;&nbsp;<\/h6>\n<h6>\u2192<span style=\"font-size: 16px; text-align: justify;\">&nbsp;<\/span>le module de gestion des <b>taxes (RECUPEL, REPROBEL, BEBAT, FOSTPLUS, &#8230;)<\/b>&nbsp;<\/h6>\n<h6><span style=\"font-size: 16px; text-align: justify;\">\u2192<\/span><span style=\"font-size: 16px; text-align: justify;\">&nbsp;<\/span>le module <b>intrastat<\/b> si vous importez ou exportez des biens et services en Union Europ\u00e9enne&nbsp;<\/h6>\n<h6><span style=\"font-size: 16px; text-align: justify;\">\u2192<\/span><span style=\"font-size: 16px; text-align: justify;\">&nbsp;<\/span>le module <b>SAV <\/b>pour suivre les r\u00e9parations&nbsp;<\/h6>\n<h6>\u2192<span style=\"font-size: 16px; text-align: justify;\">&nbsp;<\/span>la <b>r\u00e9plication<\/b> pour \u00e9changer vos informations avec vos d\u00e9l\u00e9gu\u00e9s commerciaux, vos autres sites d&rsquo;exploitations ou vos magasins<\/h6>\t\t\t\t\t\t<\/div>\n\t\t\t\t<\/div>\n\t\t\t\t\t<\/div>\n\t\t<\/div>\n\t\t\t\t\t<\/div>\n\t\t<\/section>\n\t\t\t\t<\/div>\n\t\t","protected":false},"excerpt":{"rendered":"<p>Retour Logistics Modules suppl\u00e9mentaires Logistics Transformez votre facturation en v\u00e9ritable ERP en y ajoutant : \u2192&nbsp;le tout nouveau module CRM qui vous permettra de suivre vos prospects et vos clients&nbsp; \u2192&nbsp;la gestion des commandes pour ne rien oublier et pouvoir planifier&nbsp; \u2192&nbsp;la gestion des stocks&nbsp; \u2192&nbsp;le module de gestion des lots et n\u00b0 de s\u00e9rie &#8230; <a title=\"Supplement logistics\" class=\"read-more\" href=\"https:\/\/www.mafact.com\/index.php\/supplement-logistics\/\" aria-label=\"More on Supplement logistics\">Lire la suite<\/a><\/p>\n","protected":false},"author":1,"featured_media":0,"parent":0,"menu_order":0,"comment_status":"closed","ping_status":"closed","template":"","meta":{"footnotes":""},"_links":{"self":[{"href":"https:\/\/www.mafact.com\/index.php\/wp-json\/wp\/v2\/pages\/811"}],"collection":[{"href":"https:\/\/www.mafact.com\/index.php\/wp-json\/wp\/v2\/pages"}],"about":[{"href":"https:\/\/www.mafact.com\/index.php\/wp-json\/wp\/v2\/types\/page"}],"author":[{"embeddable":true,"href":"https:\/\/www.mafact.com\/index.php\/wp-json\/wp\/v2\/users\/1"}],"replies":[{"embeddable":true,"href":"https:\/\/www.mafact.com\/index.php\/wp-json\/wp\/v2\/comments?post=811"}],"version-history":[{"count":21,"href":"https:\/\/www.mafact.com\/index.php\/wp-json\/wp\/v2\/pages\/811\/revisions"}],"predecessor-version":[{"id":2990,"href":"https:\/\/www.mafact.com\/index.php\/wp-json\/wp\/v2\/pages\/811\/revisions\/2990"}],"wp:attachment":[{"href":"https:\/\/www.mafact.com\/index.php\/wp-json\/wp\/v2\/media?parent=811"}],"curies":[{"name":"wp","href":"https:\/\/api.w.org\/{rel}","templated":true}]}}