{"id":807,"date":"2019-04-15T15:51:18","date_gmt":"2019-04-15T13:51:18","guid":{"rendered":"http:\/\/www.mafact.com\/?page_id=807"},"modified":"2022-07-01T22:02:47","modified_gmt":"2022-07-01T20:02:47","slug":"base-logistics","status":"publish","type":"page","link":"https:\/\/www.mafact.com\/index.php\/base-logistics\/","title":{"rendered":"base logistics"},"content":{"rendered":"\t\t<div data-elementor-type=\"wp-page\" data-elementor-id=\"807\" class=\"elementor elementor-807\">\n\t\t\t\t\t\t<section class=\"elementor-section elementor-top-section elementor-element elementor-element-09a7da0 elementor-section-boxed elementor-section-height-default elementor-section-height-default\" data-id=\"09a7da0\" data-element_type=\"section\">\n\t\t\t\t\t\t<div class=\"elementor-container elementor-column-gap-default\">\n\t\t\t\t\t<div class=\"elementor-column elementor-col-100 elementor-top-column elementor-element elementor-element-93cc6b7\" data-id=\"93cc6b7\" data-element_type=\"column\">\n\t\t\t<div class=\"elementor-widget-wrap elementor-element-populated\">\n\t\t\t\t\t\t<div class=\"elementor-element elementor-element-05fa933 elementor-widget__width-initial elementor-absolute elementor-widget elementor-widget-button\" data-id=\"05fa933\" data-element_type=\"widget\" data-settings=\"{&quot;_position&quot;:&quot;absolute&quot;}\" data-widget_type=\"button.default\">\n\t\t\t\t<div class=\"elementor-widget-container\">\n\t\t\t\t\t\t\t<div class=\"elementor-button-wrapper\">\n\t\t\t\t\t<a class=\"elementor-button elementor-button-link elementor-size-sm\" href=\"http:\/\/www.mafact.com\/index.php\/logistics\/\">\n\t\t\t\t\t\t<span class=\"elementor-button-content-wrapper\">\n\t\t\t\t\t\t<span class=\"elementor-button-icon\">\n\t\t\t\t<svg aria-hidden=\"true\" class=\"e-font-icon-svg e-fas-arrow-circle-left\" viewBox=\"0 0 512 512\" xmlns=\"http:\/\/www.w3.org\/2000\/svg\"><path d=\"M256 504C119 504 8 393 8 256S119 8 256 8s248 111 248 248-111 248-248 248zm28.9-143.6L209.4 288H392c13.3 0 24-10.7 24-24v-16c0-13.3-10.7-24-24-24H209.4l75.5-72.4c9.7-9.3 9.9-24.8.4-34.3l-11-10.9c-9.4-9.4-24.6-9.4-33.9 0L107.7 239c-9.4 9.4-9.4 24.6 0 33.9l132.7 132.7c9.4 9.4 24.6 9.4 33.9 0l11-10.9c9.5-9.5 9.3-25-.4-34.3z\"><\/path><\/svg>\t\t\t<\/span>\n\t\t\t\t\t\t\t\t\t<span class=\"elementor-button-text\">Retour Logistics<\/span>\n\t\t\t\t\t<\/span>\n\t\t\t\t\t<\/a>\n\t\t\t\t<\/div>\n\t\t\t\t\t\t<\/div>\n\t\t\t\t<\/div>\n\t\t\t\t\t<\/div>\n\t\t<\/div>\n\t\t\t\t\t<\/div>\n\t\t<\/section>\n\t\t\t\t<section class=\"elementor-section elementor-top-section elementor-element elementor-element-c5b3734 elementor-section-boxed elementor-section-height-default elementor-section-height-default\" data-id=\"c5b3734\" data-element_type=\"section\">\n\t\t\t\t\t\t<div class=\"elementor-container elementor-column-gap-default\">\n\t\t\t\t\t<div class=\"elementor-column elementor-col-100 elementor-top-column elementor-element elementor-element-009d664\" data-id=\"009d664\" data-element_type=\"column\">\n\t\t\t<div class=\"elementor-widget-wrap elementor-element-populated\">\n\t\t\t\t\t\t<div class=\"elementor-element elementor-element-8fa4a49 elementor-widget elementor-widget-heading\" data-id=\"8fa4a49\" data-element_type=\"widget\" data-widget_type=\"heading.default\">\n\t\t\t\t<div class=\"elementor-widget-container\">\n\t\t\t<h2 class=\"elementor-heading-title elementor-size-default\">Module de base Logistics<\/h2>\t\t<\/div>\n\t\t\t\t<\/div>\n\t\t\t\t\t<\/div>\n\t\t<\/div>\n\t\t\t\t\t<\/div>\n\t\t<\/section>\n\t\t\t\t<section class=\"elementor-section elementor-top-section elementor-element elementor-element-dc74a7d elementor-section-boxed elementor-section-height-default elementor-section-height-default\" data-id=\"dc74a7d\" data-element_type=\"section\">\n\t\t\t\t\t\t<div class=\"elementor-container elementor-column-gap-default\">\n\t\t\t\t\t<div class=\"elementor-column elementor-col-100 elementor-top-column elementor-element elementor-element-90e9431\" data-id=\"90e9431\" data-element_type=\"column\">\n\t\t\t<div class=\"elementor-widget-wrap elementor-element-populated\">\n\t\t\t\t\t\t<div class=\"elementor-element elementor-element-b287e7d elementor-widget elementor-widget-text-editor\" data-id=\"b287e7d\" data-element_type=\"widget\" data-widget_type=\"text-editor.default\">\n\t\t\t\t<div class=\"elementor-widget-container\">\n\t\t\t\t\t\t\t<h6>Etablissez vos offres, envoyez les par e-mail, archivez les en PDF, transformez les en notes d&rsquo;envoi ou en factures.<\/h6><h6>Vous pouvez \u00e9galement encoder directement vos factures. Avec Logistics, vous travaillez suivant vos pr\u00e9f\u00e9rences et non celles du logiciel.<\/h6><h6><span style=\"text-align: justify;\">\u2192<\/span><span style=\"text-align: justify;\">\u00a0<\/span>Gestion des offres, livraisons et factures de vente et d&rsquo;achats.<\/h6><h6>\u00a0\u2192<span style=\"text-align: justify;\">\u00a0<\/span>Navigation tr\u00e8s rapide entre les documents gr\u00e2ce aux liens \u00e9tablis par logistics.\u00a0<\/h6><h6><span style=\"text-align: justify;\">\u2192<\/span><span style=\"text-align: justify;\">\u00a0<\/span>Gestion des statuts des documents (p.ex. offre en attente, refus\u00e9e ou accept\u00e9e).<\/h6><h6><span style=\"text-align: justify;\">\u2192<\/span><span style=\"text-align: justify;\">\u00a0<\/span>Importation ais\u00e9e des documents (depuis une application externe).<\/h6>\t\t\t\t\t\t<\/div>\n\t\t\t\t<\/div>\n\t\t\t\t\t<\/div>\n\t\t<\/div>\n\t\t\t\t\t<\/div>\n\t\t<\/section>\n\t\t\t\t<section class=\"elementor-section elementor-top-section elementor-element elementor-element-3d3d89f elementor-section-boxed elementor-section-height-default elementor-section-height-default\" data-id=\"3d3d89f\" data-element_type=\"section\">\n\t\t\t\t\t\t<div class=\"elementor-container elementor-column-gap-default\">\n\t\t\t\t\t<div class=\"elementor-column elementor-col-33 elementor-top-column elementor-element elementor-element-898b1d8\" data-id=\"898b1d8\" data-element_type=\"column\">\n\t\t\t<div class=\"elementor-widget-wrap elementor-element-populated\">\n\t\t\t\t\t\t<div class=\"elementor-element elementor-element-3c03661 elementor-invisible elementor-widget elementor-widget-text-editor\" data-id=\"3c03661\" data-element_type=\"widget\" data-settings=\"{&quot;_animation&quot;:&quot;slideInLeft&quot;}\" data-widget_type=\"text-editor.default\">\n\t\t\t\t<div class=\"elementor-widget-container\">\n\t\t\t\t\t\t\t<h3><strong>Param\u00e9trables \u00e0 souhait<\/strong><\/h3><h6>Ecrans param\u00e9trables (tiers, contacts, articles, ent\u00eates et d\u00e9tails des documents). Layouts des documents et des statistiques standard param\u00e9trables. Gestion des statuts des documents (p.ex. offre en attente, r\u00e9fus\u00e9e ou accept\u00e9e). Importation ais\u00e9e des documents (depuis une application externe).<\/h6>\t\t\t\t\t\t<\/div>\n\t\t\t\t<\/div>\n\t\t\t\t\t<\/div>\n\t\t<\/div>\n\t\t\t\t<div class=\"elementor-column elementor-col-33 elementor-top-column elementor-element elementor-element-4961fe3\" data-id=\"4961fe3\" data-element_type=\"column\">\n\t\t\t<div class=\"elementor-widget-wrap elementor-element-populated\">\n\t\t\t\t\t\t<div class=\"elementor-element elementor-element-e64abb1 elementor-invisible elementor-widget elementor-widget-text-editor\" data-id=\"e64abb1\" data-element_type=\"widget\" data-settings=\"{&quot;_animation&quot;:&quot;slideInUp&quot;}\" data-widget_type=\"text-editor.default\">\n\t\t\t\t<div class=\"elementor-widget-container\">\n\t\t\t\t\t\t\t<h3><strong>Fichier tiers<\/strong><\/h3><p>Gestion des fiches clients, fournisseurs et propsects et des personnes de contact associ\u00e9es. Historiques et statistiques tiers param\u00e9trables. Import des tiers et des contacts depuis Excel.<\/p>\t\t\t\t\t\t<\/div>\n\t\t\t\t<\/div>\n\t\t\t\t\t<\/div>\n\t\t<\/div>\n\t\t\t\t<div class=\"elementor-column elementor-col-33 elementor-top-column elementor-element elementor-element-889d389\" data-id=\"889d389\" data-element_type=\"column\">\n\t\t\t<div class=\"elementor-widget-wrap elementor-element-populated\">\n\t\t\t\t\t\t<div class=\"elementor-element elementor-element-ce40a62 elementor-invisible elementor-widget elementor-widget-text-editor\" data-id=\"ce40a62\" data-element_type=\"widget\" data-settings=\"{&quot;_animation&quot;:&quot;slideInRight&quot;}\" data-widget_type=\"text-editor.default\">\n\t\t\t\t<div class=\"elementor-widget-container\">\n\t\t\t\t\t\t\t<h3><strong>Fichier articles<\/strong><\/h3><h6>Ecrans param\u00e9trables (tiers, contacts, articles, ent\u00eates et d\u00e9tails des documents).Descriptions abr\u00e9g\u00e9es et \u00e9tendues dans diff\u00e9rentes langues. Historiques et statistiques articles param\u00e9trables. Gestion de plusieurs tarifs de ventes, de prix sp\u00e9cifiques ou remises par article et par clients, de remises par famille d&rsquo;article et par client ainsi qu&rsquo;un syst\u00e8me tr\u00e8s souple de grilles de remises sur base de crit\u00e8res param\u00e9trables. Import des articles et des prix sp\u00e9cifiques depuis Excel. Association d\u2019une image \u00e0 un article. Impression d&rsquo;\u00e9tiquettes avec codes \u00e0 barres et scan lors des ventes ou des achats. Gestion du blocage des clients sur l\u2019encours, l\u2019\u00e9chu ou manuellement.<\/h6>\t\t\t\t\t\t<\/div>\n\t\t\t\t<\/div>\n\t\t\t\t\t<\/div>\n\t\t<\/div>\n\t\t\t\t\t<\/div>\n\t\t<\/section>\n\t\t\t\t<\/div>\n\t\t","protected":false},"excerpt":{"rendered":"<p>Retour Logistics Module de base Logistics Etablissez vos offres, envoyez les par e-mail, archivez les en PDF, transformez les en notes d&rsquo;envoi ou en factures. Vous pouvez \u00e9galement encoder directement vos factures. Avec Logistics, vous travaillez suivant vos pr\u00e9f\u00e9rences et non celles du logiciel. \u2192\u00a0Gestion des offres, livraisons et factures de vente et d&rsquo;achats. \u00a0\u2192\u00a0Navigation &#8230; <a title=\"base logistics\" class=\"read-more\" href=\"https:\/\/www.mafact.com\/index.php\/base-logistics\/\" aria-label=\"More on base logistics\">Lire la suite<\/a><\/p>\n","protected":false},"author":1,"featured_media":0,"parent":0,"menu_order":0,"comment_status":"closed","ping_status":"closed","template":"","meta":{"footnotes":""},"_links":{"self":[{"href":"https:\/\/www.mafact.com\/index.php\/wp-json\/wp\/v2\/pages\/807"}],"collection":[{"href":"https:\/\/www.mafact.com\/index.php\/wp-json\/wp\/v2\/pages"}],"about":[{"href":"https:\/\/www.mafact.com\/index.php\/wp-json\/wp\/v2\/types\/page"}],"author":[{"embeddable":true,"href":"https:\/\/www.mafact.com\/index.php\/wp-json\/wp\/v2\/users\/1"}],"replies":[{"embeddable":true,"href":"https:\/\/www.mafact.com\/index.php\/wp-json\/wp\/v2\/comments?post=807"}],"version-history":[{"count":19,"href":"https:\/\/www.mafact.com\/index.php\/wp-json\/wp\/v2\/pages\/807\/revisions"}],"predecessor-version":[{"id":2811,"href":"https:\/\/www.mafact.com\/index.php\/wp-json\/wp\/v2\/pages\/807\/revisions\/2811"}],"wp:attachment":[{"href":"https:\/\/www.mafact.com\/index.php\/wp-json\/wp\/v2\/media?parent=807"}],"curies":[{"name":"wp","href":"https:\/\/api.w.org\/{rel}","templated":true}]}}