{"id":488,"date":"2019-03-26T15:12:13","date_gmt":"2019-03-26T14:12:13","guid":{"rendered":"http:\/\/www.mafact.com\/?page_id=488"},"modified":"2019-09-12T16:52:33","modified_gmt":"2019-09-12T14:52:33","slug":"wbprint","status":"publish","type":"page","link":"https:\/\/www.mafact.com\/index.php\/wbprint\/","title":{"rendered":"Wbprint"},"content":{"rendered":"\t\t<div data-elementor-type=\"wp-post\" data-elementor-id=\"488\" class=\"elementor elementor-488\">\n\t\t\t\t\t\t<section class=\"elementor-section elementor-top-section elementor-element elementor-element-4305b3e elementor-section-boxed elementor-section-height-default elementor-section-height-default\" data-id=\"4305b3e\" data-element_type=\"section\">\n\t\t\t\t\t\t<div class=\"elementor-container elementor-column-gap-default\">\n\t\t\t\t\t<div class=\"elementor-column elementor-col-100 elementor-top-column elementor-element elementor-element-36f7779\" data-id=\"36f7779\" data-element_type=\"column\">\n\t\t\t<div class=\"elementor-widget-wrap elementor-element-populated\">\n\t\t\t\t\t\t<div class=\"elementor-element elementor-element-69fc627 elementor-widget elementor-widget-heading\" data-id=\"69fc627\" data-element_type=\"widget\" data-widget_type=\"heading.default\">\n\t\t\t\t<div class=\"elementor-widget-container\">\n\t\t\t<h2 class=\"elementor-heading-title elementor-size-default\">Wbprint<\/h2>\t\t<\/div>\n\t\t\t\t<\/div>\n\t\t\t\t\t<\/div>\n\t\t<\/div>\n\t\t\t\t\t<\/div>\n\t\t<\/section>\n\t\t\t\t<section class=\"elementor-section elementor-top-section elementor-element elementor-element-491fea2 elementor-section-boxed elementor-section-height-default elementor-section-height-default\" data-id=\"491fea2\" data-element_type=\"section\">\n\t\t\t\t\t\t<div class=\"elementor-container elementor-column-gap-default\">\n\t\t\t\t\t<div class=\"elementor-column elementor-col-100 elementor-top-column elementor-element elementor-element-1de8b2d\" data-id=\"1de8b2d\" data-element_type=\"column\">\n\t\t\t<div class=\"elementor-widget-wrap elementor-element-populated\">\n\t\t\t\t\t\t<div class=\"elementor-element elementor-element-938a4f6 elementor-widget elementor-widget-text-editor\" data-id=\"938a4f6\" data-element_type=\"widget\" data-widget_type=\"text-editor.default\">\n\t\t\t\t<div class=\"elementor-widget-container\">\n\t\t\t\t\t\t\t<h6>Nous avons int\u00e9gr\u00e9 dans le programme <b><i>Mafact<\/i><\/b>, <b>un moteur d&rsquo;impression de listes \u00e9tablies avec le programme CRYSTAL REPORTS.<\/b><\/h6>\n<div>Outre les layouts personnalis\u00e9s des clients nous avons d\u00e9velopp\u00e9s plus de 750 listes.<\/div>\n<div>&nbsp;<\/div>\n<div>Cette expertise et les demandes d&rsquo;impression de listes, de statistiques et\/ou d&rsquo;exports nous ont d\u00e9cid\u00e9 \u00e0 extraire ce moteur du programme <b>Mafact.<\/b><\/div>\n<div>&nbsp;<\/div>\n<div>Ce moteur imprime n&rsquo;importe quelle liste \u00e9tablie en CRYSTAL REPORT <b>quelles que soit les bases de donn\u00e9es utilis\u00e9es.<\/b><\/div>\n<div>&nbsp;<\/div>\n<p>Il est ainsi possible de mixer des bases de donn\u00e9es provenant de feuilles EXCEL avec des bases de donn\u00e9s de WINBOOKS, de LOGISTICS, de BOB ou autres<\/p>\n<p>Nous r\u00e9alisons si besoin les listes pour vous ou si vous r\u00e9alisez vous-m\u00eame i vous disposez du programme CRYSTAL REPORT.<\/p>\n<p>Quelques exemples<br>Factures avec annexe comptable : WINBOOKS &lt;&gt;LOGISTICS<br>Statistiques : WINPREST &lt;&gt; WINBOOKS<br>\nExtraction de donn\u00e9es MAFACT -&gt; SAP<br>\nExtraction des donn\u00e9es de WINBOOKS &#8211;&gt; CORPORATE fiche 281.x<br>\nEtablissement de budgets WINBOOKS &lt;&gt; EXCEL<br>\nAnalyses analytiques WINBOOKS<br>\nComparaisons multidossiers WINBOOKS<br>\nExport pour factoring format ING<br>\nExport pour factoring format KBC<br>\nPr\u00e9paration fichier F01DGS et SC03CCR &lt; WINBOOKS<br>\nExport fichier WINBOOKS -&gt; format ORACLE<br>Balances, journaux, grands livres au format OHADA <br>\n&#8230;.<br><\/p>\n\t\t\t\t\t\t<\/div>\n\t\t\t\t<\/div>\n\t\t\t\t\t<\/div>\n\t\t<\/div>\n\t\t\t\t\t<\/div>\n\t\t<\/section>\n\t\t\t\t<\/div>\n\t\t","protected":false},"excerpt":{"rendered":"<p>Wbprint Nous avons int\u00e9gr\u00e9 dans le programme Mafact, un moteur d&rsquo;impression de listes \u00e9tablies avec le programme CRYSTAL REPORTS. Outre les layouts personnalis\u00e9s des clients nous avons d\u00e9velopp\u00e9s plus de 750 listes. &nbsp; Cette expertise et les demandes d&rsquo;impression de listes, de statistiques et\/ou d&rsquo;exports nous ont d\u00e9cid\u00e9 \u00e0 extraire ce moteur du programme Mafact. &#8230; <a title=\"Wbprint\" class=\"read-more\" href=\"https:\/\/www.mafact.com\/index.php\/wbprint\/\" aria-label=\"More on Wbprint\">Lire la suite<\/a><\/p>\n","protected":false},"author":1,"featured_media":0,"parent":0,"menu_order":0,"comment_status":"closed","ping_status":"closed","template":"","meta":{"footnotes":""},"_links":{"self":[{"href":"https:\/\/www.mafact.com\/index.php\/wp-json\/wp\/v2\/pages\/488"}],"collection":[{"href":"https:\/\/www.mafact.com\/index.php\/wp-json\/wp\/v2\/pages"}],"about":[{"href":"https:\/\/www.mafact.com\/index.php\/wp-json\/wp\/v2\/types\/page"}],"author":[{"embeddable":true,"href":"https:\/\/www.mafact.com\/index.php\/wp-json\/wp\/v2\/users\/1"}],"replies":[{"embeddable":true,"href":"https:\/\/www.mafact.com\/index.php\/wp-json\/wp\/v2\/comments?post=488"}],"version-history":[{"count":8,"href":"https:\/\/www.mafact.com\/index.php\/wp-json\/wp\/v2\/pages\/488\/revisions"}],"predecessor-version":[{"id":2326,"href":"https:\/\/www.mafact.com\/index.php\/wp-json\/wp\/v2\/pages\/488\/revisions\/2326"}],"wp:attachment":[{"href":"https:\/\/www.mafact.com\/index.php\/wp-json\/wp\/v2\/media?parent=488"}],"curies":[{"name":"wp","href":"https:\/\/api.w.org\/{rel}","templated":true}]}}