{"id":472,"date":"2019-03-26T15:10:18","date_gmt":"2019-03-26T14:10:18","guid":{"rendered":"http:\/\/www.mafact.com\/?page_id=472"},"modified":"2019-09-13T16:55:01","modified_gmt":"2019-09-13T14:55:01","slug":"interface-edifact","status":"publish","type":"page","link":"https:\/\/www.mafact.com\/index.php\/interface-edifact\/","title":{"rendered":"interface edifact"},"content":{"rendered":"\t\t<div data-elementor-type=\"wp-post\" data-elementor-id=\"472\" class=\"elementor elementor-472\">\n\t\t\t\t\t\t<section class=\"elementor-section elementor-top-section elementor-element elementor-element-3787e98 elementor-section-boxed elementor-section-height-default elementor-section-height-default\" data-id=\"3787e98\" data-element_type=\"section\">\n\t\t\t\t\t\t<div class=\"elementor-container elementor-column-gap-default\">\n\t\t\t\t\t<div class=\"elementor-column elementor-col-100 elementor-top-column elementor-element elementor-element-45bc765\" data-id=\"45bc765\" data-element_type=\"column\">\n\t\t\t<div class=\"elementor-widget-wrap elementor-element-populated\">\n\t\t\t\t\t\t<div class=\"elementor-element elementor-element-044b24e elementor-widget elementor-widget-heading\" data-id=\"044b24e\" data-element_type=\"widget\" data-widget_type=\"heading.default\">\n\t\t\t\t<div class=\"elementor-widget-container\">\n\t\t\t<h2 class=\"elementor-heading-title elementor-size-default\">Interfaces Edifact<\/h2>\t\t<\/div>\n\t\t\t\t<\/div>\n\t\t\t\t\t<\/div>\n\t\t<\/div>\n\t\t\t\t\t<\/div>\n\t\t<\/section>\n\t\t\t\t<section class=\"elementor-section elementor-top-section elementor-element elementor-element-7b4c92c elementor-section-boxed elementor-section-height-default elementor-section-height-default\" data-id=\"7b4c92c\" data-element_type=\"section\">\n\t\t\t\t\t\t<div class=\"elementor-container elementor-column-gap-default\">\n\t\t\t\t\t<div class=\"elementor-column elementor-col-100 elementor-top-column elementor-element elementor-element-fb35fef\" data-id=\"fb35fef\" data-element_type=\"column\">\n\t\t\t<div class=\"elementor-widget-wrap elementor-element-populated\">\n\t\t\t\t\t\t<div class=\"elementor-element elementor-element-8445ba0 elementor-widget elementor-widget-text-editor\" data-id=\"8445ba0\" data-element_type=\"widget\" data-widget_type=\"text-editor.default\">\n\t\t\t\t<div class=\"elementor-widget-container\">\n\t\t\t\t\t\t\t<p><b>Edifact = Electronic Data Interchange For Administration, Commerce and Transport<\/b><\/p><p><b>Nous avons int\u00e9gr\u00e9 dans le programme <i>Mafact<\/i>, une interface EDIFACT en lien avec la soci\u00e9t\u00e9 BABELWAY.<\/b><\/p><p>La gestion de l\u2019Edifact permet <br \/>-&gt; l\u2019import et l&rsquo;exportation des commandes au format ORDERS<br \/>-&gt; l\u2019importation et l&rsquo;exportation des notes d\u2019envoi au format DESADV<br \/>-&gt; l&rsquo;importation et l&rsquo;exportation des factures au format INVOIC<\/p><p><i>Mafact<\/i> contient \u00e9galement une table de translation de mettre en parall\u00e8le vos donn\u00e9es avec les donn\u00e9es de votre client ou fournisseur.<br \/>Les informations indiqu\u00e9es dans les tables sont prioritaires par rapport aux informations indiqu\u00e9es dans les fiches Tiers (code EAN) et dans les fiches Article (code EAN)<\/p><p><i>Mafact <\/i>contient \u00e9galement un module picking qui est n\u00e9cessaire pour le DESADV<\/p>\t\t\t\t\t\t<\/div>\n\t\t\t\t<\/div>\n\t\t\t\t\t<\/div>\n\t\t<\/div>\n\t\t\t\t\t<\/div>\n\t\t<\/section>\n\t\t\t\t<\/div>\n\t\t","protected":false},"excerpt":{"rendered":"<p>Interfaces Edifact Edifact = Electronic Data Interchange For Administration, Commerce and Transport Nous avons int\u00e9gr\u00e9 dans le programme Mafact, une interface EDIFACT en lien avec la soci\u00e9t\u00e9 BABELWAY. La gestion de l\u2019Edifact permet -&gt; l\u2019import et l&rsquo;exportation des commandes au format ORDERS-&gt; l\u2019importation et l&rsquo;exportation des notes d\u2019envoi au format DESADV-&gt; l&rsquo;importation et l&rsquo;exportation des &#8230; <a title=\"interface edifact\" class=\"read-more\" href=\"https:\/\/www.mafact.com\/index.php\/interface-edifact\/\" aria-label=\"More on interface edifact\">Lire la suite<\/a><\/p>\n","protected":false},"author":1,"featured_media":0,"parent":0,"menu_order":0,"comment_status":"closed","ping_status":"closed","template":"","meta":{"footnotes":""},"_links":{"self":[{"href":"https:\/\/www.mafact.com\/index.php\/wp-json\/wp\/v2\/pages\/472"}],"collection":[{"href":"https:\/\/www.mafact.com\/index.php\/wp-json\/wp\/v2\/pages"}],"about":[{"href":"https:\/\/www.mafact.com\/index.php\/wp-json\/wp\/v2\/types\/page"}],"author":[{"embeddable":true,"href":"https:\/\/www.mafact.com\/index.php\/wp-json\/wp\/v2\/users\/1"}],"replies":[{"embeddable":true,"href":"https:\/\/www.mafact.com\/index.php\/wp-json\/wp\/v2\/comments?post=472"}],"version-history":[{"count":14,"href":"https:\/\/www.mafact.com\/index.php\/wp-json\/wp\/v2\/pages\/472\/revisions"}],"predecessor-version":[{"id":2427,"href":"https:\/\/www.mafact.com\/index.php\/wp-json\/wp\/v2\/pages\/472\/revisions\/2427"}],"wp:attachment":[{"href":"https:\/\/www.mafact.com\/index.php\/wp-json\/wp\/v2\/media?parent=472"}],"curies":[{"name":"wp","href":"https:\/\/api.w.org\/{rel}","templated":true}]}}