{"id":468,"date":"2019-03-26T15:09:51","date_gmt":"2019-03-26T14:09:51","guid":{"rendered":"http:\/\/www.mafact.com\/?page_id=468"},"modified":"2019-09-13T16:55:26","modified_gmt":"2019-09-13T14:55:26","slug":"interface-peppol","status":"publish","type":"page","link":"https:\/\/www.mafact.com\/index.php\/interface-peppol\/","title":{"rendered":"interface peppol"},"content":{"rendered":"\t\t<div data-elementor-type=\"wp-page\" data-elementor-id=\"468\" class=\"elementor elementor-468\">\n\t\t\t\t\t\t<section class=\"elementor-section elementor-top-section elementor-element elementor-element-fb8fde2 elementor-section-boxed elementor-section-height-default elementor-section-height-default\" data-id=\"fb8fde2\" data-element_type=\"section\">\n\t\t\t\t\t\t<div class=\"elementor-container elementor-column-gap-default\">\n\t\t\t\t\t<div class=\"elementor-column elementor-col-100 elementor-top-column elementor-element elementor-element-92e5b66\" data-id=\"92e5b66\" data-element_type=\"column\">\n\t\t\t<div class=\"elementor-widget-wrap elementor-element-populated\">\n\t\t\t\t\t\t<div class=\"elementor-element elementor-element-4ecc781 elementor-widget elementor-widget-heading\" data-id=\"4ecc781\" data-element_type=\"widget\" data-widget_type=\"heading.default\">\n\t\t\t\t<div class=\"elementor-widget-container\">\n\t\t\t<h2 class=\"elementor-heading-title elementor-size-default\">Interface Peppol<\/h2>\t\t<\/div>\n\t\t\t\t<\/div>\n\t\t\t\t\t<\/div>\n\t\t<\/div>\n\t\t\t\t\t<\/div>\n\t\t<\/section>\n\t\t\t\t<section class=\"elementor-section elementor-top-section elementor-element elementor-element-c18e7c6 elementor-section-boxed elementor-section-height-default elementor-section-height-default\" data-id=\"c18e7c6\" data-element_type=\"section\">\n\t\t\t\t\t\t<div class=\"elementor-container elementor-column-gap-default\">\n\t\t\t\t\t<div class=\"elementor-column elementor-col-100 elementor-top-column elementor-element elementor-element-53d651e\" data-id=\"53d651e\" data-element_type=\"column\">\n\t\t\t<div class=\"elementor-widget-wrap elementor-element-populated\">\n\t\t\t\t\t\t<div class=\"elementor-element elementor-element-65f524e elementor-widget elementor-widget-text-editor\" data-id=\"65f524e\" data-element_type=\"widget\" data-widget_type=\"text-editor.default\">\n\t\t\t\t<div class=\"elementor-widget-container\">\n\t\t\t\t\t\t\t<h6><b><span style=\"font-family: amethysta;\">P<\/span><span style=\"font-family: amethysta;\">eppol = Pan European Public Procurement<\/span><\/b><\/h6><h6><b>Nous avons int\u00e9gr\u00e9 dans le programme <i>Mafact<\/i>, une interface PEPPOL avec la soci\u00e9t\u00e9 CODABOX comme point d&rsquo;acc\u00e8s<br \/><\/b><\/h6><div><h6><b>Introduction<\/b><br \/>A partir du 01\/01\/2018, Toutes les factures adress\u00e9es au gouvernement flamand devront \u00eatre obligatoirement envoy\u00e9es au format \u00e9lectronique, ceci concerne toutes les entreprises.<br \/>Le gouvernement f\u00e9d\u00e9ral suivra la m\u00eame initiative dans le courant de 2018! Les administrations seront de plus en plus nombreuses \u00e0 imposer la facturation num\u00e9rique dans les conditions de leurs appels d\u2019offres. L\u2019e-facturation sera obligatoire en 11\/2018 au plus tard.<br \/>Les autres gouvernements r\u00e9gionaux belges pourront \u00e9galement recevoir des factures au format \u00e9lectronique dans un avenir proche. Les premi\u00e8res villes et communes peuvent recevoir des factures \u00e9lectroniques \u00e0 partir de 2017. L\u2019e-facturation fera l\u2019objet d\u2019une obligation g\u00e9n\u00e9ralis\u00e9e \u00e0 compter de 11\/2019.<\/h6><h6><strong>P<\/strong><b>EPPOL<\/b> est un mod\u00e8le facilitant l&rsquo;\u00e9change de factures et d&rsquo;autres documents utilis\u00e9s dans les march\u00e9s publics, bas\u00e9 sur un standard PEPPOL commun, qui est compl\u00e9t\u00e9 des exigences sp\u00e9cifiques de clients. Les \u00e9changes s&rsquo;effectuent sur la base d&rsquo;accords entre les membres de PEPPOL. PEPPOL adopte un mod\u00e8le quatre coins, ce qui veut dire que les documents sont \u00e9chang\u00e9s entre les POINTS D&rsquo;ACC\u00c8S de tant l&rsquo;exp\u00e9diteur et le destinataire.<b> CODABOX<\/b> est un point d\u2019acc\u00e8s officiel.<\/h6><h6><b>Un suivi On line est pr\u00e9vu dans chaque document<\/b><br \/>D\u00e8s que l\u2019envoi a \u00e9t\u00e9 effectu\u00e9, l\u2019API de CODABOX renvoie un code qui s\u2019affiche dans la zone document de l\u2019\u00e9cran d\u2019envoi (statut UPLOADED ainsi que la date et l\u2019heure). Ensuite le suivi affiche soit NOT-SENT : pas encore transmis au client soit SENT : le client a re\u00e7u le document et la date\/l\u2019heure sera automatiquement mise \u00e0 jour en fonction des infos d\u2019envoi chez CODABOX.<\/h6><\/div>\t\t\t\t\t\t<\/div>\n\t\t\t\t<\/div>\n\t\t\t\t\t<\/div>\n\t\t<\/div>\n\t\t\t\t\t<\/div>\n\t\t<\/section>\n\t\t\t\t<\/div>\n\t\t","protected":false},"excerpt":{"rendered":"<p>Interface Peppol Peppol = Pan European Public Procurement Nous avons int\u00e9gr\u00e9 dans le programme Mafact, une interface PEPPOL avec la soci\u00e9t\u00e9 CODABOX comme point d&rsquo;acc\u00e8s IntroductionA partir du 01\/01\/2018, Toutes les factures adress\u00e9es au gouvernement flamand devront \u00eatre obligatoirement envoy\u00e9es au format \u00e9lectronique, ceci concerne toutes les entreprises.Le gouvernement f\u00e9d\u00e9ral suivra la m\u00eame initiative dans &#8230; <a title=\"interface peppol\" class=\"read-more\" href=\"https:\/\/www.mafact.com\/index.php\/interface-peppol\/\" aria-label=\"More on interface peppol\">Lire la suite<\/a><\/p>\n","protected":false},"author":1,"featured_media":0,"parent":0,"menu_order":0,"comment_status":"closed","ping_status":"closed","template":"","meta":{"footnotes":""},"_links":{"self":[{"href":"https:\/\/www.mafact.com\/index.php\/wp-json\/wp\/v2\/pages\/468"}],"collection":[{"href":"https:\/\/www.mafact.com\/index.php\/wp-json\/wp\/v2\/pages"}],"about":[{"href":"https:\/\/www.mafact.com\/index.php\/wp-json\/wp\/v2\/types\/page"}],"author":[{"embeddable":true,"href":"https:\/\/www.mafact.com\/index.php\/wp-json\/wp\/v2\/users\/1"}],"replies":[{"embeddable":true,"href":"https:\/\/www.mafact.com\/index.php\/wp-json\/wp\/v2\/comments?post=468"}],"version-history":[{"count":17,"href":"https:\/\/www.mafact.com\/index.php\/wp-json\/wp\/v2\/pages\/468\/revisions"}],"predecessor-version":[{"id":2429,"href":"https:\/\/www.mafact.com\/index.php\/wp-json\/wp\/v2\/pages\/468\/revisions\/2429"}],"wp:attachment":[{"href":"https:\/\/www.mafact.com\/index.php\/wp-json\/wp\/v2\/media?parent=468"}],"curies":[{"name":"wp","href":"https:\/\/api.w.org\/{rel}","templated":true}]}}