{"id":457,"date":"2019-03-26T15:06:42","date_gmt":"2019-03-26T14:06:42","guid":{"rendered":"http:\/\/www.mafact.com\/?page_id=457"},"modified":"2024-11-28T17:17:41","modified_gmt":"2024-11-28T16:17:41","slug":"vi","status":"publish","type":"page","link":"https:\/\/www.mafact.com\/index.php\/vi\/","title":{"rendered":"Digitalisation \/ Virtual Invoice"},"content":{"rendered":"\t\t<div data-elementor-type=\"wp-post\" data-elementor-id=\"457\" class=\"elementor elementor-457\">\n\t\t\t\t\t\t<section class=\"elementor-section elementor-top-section elementor-element elementor-element-e1a5d4a elementor-section-boxed elementor-section-height-default elementor-section-height-default\" data-id=\"e1a5d4a\" data-element_type=\"section\">\n\t\t\t\t\t\t<div class=\"elementor-container elementor-column-gap-default\">\n\t\t\t\t\t<div class=\"elementor-column elementor-col-50 elementor-top-column elementor-element elementor-element-e611460\" data-id=\"e611460\" data-element_type=\"column\">\n\t\t\t<div class=\"elementor-widget-wrap elementor-element-populated\">\n\t\t\t\t\t\t<div class=\"elementor-element elementor-element-98638b7 elementor-widget__width-initial elementor-absolute elementor-widget elementor-widget-image\" data-id=\"98638b7\" data-element_type=\"widget\" data-settings=\"{&quot;_position&quot;:&quot;absolute&quot;}\" data-widget_type=\"image.default\">\n\t\t\t\t<div class=\"elementor-widget-container\">\n\t\t\t\t\t\t\t\t\t\t\t\t\t<img fetchpriority=\"high\" decoding=\"async\" width=\"258\" height=\"258\" src=\"https:\/\/www.mafact.com\/wp-content\/uploads\/2019\/08\/wb-digit-256.png\" class=\"attachment-large size-large wp-image-1744\" alt=\"\" srcset=\"https:\/\/www.mafact.com\/wp-content\/uploads\/2019\/08\/wb-digit-256.png 258w, https:\/\/www.mafact.com\/wp-content\/uploads\/2019\/08\/wb-digit-256-150x150.png 150w\" sizes=\"(max-width: 258px) 100vw, 258px\" \/>\t\t\t\t\t\t\t\t\t\t\t\t\t<\/div>\n\t\t\t\t<\/div>\n\t\t\t\t\t<\/div>\n\t\t<\/div>\n\t\t\t\t<div class=\"elementor-column elementor-col-50 elementor-top-column elementor-element elementor-element-3c5c98a\" data-id=\"3c5c98a\" data-element_type=\"column\">\n\t\t\t<div class=\"elementor-widget-wrap elementor-element-populated\">\n\t\t\t\t\t\t<div class=\"elementor-element elementor-element-d0c2233 elementor-icon-list--layout-traditional elementor-list-item-link-full_width elementor-widget elementor-widget-icon-list\" data-id=\"d0c2233\" data-element_type=\"widget\" data-widget_type=\"icon-list.default\">\n\t\t\t\t<div class=\"elementor-widget-container\">\n\t\t\t\t\t<ul class=\"elementor-icon-list-items\">\n\t\t\t\t\t\t\t<li class=\"elementor-icon-list-item\">\n\t\t\t\t\t\t\t\t\t\t\t<a href=\"https:\/\/www.mafact.com\/index.php\/fonctionnement-vi-nl\/\">\n\n\t\t\t\t\t\t\t\t\t\t\t\t<span class=\"elementor-icon-list-icon\">\n\t\t\t\t\t\t\t<svg aria-hidden=\"true\" class=\"e-font-icon-svg e-fas-circle\" viewBox=\"0 0 512 512\" xmlns=\"http:\/\/www.w3.org\/2000\/svg\"><path d=\"M256 8C119 8 8 119 8 256s111 248 248 248 248-111 248-248S393 8 256 8z\"><\/path><\/svg>\t\t\t\t\t\t<\/span>\n\t\t\t\t\t\t\t\t\t\t<span class=\"elementor-icon-list-text\">Fonctionnement<\/span>\n\t\t\t\t\t\t\t\t\t\t\t<\/a>\n\t\t\t\t\t\t\t\t\t<\/li>\n\t\t\t\t\t\t\t\t<li class=\"elementor-icon-list-item\">\n\t\t\t\t\t\t\t\t\t\t\t<a href=\"https:\/\/help.winbooks.be\/display\/VIHelpFR\">\n\n\t\t\t\t\t\t\t\t\t\t\t\t<span class=\"elementor-icon-list-icon\">\n\t\t\t\t\t\t\t<svg aria-hidden=\"true\" class=\"e-font-icon-svg e-fas-circle\" viewBox=\"0 0 512 512\" xmlns=\"http:\/\/www.w3.org\/2000\/svg\"><path d=\"M256 8C119 8 8 119 8 256s111 248 248 248 248-111 248-248S393 8 256 8z\"><\/path><\/svg>\t\t\t\t\t\t<\/span>\n\t\t\t\t\t\t\t\t\t\t<span class=\"elementor-icon-list-text\">Manuel<\/span>\n\t\t\t\t\t\t\t\t\t\t\t<\/a>\n\t\t\t\t\t\t\t\t\t<\/li>\n\t\t\t\t\t\t<\/ul>\n\t\t\t\t<\/div>\n\t\t\t\t<\/div>\n\t\t\t\t\t<\/div>\n\t\t<\/div>\n\t\t\t\t\t<\/div>\n\t\t<\/section>\n\t\t\t\t<section class=\"elementor-section elementor-top-section elementor-element elementor-element-f2340e6 elementor-section-boxed elementor-section-height-default elementor-section-height-default\" data-id=\"f2340e6\" data-element_type=\"section\">\n\t\t\t\t\t\t<div class=\"elementor-container elementor-column-gap-default\">\n\t\t\t\t\t<div class=\"elementor-column elementor-col-100 elementor-top-column elementor-element elementor-element-fe65aaf\" data-id=\"fe65aaf\" data-element_type=\"column\">\n\t\t\t<div class=\"elementor-widget-wrap elementor-element-populated\">\n\t\t\t\t\t\t<div class=\"elementor-element elementor-element-3ca27a6 elementor-widget elementor-widget-text-editor\" data-id=\"3ca27a6\" data-element_type=\"widget\" data-widget_type=\"text-editor.default\">\n\t\t\t\t<div class=\"elementor-widget-container\">\n\t\t\t\t\t\t\t<h4><strong>Digitalisation : Centralise, int\u00e8gre et pr\u00e9sente l\u2019ensemble des documents dans votre dossier comptable. Tous les flux de documents sont centralis\u00e9s et int\u00e9gr\u00e9s dans votre dossier comptable. Gr\u00e2ce au service de reconnaissance, les mentions comptable sont encod\u00e9es en un seul clic. <br \/><\/strong><\/h4>\t\t\t\t\t\t<\/div>\n\t\t\t\t<\/div>\n\t\t\t\t\t<\/div>\n\t\t<\/div>\n\t\t\t\t\t<\/div>\n\t\t<\/section>\n\t\t\t\t<section class=\"elementor-section elementor-top-section elementor-element elementor-element-8376b20 elementor-section-boxed elementor-section-height-default elementor-section-height-default\" data-id=\"8376b20\" data-element_type=\"section\">\n\t\t\t\t\t\t<div class=\"elementor-container elementor-column-gap-default\">\n\t\t\t\t\t<div class=\"elementor-column elementor-col-100 elementor-top-column elementor-element elementor-element-0e188bd\" data-id=\"0e188bd\" data-element_type=\"column\">\n\t\t\t<div class=\"elementor-widget-wrap elementor-element-populated\">\n\t\t\t\t\t\t<div class=\"elementor-element elementor-element-f82fe5e elementor-widget elementor-widget-text-editor\" data-id=\"f82fe5e\" data-element_type=\"widget\" data-widget_type=\"text-editor.default\">\n\t\t\t\t<div class=\"elementor-widget-container\">\n\t\t\t\t\t\t\t<p><b>Digitalisation<\/b><br \/>La digitalisation consiste \u00e0 transformer un flux de documents et les traitements qui lui sont appliqu\u00e9s, en flux et traitements num\u00e9riques. Elle concerne tant les documents comptables qu\u2019extra comptables comme les factures, les documents fiscaux, les pi\u00e8ces bancaires, les fiches de salaire, les statuts\u2026 qui vont \u00eatre int\u00e9gr\u00e9s dans le traitement de l\u2019information financi\u00e8re.<\/p><p><b>Tous les flux de documents sont centralis\u00e9s et int\u00e9gr\u00e9s dans votre dossier comptable<\/b><br \/>Factures \u00e9lectroniques : Int\u00e9gration en standard du format E-FFF<br \/>Factures papier : WinBooks offre une solution hyper efficace pour le flux de factures papier et PDF (scanning \u2013 reconnaissance \u2013 int\u00e9gration)<br \/>Extraits de compte : Via la r\u00e9cup\u00e9ration automatique des extraits de compte (CODAS), WinBooks attache l\u2019extrait sous format PDF \u00e0 l\u2019\u00e9criture comptable.<br \/>Salaires : WinBooks lit les fichiers de salaires (SODA et e-fff SOCSEC) et g\u00e9n\u00e8re automatiquement les op\u00e9rations diverses<br \/>Autres documents : N\u2019importe quel document PDF peut \u00eatre attach\u00e9 \u00e0 toute \u00e9criture comptable (plan d\u2019amortissement, convention,\u2026)<\/p><p><b>Scanning &#8211; Reconnaissance<\/b><br \/>Scanning : Le scanning est optimis\u00e9 pour offrir la meilleure qualit\u00e9 d\u2019image au moteur de reconnaissance optique.<br \/>Reconnaissance optique : WinBooks offre une solution particuli\u00e8rement performante gr\u00e2ce \u00e0 ses diff\u00e9rentes techniques de reconnaissance.<br \/>Int\u00e9gration dans l\u2019encodage WinBooks : Rendez-vous directement dans l\u2019encodage de factures WinBooks : vous visualisez la facture scann\u00e9e.<br \/>Toutes les zones reconnues sont automatiquement transf\u00e9r\u00e9es dans l\u2019\u00e9cran d\u2019encodage.<br \/>Toutes les validations comptables sont op\u00e9rationnelles et les ajustements restent possibles<\/p><p><b>Consultation et recherche plein texte<\/b><br \/>Consultation : Les documents scann\u00e9s sont attach\u00e9s \u00e0 l\u2019\u00e9criture comptable et peuvent \u00eatre consult\u00e9s \u00e0 tout moment.<br \/>Recherche plein texte : Retrouvez n\u2019importe quel document sur base d\u2019un simple mot cl\u00e9.<\/p><p><b>Approbation<\/b><br \/>Comme toutes les factures sont stock\u00e9es dans votre dossier comptable, le syst\u00e8me dispatche automatiquement les factures aupr\u00e8s des personnes qui doivent les approuver. Tous les scenari d\u2019approbation sont possibles, du plus simple au plus sophistiqu\u00e9.<\/p>\t\t\t\t\t\t<\/div>\n\t\t\t\t<\/div>\n\t\t\t\t\t<\/div>\n\t\t<\/div>\n\t\t\t\t\t<\/div>\n\t\t<\/section>\n\t\t\t\t<\/div>\n\t\t","protected":false},"excerpt":{"rendered":"<p>Fonctionnement Manuel Digitalisation : Centralise, int\u00e8gre et pr\u00e9sente l\u2019ensemble des documents dans votre dossier comptable. Tous les flux de documents sont centralis\u00e9s et int\u00e9gr\u00e9s dans votre dossier comptable. Gr\u00e2ce au service de reconnaissance, les mentions comptable sont encod\u00e9es en un seul clic. DigitalisationLa digitalisation consiste \u00e0 transformer un flux de documents et les traitements qui &#8230; <a title=\"Digitalisation \/ Virtual Invoice\" class=\"read-more\" href=\"https:\/\/www.mafact.com\/index.php\/vi\/\" aria-label=\"More on Digitalisation \/ Virtual Invoice\">Lire la suite<\/a><\/p>\n","protected":false},"author":1,"featured_media":0,"parent":0,"menu_order":0,"comment_status":"closed","ping_status":"closed","template":"","meta":{"footnotes":""},"_links":{"self":[{"href":"https:\/\/www.mafact.com\/index.php\/wp-json\/wp\/v2\/pages\/457"}],"collection":[{"href":"https:\/\/www.mafact.com\/index.php\/wp-json\/wp\/v2\/pages"}],"about":[{"href":"https:\/\/www.mafact.com\/index.php\/wp-json\/wp\/v2\/types\/page"}],"author":[{"embeddable":true,"href":"https:\/\/www.mafact.com\/index.php\/wp-json\/wp\/v2\/users\/1"}],"replies":[{"embeddable":true,"href":"https:\/\/www.mafact.com\/index.php\/wp-json\/wp\/v2\/comments?post=457"}],"version-history":[{"count":42,"href":"https:\/\/www.mafact.com\/index.php\/wp-json\/wp\/v2\/pages\/457\/revisions"}],"predecessor-version":[{"id":3548,"href":"https:\/\/www.mafact.com\/index.php\/wp-json\/wp\/v2\/pages\/457\/revisions\/3548"}],"wp:attachment":[{"href":"https:\/\/www.mafact.com\/index.php\/wp-json\/wp\/v2\/media?parent=457"}],"curies":[{"name":"wp","href":"https:\/\/api.w.org\/{rel}","templated":true}]}}