{"id":443,"date":"2019-03-26T15:02:31","date_gmt":"2019-03-26T14:02:31","guid":{"rendered":"http:\/\/www.mafact.com\/?page_id=443"},"modified":"2024-11-28T16:32:39","modified_gmt":"2024-11-28T15:32:39","slug":"mafact-full-2","status":"publish","type":"page","link":"https:\/\/www.mafact.com\/index.php\/mafact-full-2\/","title":{"rendered":"Mafact full"},"content":{"rendered":"\t\t<div data-elementor-type=\"wp-post\" data-elementor-id=\"443\" class=\"elementor elementor-443\">\n\t\t\t\t\t\t<section class=\"elementor-section elementor-top-section elementor-element elementor-element-2b8561d elementor-section-boxed elementor-section-height-default elementor-section-height-default\" data-id=\"2b8561d\" data-element_type=\"section\">\n\t\t\t\t\t\t<div class=\"elementor-container elementor-column-gap-default\">\n\t\t\t\t\t<div class=\"elementor-column elementor-col-50 elementor-top-column elementor-element elementor-element-97c08b0\" data-id=\"97c08b0\" data-element_type=\"column\">\n\t\t\t<div class=\"elementor-widget-wrap elementor-element-populated\">\n\t\t\t\t\t\t<div class=\"elementor-element elementor-element-004d76f elementor-widget__width-initial elementor-absolute elementor-widget elementor-widget-image\" data-id=\"004d76f\" data-element_type=\"widget\" data-settings=\"{&quot;_position&quot;:&quot;absolute&quot;}\" data-widget_type=\"image.default\">\n\t\t\t\t<div class=\"elementor-widget-container\">\n\t\t\t\t\t\t\t\t\t\t\t\t\t<img decoding=\"async\" width=\"207\" height=\"137\" src=\"https:\/\/www.mafact.com\/wp-content\/uploads\/2019\/03\/1788044.jpg\" class=\"attachment-medium size-medium wp-image-403\" alt=\"\" \/>\t\t\t\t\t\t\t\t\t\t\t\t\t<\/div>\n\t\t\t\t<\/div>\n\t\t\t\t\t<\/div>\n\t\t<\/div>\n\t\t\t\t<div class=\"elementor-column elementor-col-50 elementor-top-column elementor-element elementor-element-532a339\" data-id=\"532a339\" data-element_type=\"column\">\n\t\t\t<div class=\"elementor-widget-wrap elementor-element-populated\">\n\t\t\t\t\t\t<div class=\"elementor-element elementor-element-a0f3bd1 elementor-icon-list--layout-traditional elementor-list-item-link-full_width elementor-widget elementor-widget-icon-list\" data-id=\"a0f3bd1\" data-element_type=\"widget\" data-widget_type=\"icon-list.default\">\n\t\t\t\t<div class=\"elementor-widget-container\">\n\t\t\t\t\t<ul class=\"elementor-icon-list-items\">\n\t\t\t\t\t\t\t<li class=\"elementor-icon-list-item\">\n\t\t\t\t\t\t\t\t\t\t\t<a href=\"https:\/\/www.mafact.com\/index.php\/module-de-base\/\">\n\n\t\t\t\t\t\t\t\t\t\t\t\t<span class=\"elementor-icon-list-icon\">\n\t\t\t\t\t\t\t<svg aria-hidden=\"true\" class=\"e-font-icon-svg e-fas-circle\" viewBox=\"0 0 512 512\" xmlns=\"http:\/\/www.w3.org\/2000\/svg\"><path d=\"M256 8C119 8 8 119 8 256s111 248 248 248 248-111 248-248S393 8 256 8z\"><\/path><\/svg>\t\t\t\t\t\t<\/span>\n\t\t\t\t\t\t\t\t\t\t<span class=\"elementor-icon-list-text\">Module de base<\/span>\n\t\t\t\t\t\t\t\t\t\t\t<\/a>\n\t\t\t\t\t\t\t\t\t<\/li>\n\t\t\t\t\t\t\t\t<li class=\"elementor-icon-list-item\">\n\t\t\t\t\t\t\t\t\t\t\t<a href=\"https:\/\/www.mafact.com\/index.php\/modules-supplementaires-mafact-full\/\">\n\n\t\t\t\t\t\t\t\t\t\t\t\t<span class=\"elementor-icon-list-icon\">\n\t\t\t\t\t\t\t<svg aria-hidden=\"true\" class=\"e-font-icon-svg e-fas-circle\" viewBox=\"0 0 512 512\" xmlns=\"http:\/\/www.w3.org\/2000\/svg\"><path d=\"M256 8C119 8 8 119 8 256s111 248 248 248 248-111 248-248S393 8 256 8z\"><\/path><\/svg>\t\t\t\t\t\t<\/span>\n\t\t\t\t\t\t\t\t\t\t<span class=\"elementor-icon-list-text\">Modules suppl\u00e9mentaires<\/span>\n\t\t\t\t\t\t\t\t\t\t\t<\/a>\n\t\t\t\t\t\t\t\t\t<\/li>\n\t\t\t\t\t\t\t\t<li class=\"elementor-icon-list-item\">\n\t\t\t\t\t\t\t\t\t\t\t<a href=\"https:\/\/www.mafact.com\/index.php\/telechargements-mafact-full\/\">\n\n\t\t\t\t\t\t\t\t\t\t\t\t<span class=\"elementor-icon-list-icon\">\n\t\t\t\t\t\t\t<svg aria-hidden=\"true\" class=\"e-font-icon-svg e-fas-circle\" viewBox=\"0 0 512 512\" xmlns=\"http:\/\/www.w3.org\/2000\/svg\"><path d=\"M256 8C119 8 8 119 8 256s111 248 248 248 248-111 248-248S393 8 256 8z\"><\/path><\/svg>\t\t\t\t\t\t<\/span>\n\t\t\t\t\t\t\t\t\t\t<span class=\"elementor-icon-list-text\">T\u00e9l\u00e9chargements<\/span>\n\t\t\t\t\t\t\t\t\t\t\t<\/a>\n\t\t\t\t\t\t\t\t\t<\/li>\n\t\t\t\t\t\t\t\t<li class=\"elementor-icon-list-item\">\n\t\t\t\t\t\t\t\t\t\t\t<a href=\"https:\/\/www.mafact.com\/ftpdir\/download\/mafact\/LISTE%20DE%20PRIX%20MAFACT%20fr.pdf\">\n\n\t\t\t\t\t\t\t\t\t\t\t\t<span class=\"elementor-icon-list-icon\">\n\t\t\t\t\t\t\t<svg aria-hidden=\"true\" class=\"e-font-icon-svg e-fas-circle\" viewBox=\"0 0 512 512\" xmlns=\"http:\/\/www.w3.org\/2000\/svg\"><path d=\"M256 8C119 8 8 119 8 256s111 248 248 248 248-111 248-248S393 8 256 8z\"><\/path><\/svg>\t\t\t\t\t\t<\/span>\n\t\t\t\t\t\t\t\t\t\t<span class=\"elementor-icon-list-text\">Liste de prix<\/span>\n\t\t\t\t\t\t\t\t\t\t\t<\/a>\n\t\t\t\t\t\t\t\t\t<\/li>\n\t\t\t\t\t\t<\/ul>\n\t\t\t\t<\/div>\n\t\t\t\t<\/div>\n\t\t\t\t\t<\/div>\n\t\t<\/div>\n\t\t\t\t\t<\/div>\n\t\t<\/section>\n\t\t\t\t<section class=\"elementor-section elementor-top-section elementor-element elementor-element-ca1eb09 elementor-section-boxed elementor-section-height-default elementor-section-height-default\" data-id=\"ca1eb09\" data-element_type=\"section\">\n\t\t\t\t\t\t<div class=\"elementor-container elementor-column-gap-default\">\n\t\t\t\t\t<div class=\"elementor-column elementor-col-100 elementor-top-column elementor-element elementor-element-2db4f93\" data-id=\"2db4f93\" data-element_type=\"column\">\n\t\t\t<div class=\"elementor-widget-wrap elementor-element-populated\">\n\t\t\t\t\t\t<div class=\"elementor-element elementor-element-eac32b8 elementor-widget elementor-widget-text-editor\" data-id=\"eac32b8\" data-element_type=\"widget\" data-widget_type=\"text-editor.default\">\n\t\t\t\t<div class=\"elementor-widget-container\">\n\t\t\t\t\t\t\t<h6>Bien plus qu&rsquo;une simple gestion commerciale, MAFACT est un outil performant et adapt\u00e9.<\/h6>\t\t\t\t\t\t<\/div>\n\t\t\t\t<\/div>\n\t\t\t\t\t<\/div>\n\t\t<\/div>\n\t\t\t\t\t<\/div>\n\t\t<\/section>\n\t\t\t\t<section class=\"elementor-section elementor-top-section elementor-element elementor-element-4ae0d9a elementor-section-boxed elementor-section-height-default elementor-section-height-default\" data-id=\"4ae0d9a\" data-element_type=\"section\">\n\t\t\t\t\t\t<div class=\"elementor-container elementor-column-gap-default\">\n\t\t\t\t\t<div class=\"elementor-column elementor-col-100 elementor-top-column elementor-element elementor-element-ff65957\" data-id=\"ff65957\" data-element_type=\"column\">\n\t\t\t<div class=\"elementor-widget-wrap elementor-element-populated\">\n\t\t\t\t\t\t<div class=\"elementor-element elementor-element-4b59cdf elementor-widget elementor-widget-text-editor\" data-id=\"4b59cdf\" data-element_type=\"widget\" data-widget_type=\"text-editor.default\">\n\t\t\t\t<div class=\"elementor-widget-container\">\n\t\t\t\t\t\t\t<h6>MAFACT s&rsquo;adresse \u00e0 toutes les entreprises qui ont des besoins de gestion. Que les besoins se limitent \u00e0 une simple gestion de stock IN et OUT ou \u00e0 faire des factures, ou que ceux-ci soient plus \u00e9labor\u00e9s, MAFACT, gr\u00e2ce \u00e0 ces nombreux modules, permet en fin de compte \u00e0 tous types d\u2019entreprise de g\u00e9rer son activit\u00e9.<\/h6><h6>Le programme est tellement modulaire qu\u2019on le retrouve \u00e9galement en dehors du monde \u00e9conomique classique, dans le cadre de LA GESTION D&rsquo;UN L\u2019ECONOMAT par exemple.<\/h6><h5><b>Son module de base vous offre d\u00e9j\u00e0 beaucoup plus qu&rsquo;une simple facturation: <\/b><\/h5><p><span style=\"color: #000000; font-family: Amethysta, verdana; letter-spacing: 0.4px;\">\u2192\u00a0<\/span>Une gestion de stock int\u00e9gr\u00e9e<br \/><span style=\"color: #000000; font-family: Amethysta, verdana; letter-spacing: 0.4px;\">\u2192\u00a0<\/span>La m\u00eame gestion simple et rapide des documents commerciaux de la commande \u00e0 la facture,<br \/>tant du c\u00f4t\u00e9 des ventes que du c\u00f4t\u00e9 des achats<br \/><span style=\"color: #000000; font-family: Amethysta, verdana; letter-spacing: 0.4px;\">\u2192\u00a0<\/span>Des fiches article, client et fournisseur plus que compl\u00e8tes,<br \/>avec 16 champs param\u00e9trables dont vous pouvez d\u00e9terminer la fonction<br \/><span style=\"color: #000000; font-family: Amethysta, verdana; letter-spacing: 0.4px;\">\u2192\u00a0<\/span>Tarifs sp\u00e9cifiques par client, remises par cat\u00e9gorie, prix promotionnel, remises par quantit\u00e9\u2026<br \/><span style=\"color: #000000; font-family: Amethysta, verdana; letter-spacing: 0.4px;\">\u2192\u00a0<\/span>Une liaison comptable vers WinBooks, Sage Bob Software, Popsy, Expert\/M, Cubic Dos, &#8230;<br \/>ainsi qu&rsquo;un export g\u00e9n\u00e9rique qui permet de le lier \u00e0 la plupart des logiciels comptables<\/p><h6><b>Une flexibilit\u00e9 d&rsquo;encodage in\u00e9gal\u00e9e: <\/b><br \/><span style=\"font-size: 17px; letter-spacing: 0.4px; text-align: left;\">\u2192\u00a0<\/span>D\u00e9buter dans n&rsquo;importe quelle \u00e9tape de la vente ou de l&rsquo;achat<br \/><span style=\"font-size: 17px; letter-spacing: 0.4px; text-align: left;\">\u2192\u00a0<\/span>Passer d&rsquo;une \u00e9tape \u00e0 n&rsquo;importe quelle autre<br \/><span style=\"font-size: 17px; letter-spacing: 0.4px; text-align: left;\">\u2192\u00a0<\/span>Regrouper (enti\u00e8rement ou partiellement) diff\u00e9rents (types de) documents<br \/>avec une adaptation imm\u00e9diate et 100% correcte des stocks des articles concern\u00e9s<\/h6><h6><b>Un outil \u00e0 la disposition de tous: \u00a0 administratifs, analystes, commerciaux, comptables, directeurs, manutentionnaires, &#8230;<\/b><\/h6><h6>A<b>vec une mise en route ultra rapide<\/b><\/h6><h6>A<b> un prix abordable pour toute entreprise .<\/b><\/h6><h6>Consultez la liste des modules suppl\u00e9mentaires ou contactez-nous au 32 (0)2 478 29 38 pour une r\u00e9ponse \u00e0 vos questions<\/h6><h6><b>Une vue rapide de MAFACT et de quelques modules<\/b><br \/><span style=\"font-size: 17px; letter-spacing: 0.4px; text-align: left;\">\u2192\u00a0<\/span>Gestion compl\u00e8te IN et OUT (d\u00e8s l&rsquo;offre ou l&rsquo;appel d&rsquo;offre),<br \/><span style=\"font-size: 17px; letter-spacing: 0.4px; text-align: left;\">\u2192\u00a0<\/span>Gestion des prospects, des repr\u00e9sentants, des multi fournisseurs, des contacts<br \/><span style=\"font-size: 17px; letter-spacing: 0.4px; text-align: left;\">\u2192\u00a0<\/span>Gestion des articles avec multi libell\u00e9 illimit\u00e9s,<br \/><span style=\"font-size: 17px; letter-spacing: 0.4px; text-align: left;\">\u2192\u00a0<\/span>Multi stock, multidevise, multilingue (FR \/ NL \/ UK), multi l\u00e9gislation,<br \/><span style=\"font-size: 17px; letter-spacing: 0.4px; text-align: left;\">\u2192\u00a0<\/span>Nomenclature sans limite de niveau,<br \/><span style=\"font-size: 17px; letter-spacing: 0.4px; text-align: left;\">\u2192\u00a0<\/span>R\u00e9servation sur le stock et commande fournisseur automatique,<br \/><span style=\"font-size: 17px; letter-spacing: 0.4px; text-align: left;\">\u2192\u00a0<\/span>Gestion des num\u00e9ros de s\u00e9rie et \/ ou de num\u00e9ro de lot,<br \/><span style=\"font-size: 17px; letter-spacing: 0.4px; text-align: left;\">\u2192\u00a0<\/span>Gestion de l&rsquo;INTRASTAT avec label officiel \u00ab\u00a0OK BNB\u00a0\u00bb en CUSDEC,<br \/><span style=\"font-size: 17px; letter-spacing: 0.4px; text-align: left;\">\u2192\u00a0<\/span>Gestion EDIFACT automatique (subset: Glaverbel et Cockeril),<br \/><span style=\"font-size: 17px; letter-spacing: 0.4px; text-align: left;\">\u2192\u00a0<\/span>Gestion des abonnements avec r\u00e9indexation,<br \/><span style=\"font-size: 17px; letter-spacing: 0.4px; text-align: left;\">\u2192\u00a0<\/span>Gestion des codes-barres,<br \/><span style=\"font-size: 17px; letter-spacing: 0.4px; text-align: left;\">\u2192\u00a0<\/span>Gestion des satellites,<br \/><span style=\"font-size: 17px; letter-spacing: 0.4px; text-align: left;\">\u2192\u00a0<\/span>Gestion Client\/Serveur<br \/>&#8230;.<\/h6>\t\t\t\t\t\t<\/div>\n\t\t\t\t<\/div>\n\t\t\t\t\t<\/div>\n\t\t<\/div>\n\t\t\t\t\t<\/div>\n\t\t<\/section>\n\t\t\t\t<\/div>\n\t\t","protected":false},"excerpt":{"rendered":"<p>Module de base Modules suppl\u00e9mentaires T\u00e9l\u00e9chargements Liste de prix Bien plus qu&rsquo;une simple gestion commerciale, MAFACT est un outil performant et adapt\u00e9. MAFACT s&rsquo;adresse \u00e0 toutes les entreprises qui ont des besoins de gestion. Que les besoins se limitent \u00e0 une simple gestion de stock IN et OUT ou \u00e0 faire des factures, ou que &#8230; <a title=\"Mafact full\" class=\"read-more\" href=\"https:\/\/www.mafact.com\/index.php\/mafact-full-2\/\" aria-label=\"More on Mafact full\">Lire la suite<\/a><\/p>\n","protected":false},"author":1,"featured_media":0,"parent":0,"menu_order":0,"comment_status":"closed","ping_status":"closed","template":"","meta":{"footnotes":""},"_links":{"self":[{"href":"https:\/\/www.mafact.com\/index.php\/wp-json\/wp\/v2\/pages\/443"}],"collection":[{"href":"https:\/\/www.mafact.com\/index.php\/wp-json\/wp\/v2\/pages"}],"about":[{"href":"https:\/\/www.mafact.com\/index.php\/wp-json\/wp\/v2\/types\/page"}],"author":[{"embeddable":true,"href":"https:\/\/www.mafact.com\/index.php\/wp-json\/wp\/v2\/users\/1"}],"replies":[{"embeddable":true,"href":"https:\/\/www.mafact.com\/index.php\/wp-json\/wp\/v2\/comments?post=443"}],"version-history":[{"count":40,"href":"https:\/\/www.mafact.com\/index.php\/wp-json\/wp\/v2\/pages\/443\/revisions"}],"predecessor-version":[{"id":3486,"href":"https:\/\/www.mafact.com\/index.php\/wp-json\/wp\/v2\/pages\/443\/revisions\/3486"}],"wp:attachment":[{"href":"https:\/\/www.mafact.com\/index.php\/wp-json\/wp\/v2\/media?parent=443"}],"curies":[{"name":"wp","href":"https:\/\/api.w.org\/{rel}","templated":true}]}}