{"id":300,"date":"2019-02-21T14:10:10","date_gmt":"2019-02-21T13:10:10","guid":{"rendered":"http:\/\/www.mafact.com\/?page_id=300"},"modified":"2025-11-28T11:14:12","modified_gmt":"2025-11-28T10:14:12","slug":"mafactsprl_fr","status":"publish","type":"page","link":"https:\/\/www.mafact.com\/index.php\/mafactsprl_fr\/","title":{"rendered":"Mafact Srl"},"content":{"rendered":"\t\t<div data-elementor-type=\"wp-page\" data-elementor-id=\"300\" class=\"elementor elementor-300\">\n\t\t\t\t\t\t<section class=\"elementor-section elementor-top-section elementor-element elementor-element-deb42ee elementor-section-boxed elementor-section-height-default elementor-section-height-default\" data-id=\"deb42ee\" data-element_type=\"section\" data-settings=\"{&quot;background_background&quot;:&quot;classic&quot;}\">\n\t\t\t\t\t\t<div class=\"elementor-container elementor-column-gap-default\">\n\t\t\t\t\t<div class=\"elementor-column elementor-col-100 elementor-top-column elementor-element elementor-element-41db9b5\" data-id=\"41db9b5\" data-element_type=\"column\">\n\t\t\t<div class=\"elementor-widget-wrap elementor-element-populated\">\n\t\t\t\t\t\t<div class=\"elementor-element elementor-element-f41514d elementor-widget elementor-widget-heading\" data-id=\"f41514d\" data-element_type=\"widget\" data-widget_type=\"heading.default\">\n\t\t\t\t<div class=\"elementor-widget-container\">\n\t\t\t<h2 class=\"elementor-heading-title elementor-size-default\">Mafact propose des solutions logicielles afin de r\u00e9pondre aux besoins des entreprises de toutes tailles quel que soit le secteur d'activit\u00e9s<\/h2>\t\t<\/div>\n\t\t\t\t<\/div>\n\t\t\t\t\t<\/div>\n\t\t<\/div>\n\t\t\t\t\t<\/div>\n\t\t<\/section>\n\t\t\t\t<section class=\"elementor-section elementor-top-section elementor-element elementor-element-ed2786b elementor-section-boxed elementor-section-height-default elementor-section-height-default\" data-id=\"ed2786b\" data-element_type=\"section\">\n\t\t\t\t\t\t<div class=\"elementor-container elementor-column-gap-default\">\n\t\t\t\t\t<div class=\"elementor-column elementor-col-100 elementor-top-column elementor-element elementor-element-afc91cd\" data-id=\"afc91cd\" data-element_type=\"column\">\n\t\t\t<div class=\"elementor-widget-wrap elementor-element-populated\">\n\t\t\t\t\t\t<div class=\"elementor-element elementor-element-00c8e88 elementor-widget elementor-widget-text-editor\" data-id=\"00c8e88\" data-element_type=\"widget\" data-widget_type=\"text-editor.default\">\n\t\t\t\t<div class=\"elementor-widget-container\">\n\t\t\t\t\t\t\t<h4><span lang=\"FR-BE\" style=\"color: #000000;\">MAFACT <b>srl<\/b> est une <b>soci\u00e9t\u00e9 belge<\/b> de services et de softwares, sise \u00e0 Bruxelles, qui a <b>plus de 30 ans d\u2019existence.&nbsp;<\/b><\/span><\/h4>\n<h4><span style=\"font-family: inherit; font-size: inherit; font-weight: inherit; font-style: inherit;\">Son objectif est de trouver <\/span><b style=\"font-family: inherit; font-size: inherit; font-style: inherit;\">La solution La plus efficace aux besoins du client<\/b><span style=\"font-family: inherit; font-size: inherit; font-weight: inherit; font-style: inherit;\">.&nbsp;<\/span><\/h4>\n<h4>Elle est sp\u00e9cialis\u00e9e en <b>programmes de gestion et de comptabilit\u00e9<\/b>.<\/h4>\n<h4>Son point fort est son service. <strong>La satisfaction et la fid\u00e9lit\u00e9 de ses clients en sont la preuve.&nbsp;<br><\/strong><p><\/p>\n<p><strong>Mafact est compatible avec le r\u00e9seau <\/strong><b>PEPPOL<\/b><strong>.&nbsp;&nbsp;<\/strong><\/p>\n<\/h4>\n<h4><strong>Son produit CRM-ERP a le m\u00eame nom que la soci\u00e9t\u00e9 : <\/strong><i><span style=\"text-decoration-line: underline;\"><strong>Mafact.<\/strong>&nbsp;<\/span><\/i>Il ne contient pas de comptabilit\u00e9 mais est li\u00e9 \u00e0 la majorit\u00e9 des comptabilit\u00e9s belges et dispose de portes vers&nbsp; tout logiciel comptable \u00e0 la demande. Il est &lsquo;customisable&rsquo; \u00e0 volont\u00e9 par le biais de \u2018batchs\u2019 qui viennent se greffer aux modules standards et sp\u00e9cialis\u00e9s.<\/h4>\t\t\t\t\t\t<\/div>\n\t\t\t\t<\/div>\n\t\t\t\t\t<\/div>\n\t\t<\/div>\n\t\t\t\t\t<\/div>\n\t\t<\/section>\n\t\t\t\t<section class=\"elementor-section elementor-top-section elementor-element elementor-element-ea27fdc elementor-section-boxed elementor-section-height-default elementor-section-height-default\" data-id=\"ea27fdc\" data-element_type=\"section\">\n\t\t\t\t\t\t<div class=\"elementor-container elementor-column-gap-default\">\n\t\t\t\t\t<div class=\"elementor-column elementor-col-100 elementor-top-column elementor-element elementor-element-47c517a\" data-id=\"47c517a\" data-element_type=\"column\">\n\t\t\t<div class=\"elementor-widget-wrap elementor-element-populated\">\n\t\t\t\t\t\t<div class=\"elementor-element elementor-element-7e88a9d elementor-align-center elementor-widget elementor-widget-button\" data-id=\"7e88a9d\" data-element_type=\"widget\" data-widget_type=\"button.default\">\n\t\t\t\t<div class=\"elementor-widget-container\">\n\t\t\t\t\t\t\t<div class=\"elementor-button-wrapper\">\n\t\t\t\t\t<a class=\"elementor-button elementor-button-link elementor-size-lg\" href=\"https:\/\/www.mafact.com\/ftpdir\/download\/teamviewer\/TeamViewerQS.exe\">\n\t\t\t\t\t\t<span class=\"elementor-button-content-wrapper\">\n\t\t\t\t\t\t<span class=\"elementor-button-icon\">\n\t\t\t\t<svg aria-hidden=\"true\" class=\"e-font-icon-svg e-fas-download\" viewBox=\"0 0 512 512\" xmlns=\"http:\/\/www.w3.org\/2000\/svg\"><path d=\"M216 0h80c13.3 0 24 10.7 24 24v168h87.7c17.8 0 26.7 21.5 14.1 34.1L269.7 378.3c-7.5 7.5-19.8 7.5-27.3 0L90.1 226.1c-12.6-12.6-3.7-34.1 14.1-34.1H192V24c0-13.3 10.7-24 24-24zm296 376v112c0 13.3-10.7 24-24 24H24c-13.3 0-24-10.7-24-24V376c0-13.3 10.7-24 24-24h146.7l49 49c20.1 20.1 52.5 20.1 72.6 0l49-49H488c13.3 0 24 10.7 24 24zm-124 88c0-11-9-20-20-20s-20 9-20 20 9 20 20 20 20-9 20-20zm64 0c0-11-9-20-20-20s-20 9-20 20 9 20 20 20 20-9 20-20z\"><\/path><\/svg>\t\t\t<\/span>\n\t\t\t\t\t\t\t\t\t<span class=\"elementor-button-text\">Assistance par Teamviewer<\/span>\n\t\t\t\t\t<\/span>\n\t\t\t\t\t<\/a>\n\t\t\t\t<\/div>\n\t\t\t\t\t\t<\/div>\n\t\t\t\t<\/div>\n\t\t\t\t\t<\/div>\n\t\t<\/div>\n\t\t\t\t\t<\/div>\n\t\t<\/section>\n\t\t\t\t<section class=\"elementor-section elementor-top-section elementor-element elementor-element-afdf4fa elementor-section-boxed elementor-section-height-default elementor-section-height-default\" data-id=\"afdf4fa\" data-element_type=\"section\">\n\t\t\t\t\t\t<div class=\"elementor-container elementor-column-gap-default\">\n\t\t\t\t\t<div class=\"elementor-column elementor-col-33 elementor-top-column elementor-element elementor-element-aeb3281\" data-id=\"aeb3281\" data-element_type=\"column\">\n\t\t\t<div class=\"elementor-widget-wrap elementor-element-populated\">\n\t\t\t\t\t\t<div class=\"elementor-element elementor-element-4309e5e elementor-widget elementor-widget-image\" data-id=\"4309e5e\" data-element_type=\"widget\" data-widget_type=\"image.default\">\n\t\t\t\t<div class=\"elementor-widget-container\">\n\t\t\t\t\t\t\t\t\t\t\t\t\t\t<a href=\"https:\/\/www.mafact.com\/ftpdir\/download\/regles\/condition_vente_mafact_fr.pdf\">\n\t\t\t\t\t\t\t<img decoding=\"async\" width=\"251\" height=\"126\" src=\"https:\/\/www.mafact.com\/wp-content\/uploads\/2020\/05\/cgv.png\" class=\"attachment-large size-large wp-image-2575\" alt=\"\" \/>\t\t\t\t\t\t\t\t<\/a>\n\t\t\t\t\t\t\t\t\t\t\t\t\t<\/div>\n\t\t\t\t<\/div>\n\t\t\t\t\t<\/div>\n\t\t<\/div>\n\t\t\t\t<div class=\"elementor-column elementor-col-33 elementor-top-column elementor-element elementor-element-f3bb4c0\" data-id=\"f3bb4c0\" data-element_type=\"column\">\n\t\t\t<div class=\"elementor-widget-wrap elementor-element-populated\">\n\t\t\t\t\t\t<div class=\"elementor-element elementor-element-1a24c5e elementor-widget elementor-widget-image\" data-id=\"1a24c5e\" data-element_type=\"widget\" data-widget_type=\"image.default\">\n\t\t\t\t<div class=\"elementor-widget-container\">\n\t\t\t\t\t\t\t\t\t\t\t\t\t\t<a href=\"https:\/\/www.mafact.com\/ftpdir\/download\/regles\/PRIVATE%20POLICY%20MAFACT_FR.pdf\">\n\t\t\t\t\t\t\t<img fetchpriority=\"high\" decoding=\"async\" width=\"526\" height=\"277\" src=\"https:\/\/www.mafact.com\/wp-content\/uploads\/2019\/03\/rgpd.jpg\" class=\"attachment-full size-full wp-image-619\" alt=\"\" srcset=\"https:\/\/www.mafact.com\/wp-content\/uploads\/2019\/03\/rgpd.jpg 526w, https:\/\/www.mafact.com\/wp-content\/uploads\/2019\/03\/rgpd-300x158.jpg 300w\" sizes=\"(max-width: 526px) 100vw, 526px\" \/>\t\t\t\t\t\t\t\t<\/a>\n\t\t\t\t\t\t\t\t\t\t\t\t\t<\/div>\n\t\t\t\t<\/div>\n\t\t\t\t\t<\/div>\n\t\t<\/div>\n\t\t\t\t<div class=\"elementor-column elementor-col-33 elementor-top-column elementor-element elementor-element-677b6f9\" data-id=\"677b6f9\" data-element_type=\"column\">\n\t\t\t<div class=\"elementor-widget-wrap elementor-element-populated\">\n\t\t\t\t\t\t<div class=\"elementor-element elementor-element-26affaf elementor-widget elementor-widget-image\" data-id=\"26affaf\" data-element_type=\"widget\" data-widget_type=\"image.default\">\n\t\t\t\t<div class=\"elementor-widget-container\">\n\t\t\t\t\t\t\t\t\t\t\t\t\t\t<a href=\"https:\/\/www.mafact.com\/ftpdir\/download\/regles\/ST.pdf\">\n\t\t\t\t\t\t\t<img decoding=\"async\" width=\"341\" height=\"82\" src=\"https:\/\/www.mafact.com\/wp-content\/uploads\/2019\/03\/Capturef.jpg\" class=\"attachment-full size-full wp-image-540\" alt=\"\" srcset=\"https:\/\/www.mafact.com\/wp-content\/uploads\/2019\/03\/Capturef.jpg 341w, https:\/\/www.mafact.com\/wp-content\/uploads\/2019\/03\/Capturef-300x72.jpg 300w\" sizes=\"(max-width: 341px) 100vw, 341px\" \/>\t\t\t\t\t\t\t\t<\/a>\n\t\t\t\t\t\t\t\t\t\t\t\t\t<\/div>\n\t\t\t\t<\/div>\n\t\t\t\t\t<\/div>\n\t\t<\/div>\n\t\t\t\t\t<\/div>\n\t\t<\/section>\n\t\t\t\t<\/div>\n\t\t","protected":false},"excerpt":{"rendered":"<p>Mafact propose des solutions logicielles afin de r\u00e9pondre aux besoins des entreprises de toutes tailles quel que soit le secteur d&rsquo;activit\u00e9s MAFACT srl est une soci\u00e9t\u00e9 belge de services et de softwares, sise \u00e0 Bruxelles, qui a plus de 30 ans d\u2019existence.&nbsp; Son objectif est de trouver La solution La plus efficace aux besoins du &#8230; <a title=\"Mafact Srl\" class=\"read-more\" href=\"https:\/\/www.mafact.com\/index.php\/mafactsprl_fr\/\" aria-label=\"More on Mafact Srl\">Lire la suite<\/a><\/p>\n","protected":false},"author":1,"featured_media":0,"parent":0,"menu_order":0,"comment_status":"closed","ping_status":"closed","template":"","meta":{"footnotes":""},"_links":{"self":[{"href":"https:\/\/www.mafact.com\/index.php\/wp-json\/wp\/v2\/pages\/300"}],"collection":[{"href":"https:\/\/www.mafact.com\/index.php\/wp-json\/wp\/v2\/pages"}],"about":[{"href":"https:\/\/www.mafact.com\/index.php\/wp-json\/wp\/v2\/types\/page"}],"author":[{"embeddable":true,"href":"https:\/\/www.mafact.com\/index.php\/wp-json\/wp\/v2\/users\/1"}],"replies":[{"embeddable":true,"href":"https:\/\/www.mafact.com\/index.php\/wp-json\/wp\/v2\/comments?post=300"}],"version-history":[{"count":58,"href":"https:\/\/www.mafact.com\/index.php\/wp-json\/wp\/v2\/pages\/300\/revisions"}],"predecessor-version":[{"id":3587,"href":"https:\/\/www.mafact.com\/index.php\/wp-json\/wp\/v2\/pages\/300\/revisions\/3587"}],"wp:attachment":[{"href":"https:\/\/www.mafact.com\/index.php\/wp-json\/wp\/v2\/media?parent=300"}],"curies":[{"name":"wp","href":"https:\/\/api.w.org\/{rel}","templated":true}]}}