{"id":279,"date":"2019-02-20T14:20:52","date_gmt":"2019-02-20T13:20:52","guid":{"rendered":"http:\/\/www.mafact.com\/?page_id=279"},"modified":"2024-11-28T17:22:59","modified_gmt":"2024-11-28T16:22:59","slug":"consolidaton","status":"publish","type":"page","link":"https:\/\/www.mafact.com\/index.php\/consolidaton\/","title":{"rendered":"Consolidation"},"content":{"rendered":"\t\t<div data-elementor-type=\"wp-page\" data-elementor-id=\"279\" class=\"elementor elementor-279\">\n\t\t\t\t\t\t<section class=\"elementor-section elementor-top-section elementor-element elementor-element-58168b7 elementor-section-boxed elementor-section-height-default elementor-section-height-default\" data-id=\"58168b7\" data-element_type=\"section\">\n\t\t\t\t\t\t<div class=\"elementor-container elementor-column-gap-default\">\n\t\t\t\t\t<div class=\"elementor-column elementor-col-100 elementor-top-column elementor-element elementor-element-45eae41\" data-id=\"45eae41\" data-element_type=\"column\">\n\t\t\t<div class=\"elementor-widget-wrap elementor-element-populated\">\n\t\t\t\t\t\t<div class=\"elementor-element elementor-element-7f19ef3 elementor-widget elementor-widget-heading\" data-id=\"7f19ef3\" data-element_type=\"widget\" data-widget_type=\"heading.default\">\n\t\t\t\t<div class=\"elementor-widget-container\">\n\t\t\t<h2 class=\"elementor-heading-title elementor-size-large\">Consolidation<\/h2>\t\t<\/div>\n\t\t\t\t<\/div>\n\t\t\t\t\t<\/div>\n\t\t<\/div>\n\t\t\t\t\t<\/div>\n\t\t<\/section>\n\t\t\t\t<section class=\"elementor-section elementor-top-section elementor-element elementor-element-0e788aa elementor-section-boxed elementor-section-height-default elementor-section-height-default\" data-id=\"0e788aa\" data-element_type=\"section\">\n\t\t\t\t\t\t<div class=\"elementor-container elementor-column-gap-default\">\n\t\t\t\t\t<div class=\"elementor-column elementor-col-100 elementor-top-column elementor-element elementor-element-4dc99e1\" data-id=\"4dc99e1\" data-element_type=\"column\">\n\t\t\t<div class=\"elementor-widget-wrap elementor-element-populated\">\n\t\t\t\t\t\t<div class=\"elementor-element elementor-element-a5d5d99 elementor-widget elementor-widget-text-editor\" data-id=\"a5d5d99\" data-element_type=\"widget\" data-widget_type=\"text-editor.default\">\n\t\t\t\t<div class=\"elementor-widget-container\">\n\t\t\t\t\t\t\t<p><span lang=\"FR\" style=\"color: black; mso-themecolor: text1; mso-ansi-language: FR;\">La consolidation comptable consiste \u00e0 \u00e9tablir les \u00e9tats financiers d&rsquo;un groupe de soci\u00e9t\u00e9s, pour publication mais aussi pour ses besoins internes. <br \/><\/span><\/p><p><span lang=\"FR\" style=\"color: black; mso-themecolor: text1; mso-ansi-language: FR;\">Elle agr\u00e8ge pour cela les comptabilit\u00e9s de chacune des soci\u00e9t\u00e9s qui composent ce groupe et op\u00e8re des retraitements afin de faire comme s&rsquo;il ne s&rsquo;agissait que d&rsquo;une entit\u00e9 unique. <br \/><\/span><\/p><p><span lang=\"FR\" style=\"color: black; mso-themecolor: text1; mso-ansi-language: FR;\">Le mot \u00ab\u00a0<\/span><span lang=\"FR\" style=\"color: black;\">consolidation<\/span><span lang=\"FR\" style=\"color: black; mso-themecolor: text1; mso-ansi-language: FR;\">\u00a0\u00bb est ici un anglicisme d\u00e9riv\u00e9 de \u00ab\u00a0to consolidate\u00a0\u00bb qui signifie \u00ab\u00a0grouper\u00a0\u00bb.<\/span><\/p><p><span style=\"mso-bookmark: OLE_LINK47;\"><span style=\"mso-bookmark: OLE_LINK5;\"><span lang=\"FR\" style=\"color: black; mso-themecolor: text1; mso-ansi-language: FR;\">Les \u00e9tats financiers consolid\u00e9s (ou \u00ab\u00a0comptes\u00a0\u00bb consolid\u00e9s), dont bilan<\/span><\/span><\/span><span style=\"mso-bookmark: OLE_LINK47;\"><span style=\"mso-bookmark: OLE_LINK5;\"><span lang=\"FR\" style=\"color: black; mso-themecolor: text1; mso-ansi-language: FR;\"> consolid\u00e9 et le compte de r\u00e9sultat<\/span><\/span><\/span><span style=\"mso-bookmark: OLE_LINK47;\"><span style=\"mso-bookmark: OLE_LINK5;\"><span lang=\"FR\" style=\"color: black; mso-themecolor: text1; mso-ansi-language: FR;\"> consolid\u00e9, sont \u00e9tablis, comme s\u2019il s\u2019agissait d\u2019une seule et m\u00eame entreprise<\/span><\/span><\/span><span style=\"mso-bookmark: OLE_LINK47;\"><span style=\"mso-bookmark: OLE_LINK5;\"><span lang=\"FR\" style=\"color: black; mso-themecolor: text1; mso-ansi-language: FR;\">. Sous certaines conditions, l\u2019\u00e9tablissement des comptes consolid\u00e9s est obligatoire.<\/span><\/span><\/span><\/p><p><span style=\"mso-bookmark: OLE_LINK47;\"><span style=\"mso-bookmark: OLE_LINK5;\"><span lang=\"FR\" style=\"color: black; mso-themecolor: text1; mso-ansi-language: FR;\">L&rsquo;acteur principal de la <\/span><\/span><\/span><span style=\"mso-bookmark: OLE_LINK47;\"><span style=\"mso-bookmark: OLE_LINK5;\"><span lang=\"FR\" style=\"color: black; mso-themecolor: text1; mso-ansi-language: FR; text-decoration: none; text-underline: none;\">consolidation<\/span><\/span><\/span><span style=\"mso-bookmark: OLE_LINK47;\"><span style=\"mso-bookmark: OLE_LINK5;\"><span lang=\"FR\" style=\"color: black; mso-themecolor: text1; mso-ansi-language: FR;\"> est le consolidateur, ou consolideur. Ce dernier peut \u00eatre interne au groupe, il op\u00e8re le plus souvent au sein de la direction financi\u00e8re, au m\u00eame <\/span><\/span><\/span><span style=\"mso-bookmark: OLE_LINK47;\"><span style=\"mso-bookmark: OLE_LINK5;\"><span lang=\"FR\" style=\"color: black; mso-themecolor: text1; mso-ansi-language: FR; text-decoration: none; text-underline: none;\">titre<\/span><\/span><\/span><span style=\"mso-bookmark: OLE_LINK47;\"><span style=\"mso-bookmark: OLE_LINK5;\"><span lang=\"FR\" style=\"color: black; mso-themecolor: text1; mso-ansi-language: FR;\"> que le <\/span><\/span><\/span><span style=\"mso-bookmark: OLE_LINK47;\"><span style=\"mso-bookmark: OLE_LINK5;\"><span lang=\"FR\" style=\"color: black; mso-themecolor: text1; mso-ansi-language: FR; text-decoration: none; text-underline: none;\">contr\u00f4leur<\/span><\/span><\/span><span style=\"mso-bookmark: OLE_LINK47;\"><span style=\"mso-bookmark: OLE_LINK5;\"><span lang=\"FR\" style=\"color: black; mso-themecolor: text1; mso-ansi-language: FR;\"> de <\/span><\/span><\/span><span style=\"mso-bookmark: OLE_LINK47;\"><span style=\"mso-bookmark: OLE_LINK5;\"><span lang=\"FR\" style=\"color: black; mso-themecolor: text1; mso-ansi-language: FR; text-decoration: none; text-underline: none;\">gestion<\/span><\/span><\/span><span style=\"mso-bookmark: OLE_LINK47;\"><span style=\"mso-bookmark: OLE_LINK5;\"><span lang=\"FR\" style=\"color: black; mso-themecolor: text1; mso-ansi-language: FR;\"> ou externe au groupe.<\/span><\/span><\/span><\/p><p><span style=\"mso-bookmark: OLE_LINK47;\"><span style=\"mso-bookmark: OLE_LINK5;\"><span lang=\"FR\" style=\"color: black; mso-themecolor: text1; mso-ansi-language: FR;\">Ce programme consolide des soci\u00e9t\u00e9s g\u00e9r\u00e9e avec le programme <b>WINBOOKS<\/b>.<\/span><\/span><\/span><\/p><p><span style=\"mso-bookmark: OLE_LINK47;\"><span style=\"mso-bookmark: OLE_LINK5;\"><span lang=\"FR\" style=\"color: black; mso-themecolor: text1; mso-ansi-language: FR;\"><b>Le programme cr\u00e9e <\/b><br \/>&#8211; une Op\u00e9ration Diverse, par p\u00e9riode ou une Op\u00e9ration Diverse Globale<br \/>&#8211; dans un dossier de regroupement de WINBOOKS<br \/>&#8211; sur base des balances d&rsquo;un ou plusieurs dossiers de WINBOOKS<br \/>&#8211; avec ou sans tenir compte d&rsquo;un transfert de compte<br \/>&#8211; avec ou sans pourcentage, li\u00e9 au dossier de source ou au compte,<br \/>&#8211; avec ou sans, les donn\u00e9es analytiques, li\u00e9es aux comptes de la ou des balances<\/span><\/span><\/span><\/p><p>L<b>a CONSOLIDATION permet <\/b><br \/>&#8211; de transf\u00e9rer le total du d\u00e9bit et du cr\u00e9dit d&rsquo;un compte vers le m\u00eame compte<br \/>&#8211; de transf\u00e9rer le total du d\u00e9bit et du cr\u00e9dit d&rsquo;un compte vers un autre compte<br \/>&#8211; de transf\u00e9rer un pourcentage du d\u00e9bit et du cr\u00e9dit d&rsquo;un compte vers le m\u00eame compte<br \/>&#8211; de transf\u00e9rer un pourcentage du d\u00e9bit et du cr\u00e9dit d&rsquo;un compte vers un autre compte<\/p>\t\t\t\t\t\t<\/div>\n\t\t\t\t<\/div>\n\t\t\t\t\t<\/div>\n\t\t<\/div>\n\t\t\t\t\t<\/div>\n\t\t<\/section>\n\t\t\t\t<section class=\"elementor-section elementor-top-section elementor-element elementor-element-2fea145 elementor-section-boxed elementor-section-height-default elementor-section-height-default\" data-id=\"2fea145\" data-element_type=\"section\">\n\t\t\t\t\t\t<div class=\"elementor-container elementor-column-gap-default\">\n\t\t\t\t\t<div class=\"elementor-column elementor-col-100 elementor-top-column elementor-element elementor-element-3717fb6\" data-id=\"3717fb6\" data-element_type=\"column\">\n\t\t\t<div class=\"elementor-widget-wrap elementor-element-populated\">\n\t\t\t\t\t\t<div class=\"elementor-element elementor-element-3125a6b elementor-align-center elementor-widget elementor-widget-button\" data-id=\"3125a6b\" data-element_type=\"widget\" data-widget_type=\"button.default\">\n\t\t\t\t<div class=\"elementor-widget-container\">\n\t\t\t\t\t\t\t<div class=\"elementor-button-wrapper\">\n\t\t\t\t\t<a class=\"elementor-button elementor-button-link elementor-size-sm\" href=\"https:\/\/www.mafact.com\/ftpdir\/download\/Conso\/CONSOLIDATION_WINBOOKS_NEW.pdf\">\n\t\t\t\t\t\t<span class=\"elementor-button-content-wrapper\">\n\t\t\t\t\t\t<span class=\"elementor-button-icon\">\n\t\t\t\t<svg aria-hidden=\"true\" class=\"e-font-icon-svg e-fas-book\" viewBox=\"0 0 448 512\" xmlns=\"http:\/\/www.w3.org\/2000\/svg\"><path d=\"M448 360V24c0-13.3-10.7-24-24-24H96C43 0 0 43 0 96v320c0 53 43 96 96 96h328c13.3 0 24-10.7 24-24v-16c0-7.5-3.5-14.3-8.9-18.7-4.2-15.4-4.2-59.3 0-74.7 5.4-4.3 8.9-11.1 8.9-18.6zM128 134c0-3.3 2.7-6 6-6h212c3.3 0 6 2.7 6 6v20c0 3.3-2.7 6-6 6H134c-3.3 0-6-2.7-6-6v-20zm0 64c0-3.3 2.7-6 6-6h212c3.3 0 6 2.7 6 6v20c0 3.3-2.7 6-6 6H134c-3.3 0-6-2.7-6-6v-20zm253.4 250H96c-17.7 0-32-14.3-32-32 0-17.6 14.4-32 32-32h285.4c-1.9 17.1-1.9 46.9 0 64z\"><\/path><\/svg>\t\t\t<\/span>\n\t\t\t\t\t\t\t\t\t<span class=\"elementor-button-text\">Manuel<\/span>\n\t\t\t\t\t<\/span>\n\t\t\t\t\t<\/a>\n\t\t\t\t<\/div>\n\t\t\t\t\t\t<\/div>\n\t\t\t\t<\/div>\n\t\t\t\t\t<\/div>\n\t\t<\/div>\n\t\t\t\t\t<\/div>\n\t\t<\/section>\n\t\t\t\t<\/div>\n\t\t","protected":false},"excerpt":{"rendered":"<p>Consolidation La consolidation comptable consiste \u00e0 \u00e9tablir les \u00e9tats financiers d&rsquo;un groupe de soci\u00e9t\u00e9s, pour publication mais aussi pour ses besoins internes. Elle agr\u00e8ge pour cela les comptabilit\u00e9s de chacune des soci\u00e9t\u00e9s qui composent ce groupe et op\u00e8re des retraitements afin de faire comme s&rsquo;il ne s&rsquo;agissait que d&rsquo;une entit\u00e9 unique. Le mot \u00ab\u00a0consolidation\u00a0\u00bb est &#8230; <a title=\"Consolidation\" class=\"read-more\" href=\"https:\/\/www.mafact.com\/index.php\/consolidaton\/\" aria-label=\"More on Consolidation\">Lire la suite<\/a><\/p>\n","protected":false},"author":1,"featured_media":0,"parent":0,"menu_order":0,"comment_status":"closed","ping_status":"closed","template":"","meta":{"footnotes":""},"_links":{"self":[{"href":"https:\/\/www.mafact.com\/index.php\/wp-json\/wp\/v2\/pages\/279"}],"collection":[{"href":"https:\/\/www.mafact.com\/index.php\/wp-json\/wp\/v2\/pages"}],"about":[{"href":"https:\/\/www.mafact.com\/index.php\/wp-json\/wp\/v2\/types\/page"}],"author":[{"embeddable":true,"href":"https:\/\/www.mafact.com\/index.php\/wp-json\/wp\/v2\/users\/1"}],"replies":[{"embeddable":true,"href":"https:\/\/www.mafact.com\/index.php\/wp-json\/wp\/v2\/comments?post=279"}],"version-history":[{"count":31,"href":"https:\/\/www.mafact.com\/index.php\/wp-json\/wp\/v2\/pages\/279\/revisions"}],"predecessor-version":[{"id":3554,"href":"https:\/\/www.mafact.com\/index.php\/wp-json\/wp\/v2\/pages\/279\/revisions\/3554"}],"wp:attachment":[{"href":"https:\/\/www.mafact.com\/index.php\/wp-json\/wp\/v2\/media?parent=279"}],"curies":[{"name":"wp","href":"https:\/\/api.w.org\/{rel}","templated":true}]}}