{"id":1893,"date":"2019-08-08T15:35:04","date_gmt":"2019-08-08T13:35:04","guid":{"rendered":"http:\/\/www.mafact.com\/?page_id=1893"},"modified":"2023-08-09T16:19:42","modified_gmt":"2023-08-09T14:19:42","slug":"portail-connect-nl","status":"publish","type":"page","link":"https:\/\/www.mafact.com\/index.php\/portail-connect-nl\/","title":{"rendered":"Portail connect"},"content":{"rendered":"\t\t<div data-elementor-type=\"wp-page\" data-elementor-id=\"1893\" class=\"elementor elementor-1893\">\n\t\t\t\t\t\t<section class=\"elementor-section elementor-top-section elementor-element elementor-element-e1a5d4a elementor-section-boxed elementor-section-height-default elementor-section-height-default\" data-id=\"e1a5d4a\" data-element_type=\"section\">\n\t\t\t\t\t\t<div class=\"elementor-container elementor-column-gap-default\">\n\t\t\t\t\t<div class=\"elementor-column elementor-col-50 elementor-top-column elementor-element elementor-element-e611460\" data-id=\"e611460\" data-element_type=\"column\">\n\t\t\t<div class=\"elementor-widget-wrap elementor-element-populated\">\n\t\t\t\t\t\t<div class=\"elementor-element elementor-element-c695c72 elementor-widget__width-initial elementor-absolute elementor-widget elementor-widget-image\" data-id=\"c695c72\" data-element_type=\"widget\" data-settings=\"{&quot;_position&quot;:&quot;absolute&quot;}\" data-widget_type=\"image.default\">\n\t\t\t\t<div class=\"elementor-widget-container\">\n\t\t\t\t\t\t\t\t\t\t\t\t\t<img fetchpriority=\"high\" decoding=\"async\" width=\"256\" height=\"257\" src=\"https:\/\/www.mafact.com\/wp-content\/uploads\/2019\/08\/connect.png\" class=\"attachment-large size-large wp-image-1747\" alt=\"\" srcset=\"https:\/\/www.mafact.com\/wp-content\/uploads\/2019\/08\/connect.png 256w, https:\/\/www.mafact.com\/wp-content\/uploads\/2019\/08\/connect-150x150.png 150w\" sizes=\"(max-width: 256px) 100vw, 256px\" \/>\t\t\t\t\t\t\t\t\t\t\t\t\t<\/div>\n\t\t\t\t<\/div>\n\t\t\t\t\t<\/div>\n\t\t<\/div>\n\t\t\t\t<div class=\"elementor-column elementor-col-50 elementor-top-column elementor-element elementor-element-3c5c98a\" data-id=\"3c5c98a\" data-element_type=\"column\">\n\t\t\t<div class=\"elementor-widget-wrap elementor-element-populated\">\n\t\t\t\t\t\t<div class=\"elementor-element elementor-element-d0c2233 elementor-icon-list--layout-traditional elementor-list-item-link-full_width elementor-widget elementor-widget-icon-list\" data-id=\"d0c2233\" data-element_type=\"widget\" data-widget_type=\"icon-list.default\">\n\t\t\t\t<div class=\"elementor-widget-container\">\n\t\t\t\t\t<ul class=\"elementor-icon-list-items\">\n\t\t\t\t\t\t\t<li class=\"elementor-icon-list-item\">\n\t\t\t\t\t\t\t\t\t\t\t<a href=\"https:\/\/help.winbooks.be\/display\/HelpCoFr\">\n\n\t\t\t\t\t\t\t\t\t\t\t\t<span class=\"elementor-icon-list-icon\">\n\t\t\t\t\t\t\t<svg aria-hidden=\"true\" class=\"e-font-icon-svg e-fas-circle\" viewBox=\"0 0 512 512\" xmlns=\"http:\/\/www.w3.org\/2000\/svg\"><path d=\"M256 8C119 8 8 119 8 256s111 248 248 248 248-111 248-248S393 8 256 8z\"><\/path><\/svg>\t\t\t\t\t\t<\/span>\n\t\t\t\t\t\t\t\t\t\t<span class=\"elementor-icon-list-text\">Manuel Connect<\/span>\n\t\t\t\t\t\t\t\t\t\t\t<\/a>\n\t\t\t\t\t\t\t\t\t<\/li>\n\t\t\t\t\t\t\t\t<li class=\"elementor-icon-list-item\">\n\t\t\t\t\t\t\t\t\t\t\t<a href=\"https:\/\/help.winbooks.be\/display\/HelpWDPfr\">\n\n\t\t\t\t\t\t\t\t\t\t\t\t<span class=\"elementor-icon-list-icon\">\n\t\t\t\t\t\t\t<svg aria-hidden=\"true\" class=\"e-font-icon-svg e-fas-circle\" viewBox=\"0 0 512 512\" xmlns=\"http:\/\/www.w3.org\/2000\/svg\"><path d=\"M256 8C119 8 8 119 8 256s111 248 248 248 248-111 248-248S393 8 256 8z\"><\/path><\/svg>\t\t\t\t\t\t<\/span>\n\t\t\t\t\t\t\t\t\t\t<span class=\"elementor-icon-list-text\">Manuel Portail<\/span>\n\t\t\t\t\t\t\t\t\t\t\t<\/a>\n\t\t\t\t\t\t\t\t\t<\/li>\n\t\t\t\t\t\t<\/ul>\n\t\t\t\t<\/div>\n\t\t\t\t<\/div>\n\t\t\t\t\t<\/div>\n\t\t<\/div>\n\t\t\t\t\t<\/div>\n\t\t<\/section>\n\t\t\t\t<section class=\"elementor-section elementor-top-section elementor-element elementor-element-f2340e6 elementor-section-boxed elementor-section-height-default elementor-section-height-default\" data-id=\"f2340e6\" data-element_type=\"section\">\n\t\t\t\t\t\t<div class=\"elementor-container elementor-column-gap-default\">\n\t\t\t\t\t<div class=\"elementor-column elementor-col-100 elementor-top-column elementor-element elementor-element-fe65aaf\" data-id=\"fe65aaf\" data-element_type=\"column\">\n\t\t\t<div class=\"elementor-widget-wrap elementor-element-populated\">\n\t\t\t\t\t\t<div class=\"elementor-element elementor-element-934eb0e elementor-widget__width-initial elementor-absolute elementor-widget elementor-widget-image\" data-id=\"934eb0e\" data-element_type=\"widget\" data-settings=\"{&quot;_position&quot;:&quot;absolute&quot;}\" data-widget_type=\"image.default\">\n\t\t\t\t<div class=\"elementor-widget-container\">\n\t\t\t\t\t\t\t\t\t\t\t\t\t<img decoding=\"async\" width=\"300\" height=\"186\" src=\"https:\/\/www.mafact.com\/wp-content\/uploads\/2019\/08\/virtualinvoice-2-300x186.jpg\" class=\"attachment-medium size-medium wp-image-1778\" alt=\"\" srcset=\"https:\/\/www.mafact.com\/wp-content\/uploads\/2019\/08\/virtualinvoice-2-300x186.jpg 300w, https:\/\/www.mafact.com\/wp-content\/uploads\/2019\/08\/virtualinvoice-2-768x475.jpg 768w, https:\/\/www.mafact.com\/wp-content\/uploads\/2019\/08\/virtualinvoice-2-1024x633.jpg 1024w\" sizes=\"(max-width: 300px) 100vw, 300px\" \/>\t\t\t\t\t\t\t\t\t\t\t\t\t<\/div>\n\t\t\t\t<\/div>\n\t\t\t\t<div class=\"elementor-element elementor-element-3ca27a6 elementor-widget elementor-widget-text-editor\" data-id=\"3ca27a6\" data-element_type=\"widget\" data-widget_type=\"text-editor.default\">\n\t\t\t\t<div class=\"elementor-widget-container\">\n\t\t\t\t\t\t\t<h4>Portail WinBooks Connect<br \/>Le fondement du bin\u00f4me comptable &#8211; client<br \/>V\u00e9ritable plateforme collaborative, WinBooks Connect permet l\u2019\u00e9change de documents entre le client et sa fiduciaire, mais il offre \u00e9galement un large \u00e9ventail de services accessibles partout et \u00e0 tout moment via internet. <\/h4>\t\t\t\t\t\t<\/div>\n\t\t\t\t<\/div>\n\t\t\t\t\t<\/div>\n\t\t<\/div>\n\t\t\t\t\t<\/div>\n\t\t<\/section>\n\t\t\t\t<section class=\"elementor-section elementor-top-section elementor-element elementor-element-8376b20 elementor-section-boxed elementor-section-height-default elementor-section-height-default\" data-id=\"8376b20\" data-element_type=\"section\">\n\t\t\t\t\t\t<div class=\"elementor-container elementor-column-gap-default\">\n\t\t\t\t\t<div class=\"elementor-column elementor-col-100 elementor-top-column elementor-element elementor-element-0e188bd\" data-id=\"0e188bd\" data-element_type=\"column\">\n\t\t\t<div class=\"elementor-widget-wrap elementor-element-populated\">\n\t\t\t\t\t\t<div class=\"elementor-element elementor-element-f82fe5e elementor-widget elementor-widget-text-editor\" data-id=\"f82fe5e\" data-element_type=\"widget\" data-widget_type=\"text-editor.default\">\n\t\t\t\t<div class=\"elementor-widget-container\">\n\t\t\t\t\t\t\t<p><b>Fonctionnalit\u00e9s<\/b><\/p><p><b>Factures<\/b><br \/>Les factures du client partag\u00e9es avec son comptable<br \/>Le client de la fiduciaire t\u00e9l\u00e9charge ses factures sur l\u2019application via l\u2019une ou l\u2019autre m\u00e9thode : photos, scans ou pdf peuvent \u00eatre soit upload\u00e9s soit envoy\u00e9s via une adresse mail. Le client peut ensuite rajouter certaines informations (date d\u2019\u00e9ch\u00e9ance, montant \u00e0 payer,\u2026).<br \/>La fiduciaire les encode manuellement ou automatiquement gr\u00e2ce au syst\u00e8me de reconnaissance WinBooks. Une fois les factures trait\u00e9es, elles se retrouvent dans les archives de l\u2019application Winbooks<\/p><p><b>Dossier permanent<\/b><br \/>Tous les documents comptables accessibles \u00e0 tout moment<br \/>Le client et sa fiduciaire peuvent d\u00e9poser tous les documents qui ont trait au dossier comptable (proc\u00e8s verbaux d\u2019assembl\u00e9e g\u00e9n\u00e9rale, contrats fournisseurs, statuts\u2026). Le client peut aussi y consulter les documents publi\u00e9s depuis WinBooks par sa fiduciaire ( bilans, DTVA,.. ). Ils cr\u00e9ent ensemble leur propre structure de classement.<\/p><p><b>Messagerie et \u00e9ch\u00e9ancier<\/b><br \/>Une discussion continue et cibl\u00e9e<br \/>La messagerie de WinBooks Connect fonctionne comme un \u00abchat\u00bb, un dialogue continu entre le comptable et son client. Il est aussi possible de commencer une conversation \u00e0 partir de n\u2019importe quel document.<br \/>Un \u00e9ch\u00e9ancier comptable simple et complet<br \/>Cette fonction se pr\u00e9sente sous la forme d\u2019un calendrier o\u00f9 client et comptable peuvent encoder les diff\u00e9rentes t\u00e2ches \u00e0 accomplir. Toutes les \u00e9ch\u00e9ances l\u00e9gales s\u2019y retrouvent automatiquement g\u00e9n\u00e9r\u00e9es par WinBooks.<\/p><p><b>Paiements fournisseurs<\/b><br \/>Proposition et gestion des paiements<br \/>Toutes les factures d\u2018achat \u00e9tant centralis\u00e9es\u00a0 sur le portail, WinBooks donne acc\u00e8s\u00a0 au client \u00e0 un syst\u00e8me simple et efficace de gestion de ses\u00a0 paiements: proposition des factures \u00e9chues, marquage\u00a0 des factures pay\u00e9es et transmission des virements \u00e0 la banque.<\/p><p><b>Dashboard<\/b><br \/>Une vision globale de sa comptabilit\u00e9<br \/>Le Dashboard permet au client de contr\u00f4ler et d\u2019analyser sa comptabilit\u00e9 de mani\u00e8re globale gr\u00e2ce \u00e0 des graphiques, des ratios et des indicateurs croissants ou d\u00e9croissants.<\/p>\t\t\t\t\t\t<\/div>\n\t\t\t\t<\/div>\n\t\t\t\t\t<\/div>\n\t\t<\/div>\n\t\t\t\t\t<\/div>\n\t\t<\/section>\n\t\t\t\t<\/div>\n\t\t","protected":false},"excerpt":{"rendered":"<p>Manuel Connect Manuel Portail Portail WinBooks ConnectLe fondement du bin\u00f4me comptable &#8211; clientV\u00e9ritable plateforme collaborative, WinBooks Connect permet l\u2019\u00e9change de documents entre le client et sa fiduciaire, mais il offre \u00e9galement un large \u00e9ventail de services accessibles partout et \u00e0 tout moment via internet. Fonctionnalit\u00e9s FacturesLes factures du client partag\u00e9es avec son comptableLe client de &#8230; <a title=\"Portail connect\" class=\"read-more\" href=\"https:\/\/www.mafact.com\/index.php\/portail-connect-nl\/\" aria-label=\"More on Portail connect\">Lire la suite<\/a><\/p>\n","protected":false},"author":1,"featured_media":0,"parent":0,"menu_order":0,"comment_status":"closed","ping_status":"closed","template":"","meta":{"footnotes":""},"_links":{"self":[{"href":"https:\/\/www.mafact.com\/index.php\/wp-json\/wp\/v2\/pages\/1893"}],"collection":[{"href":"https:\/\/www.mafact.com\/index.php\/wp-json\/wp\/v2\/pages"}],"about":[{"href":"https:\/\/www.mafact.com\/index.php\/wp-json\/wp\/v2\/types\/page"}],"author":[{"embeddable":true,"href":"https:\/\/www.mafact.com\/index.php\/wp-json\/wp\/v2\/users\/1"}],"replies":[{"embeddable":true,"href":"https:\/\/www.mafact.com\/index.php\/wp-json\/wp\/v2\/comments?post=1893"}],"version-history":[{"count":11,"href":"https:\/\/www.mafact.com\/index.php\/wp-json\/wp\/v2\/pages\/1893\/revisions"}],"predecessor-version":[{"id":3207,"href":"https:\/\/www.mafact.com\/index.php\/wp-json\/wp\/v2\/pages\/1893\/revisions\/3207"}],"wp:attachment":[{"href":"https:\/\/www.mafact.com\/index.php\/wp-json\/wp\/v2\/media?parent=1893"}],"curies":[{"name":"wp","href":"https:\/\/api.w.org\/{rel}","templated":true}]}}