{"id":1891,"date":"2019-08-08T15:35:04","date_gmt":"2019-08-08T13:35:04","guid":{"rendered":"http:\/\/www.mafact.com\/?page_id=1891"},"modified":"2022-07-06T16:24:19","modified_gmt":"2022-07-06T14:24:19","slug":"module-de-base-mafact-full-nl","status":"publish","type":"page","link":"https:\/\/www.mafact.com\/index.php\/nl\/module-de-base-mafact-full-nl\/","title":{"rendered":"Module de base Mafact full nl"},"content":{"rendered":"\t\t<div data-elementor-type=\"wp-page\" data-elementor-id=\"1891\" class=\"elementor elementor-1891\">\n\t\t\t\t\t\t<section class=\"elementor-section elementor-top-section elementor-element elementor-element-e609b1a elementor-section-boxed elementor-section-height-default elementor-section-height-default\" data-id=\"e609b1a\" data-element_type=\"section\">\n\t\t\t\t\t\t<div class=\"elementor-container elementor-column-gap-default\">\n\t\t\t\t\t<div class=\"elementor-column elementor-col-100 elementor-top-column elementor-element elementor-element-9b33e2f\" data-id=\"9b33e2f\" data-element_type=\"column\">\n\t\t\t<div class=\"elementor-widget-wrap elementor-element-populated\">\n\t\t\t\t\t\t<div class=\"elementor-element elementor-element-31e4747 elementor-widget__width-initial elementor-absolute elementor-widget elementor-widget-button\" data-id=\"31e4747\" data-element_type=\"widget\" data-settings=\"{&quot;_position&quot;:&quot;absolute&quot;}\" data-widget_type=\"button.default\">\n\t\t\t\t<div class=\"elementor-widget-container\">\n\t\t\t\t\t\t\t<div class=\"elementor-button-wrapper\">\n\t\t\t\t\t<a class=\"elementor-button elementor-button-link elementor-size-sm\" href=\"http:\/\/www.mafact.com\/index.php\/mafact-full-nl\/\">\n\t\t\t\t\t\t<span class=\"elementor-button-content-wrapper\">\n\t\t\t\t\t\t<span class=\"elementor-button-icon\">\n\t\t\t\t<svg aria-hidden=\"true\" class=\"e-font-icon-svg e-fas-arrow-circle-left\" viewBox=\"0 0 512 512\" xmlns=\"http:\/\/www.w3.org\/2000\/svg\"><path d=\"M256 504C119 504 8 393 8 256S119 8 256 8s248 111 248 248-111 248-248 248zm28.9-143.6L209.4 288H392c13.3 0 24-10.7 24-24v-16c0-13.3-10.7-24-24-24H209.4l75.5-72.4c9.7-9.3 9.9-24.8.4-34.3l-11-10.9c-9.4-9.4-24.6-9.4-33.9 0L107.7 239c-9.4 9.4-9.4 24.6 0 33.9l132.7 132.7c9.4 9.4 24.6 9.4 33.9 0l11-10.9c9.5-9.5 9.3-25-.4-34.3z\"><\/path><\/svg>\t\t\t<\/span>\n\t\t\t\t\t\t\t\t\t<span class=\"elementor-button-text\">Go Mafact Full<\/span>\n\t\t\t\t\t<\/span>\n\t\t\t\t\t<\/a>\n\t\t\t\t<\/div>\n\t\t\t\t\t\t<\/div>\n\t\t\t\t<\/div>\n\t\t\t\t\t<\/div>\n\t\t<\/div>\n\t\t\t\t\t<\/div>\n\t\t<\/section>\n\t\t\t\t<section class=\"elementor-section elementor-top-section elementor-element elementor-element-f8621f5 elementor-section-boxed elementor-section-height-default elementor-section-height-default\" data-id=\"f8621f5\" data-element_type=\"section\">\n\t\t\t\t\t\t<div class=\"elementor-container elementor-column-gap-default\">\n\t\t\t\t\t<div class=\"elementor-column elementor-col-100 elementor-top-column elementor-element elementor-element-956b526\" data-id=\"956b526\" data-element_type=\"column\">\n\t\t\t<div class=\"elementor-widget-wrap elementor-element-populated\">\n\t\t\t\t\t\t<div class=\"elementor-element elementor-element-c898354 elementor-widget elementor-widget-heading\" data-id=\"c898354\" data-element_type=\"widget\" data-widget_type=\"heading.default\">\n\t\t\t\t<div class=\"elementor-widget-container\">\n\t\t\t<h2 class=\"elementor-heading-title elementor-size-default\">Basismodule Mafact Full<\/h2>\t\t<\/div>\n\t\t\t\t<\/div>\n\t\t\t\t\t<\/div>\n\t\t<\/div>\n\t\t\t\t\t<\/div>\n\t\t<\/section>\n\t\t\t\t<section class=\"elementor-section elementor-top-section elementor-element elementor-element-061b1b4 elementor-section-boxed elementor-section-height-default elementor-section-height-default\" data-id=\"061b1b4\" data-element_type=\"section\">\n\t\t\t\t\t\t<div class=\"elementor-container elementor-column-gap-default\">\n\t\t\t\t\t<div class=\"elementor-column elementor-col-100 elementor-top-column elementor-element elementor-element-38d1ea8\" data-id=\"38d1ea8\" data-element_type=\"column\">\n\t\t\t<div class=\"elementor-widget-wrap elementor-element-populated\">\n\t\t\t\t\t\t<div class=\"elementor-element elementor-element-9158215 elementor-widget elementor-widget-text-editor\" data-id=\"9158215\" data-element_type=\"widget\" data-widget_type=\"text-editor.default\">\n\t\t\t\t<div class=\"elementor-widget-container\">\n\t\t\t\t\t\t\t<h6>Deze module is de centrale module voor het beheer = de basismodule.<br \/>MAFACT wordt geleverd in 7 gebruikerstalen (Nederlands, Frans, Duits, Engels, Spaans, Italiaans en Portugees). Het handboek bestaat in het Nederlands en het Frans in PDF formaat.<br \/>De bestanden zijn van het type DBF met CDX-indexen. De structuur van de bestanden is ter beschikking van de gebruikers.<\/h6><h3><b><span style=\"font-family: amethysta;\">Verkoop<\/span><\/b><\/h3><p>MAFACT beschikt over een commerci\u00eble opvolging van de verkopen vanaf de bestellingen (in de basismodul, er is een bijkomende module voor de offertes) . Een gevraagde en beloofde datum verfijnen het afhandelen van deze documenten. Het aantal journaals (dagboeken) is onbeperkt. De verschillende types (in de basismodule) zijn: bestellingen, verzendingsnota&rsquo;s, retourbonnen, facturen en kredietnota&rsquo;s. Aan elk journaal kan een specifieke voorraadlocatie, een specifieke printer, een specifieke documentlay-out en\/of een kassaticketlayout gekoppeld worden. De documenten kunnen op 3 manieren aangemaakt worden: door ze manueel in te geven, door ze af te sluiten = om te zetten naar een volgende fase (vb. van bestelling naar verzendingsnota) of door ze te groeperen (per klant kan aangegeven worden of zijn documenten gegroepeerd moeten worden in 1 document of niet). Er kunnen ook consignaties op verschillende voorraadlocaties beheerd worden en werk- of atelierbonnen, enz. De artikelen kunnen in de documenten ingegeven worden via de (eigen\/interne) artikelreferentie, de omschrijving, de barcode of de (externe) artikelreferentie van de klant.<\/p><h3><b><span style=\"font-family: amethysta;\">Klant<\/span><\/b><\/h3><p>De klantenfiches zijn zeer uitgebreid en bovendien voorzien van 16 vrije, door de gebruik(st)er te parametreren velden. Vanuit de fiches kunnen o.a. de volgende gegevens snel en eenvoudig opgevraagd worden: omzetcijfers zonder beperking van het aantal jaren, gedetailleerde overzichten\/historieken, de lopende zaken, de berekening van de nettoprijs van een artikel, al dan niet met een bepaalde afnamehoeveelheid. Vanuit de klantenfiche kan het ge\u00efnstalleerde e-mailprogramma geopend worden met een nieuwe e-mail aan het adres van de klant en\/of de website van de klant opgeroepen worden. De 2 types disconto (afgetrokken of af te trekken) kunnen per klant ingegeven worden. Hetzelfde geldt voor de offici\u00eble certifi\u00ebring van het bedrag (voluit geschreven).<\/p><h3><b><span style=\"font-family: amethysta;\">Vertegenwoordiger<\/span><\/b><\/h3><p>De vertegenwoordigersfiches zijn zeer uitgebreid en bovendien voorzien van 16 door de gebruik(st)er te parametreren velden. Vanuit de fiches kunnen o.a. de volgende gegevens snel en eenvoudig opgevraagd worden: omzetcijfers zonder beperking van het aantal jaren en een berekening van de commissie. De commissie kan ingegeven worden als een percentage op de verkoopprijs, aankoopprijs of de marge en dit voor een artikel, een gamma of familie van artikelen, een categorie van artikelen, een artikelgroep, een merk, \u2026 De vertegenwoordigers kunnen per document en per documentlijn beheerd worden. Bij het aanmaken van een document worden standaard de gegevens van de klantenfiche overgenomen, inclusief de vertegenwoordiger.\u00a0 <b><br \/><\/b><\/p><h3><b><span style=\"font-family: amethysta;\">Aankoop<\/span><\/b><\/h3><p>Net als bij de verkopen, begint de commerci\u00eble opvolging (in de basismodule) bij de leveranciers-bestelling. Een gevraagde en beloofde datum verfijnen het afhandelen van deze documenten. Het aantal journaals (dagboeken) is onbeperkt. De verschillende types (in de basismodule) zijn: bestellingen, leveringsbonnen, retourbonnen, facturen en kredietnota&rsquo;s. Aan elk journaal kan een specifieke voorraadlocatie, een specifieke printer en\/of een specifieke documentlay-out gekoppeld worden. De documenten kunnen op 4 manieren aangemaakt worden: manueel ingeven, afsluiten, vanaf een klantendocument, automatisch vanuit een voorstel van de te plaatsen leveranciersbestellingen dat berekend kan worden op basis van een parametreerbare formule die al dan niet rekening houdt met de gevraagde data van de klantenbestellingen. vanaf een klantendocument. De artikelen kunnen in de documenten ingegeven worden via de (eigen\/interne) artikelreferentie, de omschrijving, de barcode of de (externe) artikelreferentie van de leverancier.<\/p><h3><b><span style=\"font-family: amethysta;\">Leverancier<\/span><\/b><\/h3><p>De leveranciersfiches zijn zeer uitgebreid en bovendien voorzien van 16 door de gebruik(st)er te parametreren velden. Vanuit de fiches kunnen de volgende gegevens snel en eenvoudig opgevraagd worden: omzetcijfers zonder beperking van het aantal jaren, gedetailleerde overzichten\/historieken, de lopende zaken, de berekening van de netto aankoopprijs van een artikel waar u op dit moment recht op heeft, al dan niet met een bepaalde afnamehoeveelheid, \u2026 Vanuit de leveranciersfiche kan het ge\u00efnstalleerde e-mailprogramma geopend worden met een nieuwe e-mail aan het adres van de leverancier en\/of de website van de leverancier opgeroepen worden.<\/p><h3><b><span style=\"font-family: amethysta;\">Voorraad<\/span><\/b><\/h3><p>De voorraden worden al bijgewerkt bij het opslaan van een documentlijn. Elke gebruik(st)er beschikt dus steeds over de meest recente informatie, zelfs indien meerdere gebruik(st)ers tegelijkertijd in het programma werken. Het aantal voorraadlocaties, evenals het aantal posities per voorraadlocatie, is onbeperkt. De minimum en maximum voorraden kunnen zowel per voorraadlocatie als in \u00e9\u00e9n keer voor alle voorraadlocaties ingegeven worden. Er kunnen ook voorraadlocaties zonder voorraadbeheer aangemaakt worden. Met mutatiedocumenten kunnen artikelen van \u00e9\u00e9n voorraadlocatie overgezet worden naar een andere voorraadlocatie: er moet hiervoor maar \u00e9\u00e9n lijn ingegeven worden. De inventarisdocumenten kunnen manueel ingegeven worden maar ook door het programma berekend worden (met validering FIFO, LAST, laatste aankoopprijs, aankoopprijs uit de artikelfiche). De inventarisdocumenten kunnen op elk gewenst moment van het jaar aangemaakt worden.<\/p><h3><b><span style=\"font-family: amethysta;\">Artikel<\/span><\/b><\/h3><p>De artikelfiches zijn zeer uitgebreid en bovendien voorzien van 16 door de gebruik(st)er te parametreren velden. Vanuit de fiches kunnen de volgende gegevens snel en eenvoudig opgevraagd worden: omzetcijfers zonder beperking van het aantal jaren en dit zowel voor de verkopen als de aankopen en zowel in cijfers als in hoeveelheden, gedetailleerde overzichten\/historieken, de lopende zaken. In elke artikelfiche vindt U een volledig overzicht van de voorraadstatus van het artikel. Hierin worden de 3 hoofdbegrippen getoond (de inventarishoeveelheid, het beschikbaar saldo en het saldo op termijn) en alle fasen van de verkopen en aankopen die tot deze saldi leiden (in bestelling, in levering, \u2026). Er is quasi geen beperking van het aantal talen waarin een artikel omschreven kan worden. Omschrijvingen kunnen algemeen zijn = voor alle klanten en leveranciers gebruikt worden of toegewezen worden aan een bepaalde klant of leverancier. De meest gebruikelijke barcodetypes zijn al voorzien in de fiches. In de documenten kan het artikel geselecteerd worden door de barcode te scannen of ze manueel in te geven. De prijs van het artikel kan ingegeven worden in functie van de voorraadeenheid (stuks, dozen, \u2026), maar ook in functie van het gewicht, de lengte, de oppervlakte of het volume van het artikel. De voorraadeenheden per verpakkingstype (doos, pallet, \u2026) kunnen eveneens in de artikelfiche ingegeven worden. Voor de artikelen waarvan de berekening van de verkoopeenheid gebaseerd is op het oppervlak of de omvang, kunt u tijdens het ingeven van een documentlijn in een apart scherm de breedte, de lengte en (indien nodig) de hoogte van de artikelen ingeven. MAFACT berekent dan de oppervlakte of de omvang. De verkregen oppervlakte of omvang wordt vermenigvuldigd met de eenheidsprijs en geeft de nettoprijs. De gegevens betreffende de breedte, de lengte en (eventueel) de hoogte worden in een afzonderlijk bestand bewaard dat gekoppeld wordt aan het bestand van de mutaties. De verkoopprijs wordt in de basis- en alternatieve munteenheid getoond. Er is een beheer van vervangartikelen en de artikelen kunnen ook geblokkeerd worden. De kostprijs van het artikel kan berekend worden in functie van een percentage t.o.v. de aankoopprijs van het artikel. Dit percentage kan ingegeven worden voor het specifieke artikel, het gamma of de leverancier. Deze gegevens worden continu bijgewerkt aan de hand van de ingegeven documenten (leveringsbonnen leveranciers en aankoopfacturen).<\/p><h3><b><span style=\"font-family: amethysta;\">Prijs<\/span><\/b><\/h3><p>MAFACT biedt U een zeer uitgebreid prijzenbeheer: de (specifieke) prijzen kunnen ingegeven worden, voor 1 klant, voor een klantencategorie of voor alle klanten, en los daarvan of er juist mee gecombineerd, voor 1 artikel, voor een gamma of familie van artikelen of voor een artikelgroep, als een kortingspercentage, als vaste prijs of een combinatie van beide, met of zonder een minimum afnamehoeveelheid. De prijzen kunnen via een apart menupunt eenvoudig bijgewerkt worden in functie van de aankoopprijs, de kostprijs, de verkoopprijs, indien gewenst in functie van de ingegeven marge, &#8230;.<\/p><h3><b><span style=\"font-family: amethysta;\">Vervoerder<\/span><\/b><\/h3><p>Met MAFACT kan aan een document een transportkost toegekend worden die een functie is van de prijscode die aan de vervoerder gekoppeld werd. Aan elke klantenfiche kan een vervoerder gekoppeld worden, maar de standaard voorgestelde vervoerder kan in het document nog gewijzigd worden. De vervoersprijs kan gekoppeld zijn aan het totaal aantal basiseenheden, het totale gewicht, de totale lengte, de totale oppervlakte of de totale omvang. Aan deze vervoersprijs zijn een afzonderlijke rekening en B.T.W.-code gekoppeld. De algemene korting wordt niet toegepast op deze transportkosten.<\/p><h3><b><span style=\"font-family: amethysta;\">Betaling<\/span><\/b><\/h3><p>Met MAFACT kunt U een betaling koppelen aan een factuur, ongeacht de munteenheid waarin de betaling werd uitgevoerd. U kunt zelf de verschillende wijzen waarmee betaald kan worden, aanmaken. U kunt al dan niet gedetailleerde lijsten afdrukken van de ontvangen sommen per betalingswijze, per dag of per maand.<\/p><h3><b><span style=\"font-family: amethysta;\">Statistieken<\/span><\/b><\/h3><p>Het programma wordt geleverd met meer dan 700 statistieken\/lijsten die werden aangemaakt met het programma CRYSTAL REPORTS 2008 (gedeponeerd merk van SAP). Ze kunnen gepersonaliseerd worden door een gebruik(st)er die over dit programma beschikt. Alle statistieken kunnen op het scherm getoond worden en als bestand ge\u00ebxporteerd worden (voor gebruik in WORD, EXCEL, als ASCII-, HTML- of PDF-bestand, \u2026). Er kunnen lijsten met de gegevens van de basisfiches opgevraagd worden, statistieken met maandelijkse of dagelijkse controles, controles van de koppelingen naar het boekhoudpakket, verkoopsstatistieken van de klanten, vertegenwoordigers en artikelen, aankoopstatistieken van de leveranciers en artikelen, overzichten van de lopende zaken, (specifieke) prijslijsten, inventarislijsten met of zonder waardevermindering, &#8230;.<\/p><h3><b><span style=\"font-family: amethysta;\">Koppelingen met verschillende boekhoudpakketten<\/span><\/b><\/h3><p>De (aan- en verkoop)facturen en de kredietnota&rsquo;s (op aan- en op verkopen) kunnen aan verschillende boekhoudpakketten gekoppeld worden, waardoor WINBOOKS. Er werd eveneens een algemene export voorzien. De koppeling kan rechtstreeks gebeuren (op hetzelfde werkstation of netwerk) of onrechtstreeks (als een bestand dat bijvoorbeeld naar een externe boekhoud(st)er verstuurd kan worden). Bij de export kunnen de B.T.W.-, klanten-, leveranciers- en journaalcodes van MAFACT omgezet worden in de codes van het boekhoudpakket. De analytische gegevens worden eveneens ge\u00ebxporteerd.<\/p>\t\t\t\t\t\t<\/div>\n\t\t\t\t<\/div>\n\t\t\t\t\t<\/div>\n\t\t<\/div>\n\t\t\t\t\t<\/div>\n\t\t<\/section>\n\t\t\t\t<\/div>\n\t\t","protected":false},"excerpt":{"rendered":"<p>Go Mafact Full Basismodule Mafact Full Deze module is de centrale module voor het beheer = de basismodule.MAFACT wordt geleverd in 7 gebruikerstalen (Nederlands, Frans, Duits, Engels, Spaans, Italiaans en Portugees). Het handboek bestaat in het Nederlands en het Frans in PDF formaat.De bestanden zijn van het type DBF met CDX-indexen. De structuur van de &#8230; <a title=\"Module de base Mafact full nl\" class=\"read-more\" href=\"https:\/\/www.mafact.com\/index.php\/nl\/module-de-base-mafact-full-nl\/\" aria-label=\"More on Module de base Mafact full nl\">Lire la suite<\/a><\/p>\n","protected":false},"author":1,"featured_media":0,"parent":0,"menu_order":0,"comment_status":"closed","ping_status":"closed","template":"","meta":{"footnotes":""},"_links":{"self":[{"href":"https:\/\/www.mafact.com\/index.php\/wp-json\/wp\/v2\/pages\/1891"}],"collection":[{"href":"https:\/\/www.mafact.com\/index.php\/wp-json\/wp\/v2\/pages"}],"about":[{"href":"https:\/\/www.mafact.com\/index.php\/wp-json\/wp\/v2\/types\/page"}],"author":[{"embeddable":true,"href":"https:\/\/www.mafact.com\/index.php\/wp-json\/wp\/v2\/users\/1"}],"replies":[{"embeddable":true,"href":"https:\/\/www.mafact.com\/index.php\/wp-json\/wp\/v2\/comments?post=1891"}],"version-history":[{"count":18,"href":"https:\/\/www.mafact.com\/index.php\/wp-json\/wp\/v2\/pages\/1891\/revisions"}],"predecessor-version":[{"id":3047,"href":"https:\/\/www.mafact.com\/index.php\/wp-json\/wp\/v2\/pages\/1891\/revisions\/3047"}],"wp:attachment":[{"href":"https:\/\/www.mafact.com\/index.php\/wp-json\/wp\/v2\/media?parent=1891"}],"curies":[{"name":"wp","href":"https:\/\/api.w.org\/{rel}","templated":true}]}}