{"id":188,"date":"2019-02-18T14:45:18","date_gmt":"2019-02-18T13:45:18","guid":{"rendered":"http:\/\/www.mafact.com\/?page_id=188"},"modified":"2024-08-07T16:10:11","modified_gmt":"2024-08-07T14:10:11","slug":"salary","status":"publish","type":"page","link":"https:\/\/www.mafact.com\/index.php\/salary\/","title":{"rendered":"Salary"},"content":{"rendered":"\t\t<div data-elementor-type=\"wp-post\" data-elementor-id=\"188\" class=\"elementor elementor-188\">\n\t\t\t\t\t\t<section class=\"elementor-section elementor-top-section elementor-element elementor-element-6b4b7df elementor-section-boxed elementor-section-height-default elementor-section-height-default\" data-id=\"6b4b7df\" data-element_type=\"section\">\n\t\t\t\t\t\t<div class=\"elementor-container elementor-column-gap-default\">\n\t\t\t\t\t<div class=\"elementor-column elementor-col-100 elementor-top-column elementor-element elementor-element-7b0145d\" data-id=\"7b0145d\" data-element_type=\"column\">\n\t\t\t<div class=\"elementor-widget-wrap elementor-element-populated\">\n\t\t\t\t\t\t<div class=\"elementor-element elementor-element-d9de5fb elementor-widget elementor-widget-heading\" data-id=\"d9de5fb\" data-element_type=\"widget\" data-widget_type=\"heading.default\">\n\t\t\t\t<div class=\"elementor-widget-container\">\n\t\t\t<h2 class=\"elementor-heading-title elementor-size-default\">Salary<\/h2>\t\t<\/div>\n\t\t\t\t<\/div>\n\t\t\t\t\t<\/div>\n\t\t<\/div>\n\t\t\t\t\t<\/div>\n\t\t<\/section>\n\t\t\t\t<section class=\"elementor-section elementor-top-section elementor-element elementor-element-0e788aa elementor-section-boxed elementor-section-height-default elementor-section-height-default\" data-id=\"0e788aa\" data-element_type=\"section\">\n\t\t\t\t\t\t<div class=\"elementor-container elementor-column-gap-default\">\n\t\t\t\t\t<div class=\"elementor-column elementor-col-100 elementor-top-column elementor-element elementor-element-4dc99e1\" data-id=\"4dc99e1\" data-element_type=\"column\">\n\t\t\t<div class=\"elementor-widget-wrap elementor-element-populated\">\n\t\t\t\t\t\t<div class=\"elementor-element elementor-element-1e43dbf elementor-widget elementor-widget-text-editor\" data-id=\"1e43dbf\" data-element_type=\"widget\" data-widget_type=\"text-editor.default\">\n\t\t\t\t<div class=\"elementor-widget-container\">\n\t\t\t\t\t\t\t<h5 style=\"font-weight: inherit;\">Une imputation comptable correcte des salaires est fondamentale dans tout type d\u2019entreprise. L\u2019encodage manuel en est fastidieux.<\/h5><h5 style=\"font-weight: inherit;\">Une vision correcte des postes li\u00e9s aux salaires peut \u00eatre d\u00e9terminante dans le cadre d\u2019une prise de d\u00e9cision importante, pour le pr\u00e9sent comme pour le futur.<\/h5><h5 style=\"font-weight: inherit;\">Imputer simplement un total g\u00e9n\u00e9ral sur un compte global ne permet pas cette analyse.<\/h5><h5 style=\"font-weight: inherit;\">Nous avons d\u00e9velopp\u00e9 une interface avec WINBOOKS, bas\u00e9e sur les fichiers que fournissent les secr\u00e9tariats sociaux.<\/h5><h5 style=\"font-weight: inherit;\">Cette interface ne se limite pas \u00e0 \u00e9tablir une \u00e9criture globale par relev\u00e9 mais elle cr\u00e9\u00e9 une OD par travailleur accompagn\u00e9e de donn\u00e9es analytiques extraites d\u2019une base de donn\u00e9es li\u00e9es aux travailleurs et aux tables analytiques de WINBOOKS.<\/h5><h6 style=\"font-weight: inherit;\">Lors de l&rsquo;installation, une analyse du fichier transmis par le secr\u00e9tariat social est n\u00e9cessaire afin de v\u00e9rifier que toutes les donn\u00e9es n\u00e9cessaires y sont ins\u00e9r\u00e9es.<\/h6>\t\t\t\t\t\t<\/div>\n\t\t\t\t<\/div>\n\t\t\t\t\t<\/div>\n\t\t<\/div>\n\t\t\t\t\t<\/div>\n\t\t<\/section>\n\t\t\t\t<section class=\"elementor-section elementor-top-section elementor-element elementor-element-2fea145 elementor-section-boxed elementor-section-height-default elementor-section-height-default\" data-id=\"2fea145\" data-element_type=\"section\">\n\t\t\t\t\t\t<div class=\"elementor-container elementor-column-gap-default\">\n\t\t\t\t\t<div class=\"elementor-column elementor-col-100 elementor-top-column elementor-element elementor-element-3717fb6\" data-id=\"3717fb6\" data-element_type=\"column\">\n\t\t\t<div class=\"elementor-widget-wrap elementor-element-populated\">\n\t\t\t\t\t\t<div class=\"elementor-element elementor-element-3125a6b elementor-align-center elementor-widget elementor-widget-button\" data-id=\"3125a6b\" data-element_type=\"widget\" data-widget_type=\"button.default\">\n\t\t\t\t<div class=\"elementor-widget-container\">\n\t\t\t\t\t\t\t<div class=\"elementor-button-wrapper\">\n\t\t\t\t\t<a class=\"elementor-button elementor-button-link elementor-size-sm\" href=\"https:\/\/www.mafact.com\/ftpdir\/download\/Salary\/salary_winbooks_fr.pdf\">\n\t\t\t\t\t\t<span class=\"elementor-button-content-wrapper\">\n\t\t\t\t\t\t<span class=\"elementor-button-icon\">\n\t\t\t\t<svg aria-hidden=\"true\" class=\"e-font-icon-svg e-fas-book\" viewBox=\"0 0 448 512\" xmlns=\"http:\/\/www.w3.org\/2000\/svg\"><path d=\"M448 360V24c0-13.3-10.7-24-24-24H96C43 0 0 43 0 96v320c0 53 43 96 96 96h328c13.3 0 24-10.7 24-24v-16c0-7.5-3.5-14.3-8.9-18.7-4.2-15.4-4.2-59.3 0-74.7 5.4-4.3 8.9-11.1 8.9-18.6zM128 134c0-3.3 2.7-6 6-6h212c3.3 0 6 2.7 6 6v20c0 3.3-2.7 6-6 6H134c-3.3 0-6-2.7-6-6v-20zm0 64c0-3.3 2.7-6 6-6h212c3.3 0 6 2.7 6 6v20c0 3.3-2.7 6-6 6H134c-3.3 0-6-2.7-6-6v-20zm253.4 250H96c-17.7 0-32-14.3-32-32 0-17.6 14.4-32 32-32h285.4c-1.9 17.1-1.9 46.9 0 64z\"><\/path><\/svg>\t\t\t<\/span>\n\t\t\t\t\t\t\t\t\t<span class=\"elementor-button-text\">Manuel<\/span>\n\t\t\t\t\t<\/span>\n\t\t\t\t\t<\/a>\n\t\t\t\t<\/div>\n\t\t\t\t\t\t<\/div>\n\t\t\t\t<\/div>\n\t\t\t\t\t<\/div>\n\t\t<\/div>\n\t\t\t\t\t<\/div>\n\t\t<\/section>\n\t\t\t\t<\/div>\n\t\t","protected":false},"excerpt":{"rendered":"<p>Salary Une imputation comptable correcte des salaires est fondamentale dans tout type d\u2019entreprise. L\u2019encodage manuel en est fastidieux. Une vision correcte des postes li\u00e9s aux salaires peut \u00eatre d\u00e9terminante dans le cadre d\u2019une prise de d\u00e9cision importante, pour le pr\u00e9sent comme pour le futur. Imputer simplement un total g\u00e9n\u00e9ral sur un compte global ne permet &#8230; <a title=\"Salary\" class=\"read-more\" href=\"https:\/\/www.mafact.com\/index.php\/salary\/\" aria-label=\"More on Salary\">Lire la suite<\/a><\/p>\n","protected":false},"author":1,"featured_media":0,"parent":0,"menu_order":0,"comment_status":"closed","ping_status":"closed","template":"","meta":{"footnotes":""},"_links":{"self":[{"href":"https:\/\/www.mafact.com\/index.php\/wp-json\/wp\/v2\/pages\/188"}],"collection":[{"href":"https:\/\/www.mafact.com\/index.php\/wp-json\/wp\/v2\/pages"}],"about":[{"href":"https:\/\/www.mafact.com\/index.php\/wp-json\/wp\/v2\/types\/page"}],"author":[{"embeddable":true,"href":"https:\/\/www.mafact.com\/index.php\/wp-json\/wp\/v2\/users\/1"}],"replies":[{"embeddable":true,"href":"https:\/\/www.mafact.com\/index.php\/wp-json\/wp\/v2\/comments?post=188"}],"version-history":[{"count":19,"href":"https:\/\/www.mafact.com\/index.php\/wp-json\/wp\/v2\/pages\/188\/revisions"}],"predecessor-version":[{"id":3481,"href":"https:\/\/www.mafact.com\/index.php\/wp-json\/wp\/v2\/pages\/188\/revisions\/3481"}],"wp:attachment":[{"href":"https:\/\/www.mafact.com\/index.php\/wp-json\/wp\/v2\/media?parent=188"}],"curies":[{"name":"wp","href":"https:\/\/api.w.org\/{rel}","templated":true}]}}