{"id":1857,"date":"2019-08-08T15:27:14","date_gmt":"2019-08-08T13:27:14","guid":{"rendered":"http:\/\/www.mafact.com\/?page_id=1857"},"modified":"2022-07-06T16:21:44","modified_gmt":"2022-07-06T14:21:44","slug":"fonctionnement-vi-nl","status":"publish","type":"page","link":"https:\/\/www.mafact.com\/index.php\/nl\/fonctionnement-vi-nl\/","title":{"rendered":"Fonctionnement VI nl"},"content":{"rendered":"\t\t<div data-elementor-type=\"wp-page\" data-elementor-id=\"1857\" class=\"elementor elementor-1857\">\n\t\t\t\t\t\t<section class=\"elementor-section elementor-top-section elementor-element elementor-element-4451257 elementor-section-boxed elementor-section-height-default elementor-section-height-default\" data-id=\"4451257\" data-element_type=\"section\">\n\t\t\t\t\t\t<div class=\"elementor-container elementor-column-gap-default\">\n\t\t\t\t\t<div class=\"elementor-column elementor-col-100 elementor-top-column elementor-element elementor-element-30c838e\" data-id=\"30c838e\" data-element_type=\"column\">\n\t\t\t<div class=\"elementor-widget-wrap elementor-element-populated\">\n\t\t\t\t\t\t<div class=\"elementor-element elementor-element-e9f7513 elementor-widget__width-initial elementor-absolute elementor-widget elementor-widget-button\" data-id=\"e9f7513\" data-element_type=\"widget\" data-settings=\"{&quot;_position&quot;:&quot;absolute&quot;}\" data-widget_type=\"button.default\">\n\t\t\t\t<div class=\"elementor-widget-container\">\n\t\t\t\t\t\t\t<div class=\"elementor-button-wrapper\">\n\t\t\t\t\t<a class=\"elementor-button elementor-button-link elementor-size-sm\" href=\"http:\/\/www.mafact.com\/index.php\/vi\/\">\n\t\t\t\t\t\t<span class=\"elementor-button-content-wrapper\">\n\t\t\t\t\t\t<span class=\"elementor-button-icon\">\n\t\t\t\t<svg aria-hidden=\"true\" class=\"e-font-icon-svg e-fas-arrow-circle-left\" viewBox=\"0 0 512 512\" xmlns=\"http:\/\/www.w3.org\/2000\/svg\"><path d=\"M256 504C119 504 8 393 8 256S119 8 256 8s248 111 248 248-111 248-248 248zm28.9-143.6L209.4 288H392c13.3 0 24-10.7 24-24v-16c0-13.3-10.7-24-24-24H209.4l75.5-72.4c9.7-9.3 9.9-24.8.4-34.3l-11-10.9c-9.4-9.4-24.6-9.4-33.9 0L107.7 239c-9.4 9.4-9.4 24.6 0 33.9l132.7 132.7c9.4 9.4 24.6 9.4 33.9 0l11-10.9c9.5-9.5 9.3-25-.4-34.3z\"><\/path><\/svg>\t\t\t<\/span>\n\t\t\t\t\t\t\t\t\t<span class=\"elementor-button-text\">Retour digitalisation \/ virtual invoice<\/span>\n\t\t\t\t\t<\/span>\n\t\t\t\t\t<\/a>\n\t\t\t\t<\/div>\n\t\t\t\t\t\t<\/div>\n\t\t\t\t<\/div>\n\t\t\t\t\t<\/div>\n\t\t<\/div>\n\t\t\t\t\t<\/div>\n\t\t<\/section>\n\t\t\t\t<section class=\"elementor-section elementor-top-section elementor-element elementor-element-9b43bb5 elementor-section-boxed elementor-section-height-default elementor-section-height-default\" data-id=\"9b43bb5\" data-element_type=\"section\">\n\t\t\t\t\t\t<div class=\"elementor-container elementor-column-gap-default\">\n\t\t\t\t\t<div class=\"elementor-column elementor-col-100 elementor-top-column elementor-element elementor-element-34e22d5\" data-id=\"34e22d5\" data-element_type=\"column\">\n\t\t\t<div class=\"elementor-widget-wrap elementor-element-populated\">\n\t\t\t\t\t\t<div class=\"elementor-element elementor-element-d893dce elementor-widget elementor-widget-heading\" data-id=\"d893dce\" data-element_type=\"widget\" data-widget_type=\"heading.default\">\n\t\t\t\t<div class=\"elementor-widget-container\">\n\t\t\t<h2 class=\"elementor-heading-title elementor-size-default\">Fonctionnement Virtual Invoice<\/h2>\t\t<\/div>\n\t\t\t\t<\/div>\n\t\t\t\t\t<\/div>\n\t\t<\/div>\n\t\t\t\t\t<\/div>\n\t\t<\/section>\n\t\t\t\t<section class=\"elementor-section elementor-top-section elementor-element elementor-element-b320864 elementor-section-boxed elementor-section-height-default elementor-section-height-default\" data-id=\"b320864\" data-element_type=\"section\">\n\t\t\t\t\t\t<div class=\"elementor-container elementor-column-gap-default\">\n\t\t\t\t\t<div class=\"elementor-column elementor-col-100 elementor-top-column elementor-element elementor-element-4d7d817\" data-id=\"4d7d817\" data-element_type=\"column\">\n\t\t\t<div class=\"elementor-widget-wrap elementor-element-populated\">\n\t\t\t\t\t\t<div class=\"elementor-element elementor-element-6e1ec8e elementor-widget elementor-widget-text-editor\" data-id=\"6e1ec8e\" data-element_type=\"widget\" data-widget_type=\"text-editor.default\">\n\t\t\t\t<div class=\"elementor-widget-container\">\n\t\t\t\t\t\t\t<h6>Le traitement des factures s&rsquo;effectue en 3 \u00e9tapes.<\/h6>\t\t\t\t\t\t<\/div>\n\t\t\t\t<\/div>\n\t\t\t\t\t<\/div>\n\t\t<\/div>\n\t\t\t\t\t<\/div>\n\t\t<\/section>\n\t\t\t\t<section class=\"elementor-section elementor-top-section elementor-element elementor-element-66130f3 elementor-section-boxed elementor-section-height-default elementor-section-height-default\" data-id=\"66130f3\" data-element_type=\"section\">\n\t\t\t\t\t\t<div class=\"elementor-container elementor-column-gap-default\">\n\t\t\t\t\t<div class=\"elementor-column elementor-col-100 elementor-top-column elementor-element elementor-element-4b7bd36\" data-id=\"4b7bd36\" data-element_type=\"column\">\n\t\t\t<div class=\"elementor-widget-wrap elementor-element-populated\">\n\t\t\t\t\t\t<div class=\"elementor-element elementor-element-7ef8d8a elementor-widget elementor-widget-text-editor\" data-id=\"7ef8d8a\" data-element_type=\"widget\" data-widget_type=\"text-editor.default\">\n\t\t\t\t<div class=\"elementor-widget-container\">\n\t\t\t\t\t\t\t<p><b>Etape 1 : Le scanning<\/b><br \/>\u2192 Scannez vos factures ! Au choix, en noir et blanc ou en couleur haute r\u00e9solution. Vu la puissance des algorithmes de compression actuels, vous auriez tort de vous priver de la couleur.<br \/>\u2192 Virtual Invoice\u2122 supporte la grande majorit\u00e9 des scanners disponibles sur le march\u00e9. Il vous faut un p\u00e9riph\u00e9rique disposant d\u2019une r\u00e9solution minimale de 300 DPI et d\u2019une interface TWAIN.<br \/>\u2192 Virtual Invoice\u2122 traite \u00e9galement les images scann\u00e9es en externe : scanners de production g\u00e9n\u00e9rant des fichiers .tif, .pdf, .jpg, jpg2.<\/p><p><b>Etape 2 : Processing OCR<\/b><br \/>\u2192 Virtual Invoice\u2122redresse les factures dans l\u2019hypoth\u00e8se o\u00f9 vos documents auraient \u00e9t\u00e9 l\u00e9g\u00e8rement d\u00e9cal\u00e9s ou lorsque l\u2019un de vos factures se pr\u00e9sente t\u00eate-b\u00eache.<br \/>\u2192 Virtual Invoice\u2122extrait tout le texte de la facture. Il servira ult\u00e9rieurement pour la recherche via indexation de l\u2019ensemble des factures.<br \/>\u2192 Virtual Invoice\u2122 reconnait les num\u00e9ros de TVA, les diff\u00e9rents comptes bancaires, ainsi que les communications structur\u00e9es (VCS).<br \/>\u2192 Virtual Invoice\u2122d\u00e9tecte la date de la facture, son \u00e9ch\u00e9ance, son num\u00e9ro, la base taxable, le montant de TVA et le total \u00e0 payer !<br \/>\u2192 En option, plut\u00f4t que de processer vous-m\u00eame les factures, vous pouvez les confier \u00e0 notre V.I.R.S. (Virtual Invoice\u2122 Recognition Service) disponible via internet, qui vous garantira un processing et une reconnaissance \u00e0 100 %.<\/p><p><b>Etape 3 : Imputation<\/b><br \/>\u2192 Rendez-vous en encodage des factures de votre logiciel comptable, avec la 1\u00e8re facture scann\u00e9e en visualisation sur la partie droite de l&rsquo;\u00e9cran.<br \/>\u2192 Virtual Invoice\u2122 transf\u00e8re toutes les donn\u00e9es extraites de la facture dans l\u2019\u00e9cran d\u2019encodage : r\u00e9f\u00e9rences, nom du fournisseur, total de la facture, dates, \u2026<br \/>\u2192 Virtual Invoice\u2122 attribue automatiquement lors de l\u2019enregistrement l\u2019image de la facture \u00e0 la pi\u00e8ce comptable encod\u00e9e.<br \/>\u2192 Si des Zones sont non reconnues par Virtual Invoice\u2122, utilisez la souris pour marquer, sur la facture, o\u00f9 se trouve l\u2019\u00e9l\u00e9ment ( ou pour l\u2019encoder manuellement, si \u00e9l\u00e9ment vraiment r\u00e9fractaire ). Virtual Invoice\u2122 retient vos indications pour la prochaine fois !<br \/>\u2192 Si la facture scann\u00e9e est celle d\u2019un nouveau fournisseur, votre logiciel comptable op\u00e8re une recherche imm\u00e9diate dans sa base de donn\u00e9es des entreprises et remplit automatiquement la fiche \u00ab fournisseurs \u00bb (sous r\u00e9serve d\u2019existence ou d\u2019activation de cette option dans votre logiciel comptable).<br \/><br \/><\/p><p>\u00a0<\/p>\t\t\t\t\t\t<\/div>\n\t\t\t\t<\/div>\n\t\t\t\t\t<\/div>\n\t\t<\/div>\n\t\t\t\t\t<\/div>\n\t\t<\/section>\n\t\t\t\t<\/div>\n\t\t","protected":false},"excerpt":{"rendered":"<p>Retour digitalisation \/ virtual invoice Fonctionnement Virtual Invoice Le traitement des factures s&rsquo;effectue en 3 \u00e9tapes. Etape 1 : Le scanning\u2192 Scannez vos factures ! Au choix, en noir et blanc ou en couleur haute r\u00e9solution. Vu la puissance des algorithmes de compression actuels, vous auriez tort de vous priver de la couleur.\u2192 Virtual Invoice\u2122 &#8230; <a title=\"Fonctionnement VI nl\" class=\"read-more\" href=\"https:\/\/www.mafact.com\/index.php\/nl\/fonctionnement-vi-nl\/\" aria-label=\"More on Fonctionnement VI nl\">Lire la suite<\/a><\/p>\n","protected":false},"author":1,"featured_media":0,"parent":0,"menu_order":0,"comment_status":"closed","ping_status":"closed","template":"","meta":{"footnotes":""},"_links":{"self":[{"href":"https:\/\/www.mafact.com\/index.php\/wp-json\/wp\/v2\/pages\/1857"}],"collection":[{"href":"https:\/\/www.mafact.com\/index.php\/wp-json\/wp\/v2\/pages"}],"about":[{"href":"https:\/\/www.mafact.com\/index.php\/wp-json\/wp\/v2\/types\/page"}],"author":[{"embeddable":true,"href":"https:\/\/www.mafact.com\/index.php\/wp-json\/wp\/v2\/users\/1"}],"replies":[{"embeddable":true,"href":"https:\/\/www.mafact.com\/index.php\/wp-json\/wp\/v2\/comments?post=1857"}],"version-history":[{"count":10,"href":"https:\/\/www.mafact.com\/index.php\/wp-json\/wp\/v2\/pages\/1857\/revisions"}],"predecessor-version":[{"id":3042,"href":"https:\/\/www.mafact.com\/index.php\/wp-json\/wp\/v2\/pages\/1857\/revisions\/3042"}],"wp:attachment":[{"href":"https:\/\/www.mafact.com\/index.php\/wp-json\/wp\/v2\/media?parent=1857"}],"curies":[{"name":"wp","href":"https:\/\/api.w.org\/{rel}","templated":true}]}}