{"id":1856,"date":"2019-08-08T15:27:14","date_gmt":"2019-08-08T13:27:14","guid":{"rendered":"http:\/\/www.mafact.com\/?page_id=1856"},"modified":"2023-08-10T14:14:21","modified_gmt":"2023-08-10T12:14:21","slug":"first-softwares-nl","status":"publish","type":"page","link":"https:\/\/www.mafact.com\/index.php\/nl\/first-softwares-nl\/","title":{"rendered":"first softwares nl"},"content":{"rendered":"\t\t<div data-elementor-type=\"wp-post\" data-elementor-id=\"1856\" class=\"elementor elementor-1856\">\n\t\t\t\t\t\t<section class=\"elementor-section elementor-top-section elementor-element elementor-element-4d056d9 elementor-section-boxed elementor-section-height-default elementor-section-height-default\" data-id=\"4d056d9\" data-element_type=\"section\">\n\t\t\t\t\t\t<div class=\"elementor-container elementor-column-gap-default\">\n\t\t\t\t\t<div class=\"elementor-column elementor-col-100 elementor-top-column elementor-element elementor-element-09bb94e\" data-id=\"09bb94e\" data-element_type=\"column\">\n\t\t\t<div class=\"elementor-widget-wrap elementor-element-populated\">\n\t\t\t\t\t\t<div class=\"elementor-element elementor-element-33c5414 elementor-widget__width-initial elementor-align-left elementor-icon-list--layout-traditional elementor-list-item-link-full_width elementor-widget elementor-widget-icon-list\" data-id=\"33c5414\" data-element_type=\"widget\" data-widget_type=\"icon-list.default\">\n\t\t\t\t<div class=\"elementor-widget-container\">\n\t\t\t\t\t<ul class=\"elementor-icon-list-items\">\n\t\t\t\t\t\t\t<li class=\"elementor-icon-list-item\">\n\t\t\t\t\t\t\t\t\t\t\t<a href=\"https:\/\/www.winbooks.be\/nl\/telechargements\/?wpdmc=first-jaarrekeningen\">\n\n\t\t\t\t\t\t\t\t\t\t\t\t<span class=\"elementor-icon-list-icon\">\n\t\t\t\t\t\t\t<svg aria-hidden=\"true\" class=\"e-font-icon-svg e-fas-circle\" viewBox=\"0 0 512 512\" xmlns=\"http:\/\/www.w3.org\/2000\/svg\"><path d=\"M256 8C119 8 8 119 8 256s111 248 248 248 248-111 248-248S393 8 256 8z\"><\/path><\/svg>\t\t\t\t\t\t<\/span>\n\t\t\t\t\t\t\t\t\t\t<span class=\"elementor-icon-list-text\">Download<\/span>\n\t\t\t\t\t\t\t\t\t\t\t<\/a>\n\t\t\t\t\t\t\t\t\t<\/li>\n\t\t\t\t\t\t<\/ul>\n\t\t\t\t<\/div>\n\t\t\t\t<\/div>\n\t\t\t\t\t<\/div>\n\t\t<\/div>\n\t\t\t\t\t<\/div>\n\t\t<\/section>\n\t\t\t\t<section class=\"elementor-section elementor-top-section elementor-element elementor-element-92b3304 elementor-section-boxed elementor-section-height-default elementor-section-height-default\" data-id=\"92b3304\" data-element_type=\"section\">\n\t\t\t\t\t\t<div class=\"elementor-container elementor-column-gap-default\">\n\t\t\t\t\t<div class=\"elementor-column elementor-col-100 elementor-top-column elementor-element elementor-element-581a9e8\" data-id=\"581a9e8\" data-element_type=\"column\">\n\t\t\t<div class=\"elementor-widget-wrap elementor-element-populated\">\n\t\t\t\t\t\t<div class=\"elementor-element elementor-element-424d881 elementor-widget__width-initial elementor-absolute elementor-widget elementor-widget-image\" data-id=\"424d881\" data-element_type=\"widget\" data-settings=\"{&quot;_position&quot;:&quot;absolute&quot;}\" data-widget_type=\"image.default\">\n\t\t\t\t<div class=\"elementor-widget-container\">\n\t\t\t\t\t\t\t\t\t\t\t\t\t<img fetchpriority=\"high\" decoding=\"async\" width=\"257\" height=\"257\" src=\"https:\/\/www.mafact.com\/wp-content\/uploads\/2019\/08\/wb-analbil-256.png\" class=\"attachment-medium size-medium wp-image-1746\" alt=\"\" srcset=\"https:\/\/www.mafact.com\/wp-content\/uploads\/2019\/08\/wb-analbil-256.png 257w, https:\/\/www.mafact.com\/wp-content\/uploads\/2019\/08\/wb-analbil-256-150x150.png 150w\" sizes=\"(max-width: 257px) 100vw, 257px\" \/>\t\t\t\t\t\t\t\t\t\t\t\t\t<\/div>\n\t\t\t\t<\/div>\n\t\t\t\t<div class=\"elementor-element elementor-element-d503fb6 elementor-widget__width-initial elementor-absolute elementor-widget elementor-widget-image\" data-id=\"d503fb6\" data-element_type=\"widget\" data-settings=\"{&quot;_position&quot;:&quot;absolute&quot;}\" data-widget_type=\"image.default\">\n\t\t\t\t<div class=\"elementor-widget-container\">\n\t\t\t\t\t\t\t\t\t\t\t\t\t<img decoding=\"async\" width=\"603\" height=\"460\" src=\"https:\/\/www.mafact.com\/wp-content\/uploads\/2019\/08\/first_jaarrekeningen.png\" class=\"attachment-large size-large wp-image-1769\" alt=\"\" srcset=\"https:\/\/www.mafact.com\/wp-content\/uploads\/2019\/08\/first_jaarrekeningen.png 603w, https:\/\/www.mafact.com\/wp-content\/uploads\/2019\/08\/first_jaarrekeningen-300x229.png 300w\" sizes=\"(max-width: 603px) 100vw, 603px\" \/>\t\t\t\t\t\t\t\t\t\t\t\t\t<\/div>\n\t\t\t\t<\/div>\n\t\t\t\t<div class=\"elementor-element elementor-element-a83405e elementor-widget__width-initial elementor-absolute elementor-widget elementor-widget-image\" data-id=\"a83405e\" data-element_type=\"widget\" data-settings=\"{&quot;_position&quot;:&quot;absolute&quot;}\" data-widget_type=\"image.default\">\n\t\t\t\t<div class=\"elementor-widget-container\">\n\t\t\t\t\t\t\t\t\t\t\t\t\t<img decoding=\"async\" width=\"709\" height=\"587\" src=\"https:\/\/www.mafact.com\/wp-content\/uploads\/2019\/08\/first_belastingaangiften_2.png_2.jpg\" class=\"attachment-large size-large wp-image-1770\" alt=\"\" srcset=\"https:\/\/www.mafact.com\/wp-content\/uploads\/2019\/08\/first_belastingaangiften_2.png_2.jpg 709w, https:\/\/www.mafact.com\/wp-content\/uploads\/2019\/08\/first_belastingaangiften_2.png_2-300x248.jpg 300w\" sizes=\"(max-width: 709px) 100vw, 709px\" \/>\t\t\t\t\t\t\t\t\t\t\t\t\t<\/div>\n\t\t\t\t<\/div>\n\t\t\t\t<div class=\"elementor-element elementor-element-a4f658b elementor-widget__width-initial elementor-absolute elementor-widget elementor-widget-image\" data-id=\"a4f658b\" data-element_type=\"widget\" data-settings=\"{&quot;_position&quot;:&quot;absolute&quot;}\" data-widget_type=\"image.default\">\n\t\t\t\t<div class=\"elementor-widget-container\">\n\t\t\t\t\t\t\t\t\t\t\t\t\t<img loading=\"lazy\" decoding=\"async\" width=\"225\" height=\"225\" src=\"https:\/\/www.mafact.com\/wp-content\/uploads\/2019\/08\/index.jpg\" class=\"attachment-medium size-medium wp-image-1804\" alt=\"\" srcset=\"https:\/\/www.mafact.com\/wp-content\/uploads\/2019\/08\/index.jpg 225w, https:\/\/www.mafact.com\/wp-content\/uploads\/2019\/08\/index-150x150.jpg 150w\" sizes=\"(max-width: 225px) 100vw, 225px\" \/>\t\t\t\t\t\t\t\t\t\t\t\t\t<\/div>\n\t\t\t\t<\/div>\n\t\t\t\t<div class=\"elementor-element elementor-element-cadd300 elementor-widget elementor-widget-text-editor\" data-id=\"cadd300\" data-element_type=\"widget\" data-widget_type=\"text-editor.default\">\n\t\t\t\t<div class=\"elementor-widget-container\">\n\t\t\t\t\t\t\t<p><b>FIRST Jaarrekeningen<\/b> is de oplossing om snel, effici\u00ebnt en feilloos jaarrekeningen op te stellen en in te dienen in XBRL- of pdf-formaat.<br>First Jaarrekeningen is ontwikkeld in nauw overleg met de Balanscentrale van de Nationale Bank van Belgi\u00eb. <br>Het pakket is conform de wettelijke vereisten en voert naast alle door de NBB opgelegde controles ook extra boekhoudkundige en vennootschapsrechtelijke controles uit. Krijg een duidelijk overzicht van alle controles met een verklarende tekst en formule.<br>De software voldoet aan al uw eisen en blijft mee evolueren met de nieuwste wetgeving.<br>De voorbije 15 jaar zijn nieuwe functionaliteiten ingebouwd op vraag van onze klanten. <br>Dit resulteert in een toegepast en volledig product dat perfect aansluit op uw noden.<br>Voeg eenvoudig pdf-bestanden in voor de aandeelhoudersstructuur, het jaarverslag <br>en het verslag van de commissarissen.<br>Maak een financi\u00eble analyse over vijf boekjaren.<br>Raadpleeg de interne jaarrekening om vijf boekjaren te vergelijken.<br>Draag gegevens over naar het volgende boekjaar.<br>Hyperlinks vergemakkelijken het invullen van de jaarrekening: u kunt snel navigeren tussen de balans, resultatenrekening, toelichting en controles.<br>De afronding gebeurt met \u00e9\u00e9n muisklik.<br>Importeer intu\u00eftief en automatisch gegevens uit uw boekhoudpakket.<\/p>\n<p><b>FIRST Belastingaangiften<\/b> is, in nauw overleg met de FOD Financi\u00ebn, ontwikkeld door een team van specialisten dat een jarenlange ervaring met de XBRL-technologie heeft opgebouwd. We staan borg voor topkwaliteit. <br>U krijgt steeds een real-time overzicht van de inhoudelijke controles en kan ook structuurcontroles uitvoeren.<br>Importeer de proef- en saldibalans vanuit First Manager.<br>Importeer Biztax-bestanden om uw historiek te recupereren.<br>Importeer een XML-bestand uit uw boekhoudpakket.<br>Doorzoek gemakkelijk de aangifte op code of omschrijving.<br>Voeg bijlages toe op ieder moment tijdens het opmaken van uw aangifte <br>(bijvoorbeeld: verslagen aan en besluiten van de algemene vergadering).<br>Behoud steeds het overzicht van de aangifte: bij wijzigingen wordt het te betalen of terug te vorderen bedrag automatisch berekend.<br>Exporteer uw aangifte, inclusief bijlages, eenvoudig naar Biztax\u2013bestanden of een enveloppe met maximum 25 aangiftes.<\/p>\t\t\t\t\t\t<\/div>\n\t\t\t\t<\/div>\n\t\t\t\t\t<\/div>\n\t\t<\/div>\n\t\t\t\t\t<\/div>\n\t\t<\/section>\n\t\t\t\t<\/div>\n\t\t","protected":false},"excerpt":{"rendered":"<p>Download FIRST Jaarrekeningen is de oplossing om snel, effici\u00ebnt en feilloos jaarrekeningen op te stellen en in te dienen in XBRL- of pdf-formaat.First Jaarrekeningen is ontwikkeld in nauw overleg met de Balanscentrale van de Nationale Bank van Belgi\u00eb. Het pakket is conform de wettelijke vereisten en voert naast alle door de NBB opgelegde controles ook &#8230; <a title=\"first softwares nl\" class=\"read-more\" href=\"https:\/\/www.mafact.com\/index.php\/nl\/first-softwares-nl\/\" aria-label=\"More on first softwares nl\">Lire la suite<\/a><\/p>\n","protected":false},"author":1,"featured_media":0,"parent":0,"menu_order":0,"comment_status":"closed","ping_status":"closed","template":"","meta":{"footnotes":""},"_links":{"self":[{"href":"https:\/\/www.mafact.com\/index.php\/wp-json\/wp\/v2\/pages\/1856"}],"collection":[{"href":"https:\/\/www.mafact.com\/index.php\/wp-json\/wp\/v2\/pages"}],"about":[{"href":"https:\/\/www.mafact.com\/index.php\/wp-json\/wp\/v2\/types\/page"}],"author":[{"embeddable":true,"href":"https:\/\/www.mafact.com\/index.php\/wp-json\/wp\/v2\/users\/1"}],"replies":[{"embeddable":true,"href":"https:\/\/www.mafact.com\/index.php\/wp-json\/wp\/v2\/comments?post=1856"}],"version-history":[{"count":13,"href":"https:\/\/www.mafact.com\/index.php\/wp-json\/wp\/v2\/pages\/1856\/revisions"}],"predecessor-version":[{"id":3310,"href":"https:\/\/www.mafact.com\/index.php\/wp-json\/wp\/v2\/pages\/1856\/revisions\/3310"}],"wp:attachment":[{"href":"https:\/\/www.mafact.com\/index.php\/wp-json\/wp\/v2\/media?parent=1856"}],"curies":[{"name":"wp","href":"https:\/\/api.w.org\/{rel}","templated":true}]}}