{"id":1731,"date":"2019-08-05T14:53:16","date_gmt":"2019-08-05T12:53:16","guid":{"rendered":"http:\/\/www.mafact.com\/?page_id=1731"},"modified":"2019-09-12T16:54:09","modified_gmt":"2019-09-12T14:54:09","slug":"interface-sha","status":"publish","type":"page","link":"https:\/\/www.mafact.com\/index.php\/interface-sha\/","title":{"rendered":"interface sha"},"content":{"rendered":"\t\t<div data-elementor-type=\"wp-post\" data-elementor-id=\"1731\" class=\"elementor elementor-1731\">\n\t\t\t\t\t\t<section class=\"elementor-section elementor-top-section elementor-element elementor-element-fb8fde2 elementor-section-boxed elementor-section-height-default elementor-section-height-default\" data-id=\"fb8fde2\" data-element_type=\"section\">\n\t\t\t\t\t\t<div class=\"elementor-container elementor-column-gap-default\">\n\t\t\t\t\t<div class=\"elementor-column elementor-col-100 elementor-top-column elementor-element elementor-element-92e5b66\" data-id=\"92e5b66\" data-element_type=\"column\">\n\t\t\t<div class=\"elementor-widget-wrap elementor-element-populated\">\n\t\t\t\t\t\t<div class=\"elementor-element elementor-element-4ecc781 elementor-widget elementor-widget-heading\" data-id=\"4ecc781\" data-element_type=\"widget\" data-widget_type=\"heading.default\">\n\t\t\t\t<div class=\"elementor-widget-container\">\n\t\t\t<h2 class=\"elementor-heading-title elementor-size-default\">Interface Sha - Ogone<\/h2>\t\t<\/div>\n\t\t\t\t<\/div>\n\t\t\t\t\t<\/div>\n\t\t<\/div>\n\t\t\t\t\t<\/div>\n\t\t<\/section>\n\t\t\t\t<section class=\"elementor-section elementor-top-section elementor-element elementor-element-5c89cf7 elementor-section-boxed elementor-section-height-default elementor-section-height-default\" data-id=\"5c89cf7\" data-element_type=\"section\">\n\t\t\t\t\t\t<div class=\"elementor-container elementor-column-gap-default\">\n\t\t\t\t\t<div class=\"elementor-column elementor-col-100 elementor-top-column elementor-element elementor-element-1acd7ae\" data-id=\"1acd7ae\" data-element_type=\"column\">\n\t\t\t<div class=\"elementor-widget-wrap elementor-element-populated\">\n\t\t\t\t\t\t<div class=\"elementor-element elementor-element-4a0cb5c elementor-widget elementor-widget-text-editor\" data-id=\"4a0cb5c\" data-element_type=\"widget\" data-widget_type=\"text-editor.default\">\n\t\t\t\t<div class=\"elementor-widget-container\">\n\t\t\t\t\t\t\t<div><b>SHA = Secure Hash Algorithm<\/b><\/div><div><b>\u00a0<\/b><\/div><div>Nous avons int\u00e9gr\u00e9 dans le programme Mafact, une interface SHA en lien avec la soci\u00e9t\u00e9 OGONE\/ INGENICO<br \/><br \/>Pourquoi ne pas inviter vos clients, qui pour la plupart re\u00e7oivent vos facture au format pdf, \u00e0 cliquer sur un lien affich\u00e9 sur la facture afin de leur permettre d\u2019effectuer directement le paiement!!<br \/><br \/>Dans <i><b>Mafact<\/b><\/i> nous avons d\u00e9velopp\u00e9 une interface qui permet d\u2019associer un lien hypertexte muni de l\u2019algorithme SHA, sur vos layouts, pour les paiements s\u00e9curis\u00e9s via OGONE<br \/><br \/>Ce lien hypertexte est calcul\u00e9 \u00e0 l\u2019impression du document et doit \u00eatre rajout\u00e9 sur le layout, de telle sorte \u00e0 ce que le client n\u2019ait plus qu\u2019\u00e0 cliquer sur ce lien lorsqu\u2019il re\u00e7oit sa facture pour \u00eatre redirig\u00e9 vers un paiement OGONE<b><br \/><br \/><\/b><\/div><p><br \/><b><\/b><\/p>\t\t\t\t\t\t<\/div>\n\t\t\t\t<\/div>\n\t\t\t\t\t<\/div>\n\t\t<\/div>\n\t\t\t\t\t<\/div>\n\t\t<\/section>\n\t\t\t\t<section class=\"elementor-section elementor-top-section elementor-element elementor-element-864b299 elementor-section-boxed elementor-section-height-default elementor-section-height-default\" data-id=\"864b299\" data-element_type=\"section\">\n\t\t\t\t\t\t<div class=\"elementor-container elementor-column-gap-default\">\n\t\t\t\t\t<div class=\"elementor-column elementor-col-100 elementor-top-column elementor-element elementor-element-509b7b3\" data-id=\"509b7b3\" data-element_type=\"column\">\n\t\t\t<div class=\"elementor-widget-wrap elementor-element-populated\">\n\t\t\t\t\t\t<div class=\"elementor-element elementor-element-9602561 elementor-widget elementor-widget-image\" data-id=\"9602561\" data-element_type=\"widget\" data-widget_type=\"image.default\">\n\t\t\t\t<div class=\"elementor-widget-container\">\n\t\t\t\t\t\t\t\t\t\t\t\t\t<img fetchpriority=\"high\" decoding=\"async\" width=\"1024\" height=\"774\" src=\"https:\/\/www.mafact.com\/wp-content\/uploads\/2019\/08\/sha-ogone-1024x774.png\" class=\"attachment-large size-large wp-image-1740\" alt=\"\" srcset=\"https:\/\/www.mafact.com\/wp-content\/uploads\/2019\/08\/sha-ogone-1024x774.png 1024w, https:\/\/www.mafact.com\/wp-content\/uploads\/2019\/08\/sha-ogone-300x227.png 300w, https:\/\/www.mafact.com\/wp-content\/uploads\/2019\/08\/sha-ogone-768x581.png 768w, https:\/\/www.mafact.com\/wp-content\/uploads\/2019\/08\/sha-ogone.png 1042w\" sizes=\"(max-width: 1024px) 100vw, 1024px\" \/>\t\t\t\t\t\t\t\t\t\t\t\t\t<\/div>\n\t\t\t\t<\/div>\n\t\t\t\t\t<\/div>\n\t\t<\/div>\n\t\t\t\t\t<\/div>\n\t\t<\/section>\n\t\t\t\t<\/div>\n\t\t","protected":false},"excerpt":{"rendered":"<p>Interface Sha &#8211; Ogone SHA = Secure Hash Algorithm\u00a0Nous avons int\u00e9gr\u00e9 dans le programme Mafact, une interface SHA en lien avec la soci\u00e9t\u00e9 OGONE\/ INGENICO Pourquoi ne pas inviter vos clients, qui pour la plupart re\u00e7oivent vos facture au format pdf, \u00e0 cliquer sur un lien affich\u00e9 sur la facture afin de leur permettre d\u2019effectuer &#8230; <a title=\"interface sha\" class=\"read-more\" href=\"https:\/\/www.mafact.com\/index.php\/interface-sha\/\" aria-label=\"More on interface sha\">Lire la suite<\/a><\/p>\n","protected":false},"author":1,"featured_media":0,"parent":0,"menu_order":0,"comment_status":"closed","ping_status":"closed","template":"","meta":{"footnotes":""},"_links":{"self":[{"href":"https:\/\/www.mafact.com\/index.php\/wp-json\/wp\/v2\/pages\/1731"}],"collection":[{"href":"https:\/\/www.mafact.com\/index.php\/wp-json\/wp\/v2\/pages"}],"about":[{"href":"https:\/\/www.mafact.com\/index.php\/wp-json\/wp\/v2\/types\/page"}],"author":[{"embeddable":true,"href":"https:\/\/www.mafact.com\/index.php\/wp-json\/wp\/v2\/users\/1"}],"replies":[{"embeddable":true,"href":"https:\/\/www.mafact.com\/index.php\/wp-json\/wp\/v2\/comments?post=1731"}],"version-history":[{"count":6,"href":"https:\/\/www.mafact.com\/index.php\/wp-json\/wp\/v2\/pages\/1731\/revisions"}],"predecessor-version":[{"id":2327,"href":"https:\/\/www.mafact.com\/index.php\/wp-json\/wp\/v2\/pages\/1731\/revisions\/2327"}],"wp:attachment":[{"href":"https:\/\/www.mafact.com\/index.php\/wp-json\/wp\/v2\/media?parent=1731"}],"curies":[{"name":"wp","href":"https:\/\/api.w.org\/{rel}","templated":true}]}}