{"id":484,"date":"2019-03-26T15:11:46","date_gmt":"2019-03-26T14:11:46","guid":{"rendered":"http:\/\/www.mafact.com\/?page_id=484"},"modified":"2019-09-12T16:48:17","modified_gmt":"2019-09-12T14:48:17","slug":"interface-link-winbooks","status":"publish","type":"page","link":"http:\/\/www.mafact.com\/index.php\/interface-link-winbooks\/","title":{"rendered":"Interface link winbooks"},"content":{"rendered":"\t\t<div data-elementor-type=\"wp-post\" data-elementor-id=\"484\" class=\"elementor elementor-484\">\n\t\t\t\t\t\t<section class=\"elementor-section elementor-top-section elementor-element elementor-element-f2b2c88 elementor-section-boxed elementor-section-height-default elementor-section-height-default\" data-id=\"f2b2c88\" data-element_type=\"section\">\n\t\t\t\t\t\t<div class=\"elementor-container elementor-column-gap-default\">\n\t\t\t\t\t<div class=\"elementor-column elementor-col-100 elementor-top-column elementor-element elementor-element-92beccd\" data-id=\"92beccd\" data-element_type=\"column\">\n\t\t\t<div class=\"elementor-widget-wrap elementor-element-populated\">\n\t\t\t\t\t\t<div class=\"elementor-element elementor-element-8973df9 elementor-widget elementor-widget-heading\" data-id=\"8973df9\" data-element_type=\"widget\" data-widget_type=\"heading.default\">\n\t\t\t\t<div class=\"elementor-widget-container\">\n\t\t\t<h2 class=\"elementor-heading-title elementor-size-default\">Interfaces Comptables<\/h2>\t\t<\/div>\n\t\t\t\t<\/div>\n\t\t\t\t\t<\/div>\n\t\t<\/div>\n\t\t\t\t\t<\/div>\n\t\t<\/section>\n\t\t\t\t<section class=\"elementor-section elementor-top-section elementor-element elementor-element-9605d16 elementor-section-boxed elementor-section-height-default elementor-section-height-default\" data-id=\"9605d16\" data-element_type=\"section\">\n\t\t\t\t\t\t<div class=\"elementor-container elementor-column-gap-default\">\n\t\t\t\t\t<div class=\"elementor-column elementor-col-100 elementor-top-column elementor-element elementor-element-d09ff36\" data-id=\"d09ff36\" data-element_type=\"column\">\n\t\t\t<div class=\"elementor-widget-wrap elementor-element-populated\">\n\t\t\t\t\t\t<div class=\"elementor-element elementor-element-274f447 elementor-widget elementor-widget-text-editor\" data-id=\"274f447\" data-element_type=\"widget\" data-widget_type=\"text-editor.default\">\n\t\t\t\t<div class=\"elementor-widget-container\">\n\t\t\t\t\t\t\t<p><b><i>Mafact<\/i> <\/b>est un programme de gestion commerciale<br \/>Comme il ne s&rsquo;agissait pas d&rsquo;un programme comptable nous avons d\u00e9velopp\u00e9 de nombreuses interfaces comptables : BOB, WINBOOKS, POPSY et EXPERT\/M, GESALL et EASI.\u00a0 Nous avons m\u00eame pr\u00e9vu un export g\u00e9n\u00e9rique.<br \/>Celles-ci concerne tant les ventes que les achats<\/p><div>Cette expertise nous a permis de r\u00e9aliser des interfaces en dehors de notre programme<b><i> Mafact<\/i><\/b> avec WINBOOKS \u00e0 partir de fichiers de type EXCEL, CSV, DBF, XML&#8230;<\/div><div>\u00a0<\/div><div>\u2192 Des interfaces pour le transfert des salaires avec les \u00e9critures analytiques en WinBooks<br \/>\u2192 Des interfaces pour le transfert des leasing voitures avec les \u00e9critures analytiques en WinBooks<br \/>\u2192 Des interfaces pour le transfert des informations de t\u00e9l\u00e9phone\/gsm avec les \u00e9critures analytiques en WinBooks<br \/>\u2192 Des interfaces pour le transfert des donn\u00e9es d\u2019un gestion commerciale ext\u00e9rieure<\/div><div>\u2192 Des interfaces In et Out Mafact et\/ou WINBOOKS <\/div><p>\u00a0<\/p>\t\t\t\t\t\t<\/div>\n\t\t\t\t<\/div>\n\t\t\t\t\t<\/div>\n\t\t<\/div>\n\t\t\t\t\t<\/div>\n\t\t<\/section>\n\t\t\t\t<\/div>\n\t\t","protected":false},"excerpt":{"rendered":"<p>Interfaces Comptables Mafact est un programme de gestion commercialeComme il ne s&rsquo;agissait pas d&rsquo;un programme comptable nous avons d\u00e9velopp\u00e9 de nombreuses interfaces comptables : BOB, WINBOOKS, POPSY et EXPERT\/M, GESALL et EASI.\u00a0 Nous avons m\u00eame pr\u00e9vu un export g\u00e9n\u00e9rique.Celles-ci concerne tant les ventes que les achats Cette expertise nous a permis de r\u00e9aliser des interfaces &#8230; <a title=\"Interface link winbooks\" class=\"read-more\" href=\"http:\/\/www.mafact.com\/index.php\/interface-link-winbooks\/\" aria-label=\"More on Interface link winbooks\">Lire la suite<\/a><\/p>\n","protected":false},"author":1,"featured_media":0,"parent":0,"menu_order":0,"comment_status":"closed","ping_status":"closed","template":"","meta":{"footnotes":""},"_links":{"self":[{"href":"http:\/\/www.mafact.com\/index.php\/wp-json\/wp\/v2\/pages\/484"}],"collection":[{"href":"http:\/\/www.mafact.com\/index.php\/wp-json\/wp\/v2\/pages"}],"about":[{"href":"http:\/\/www.mafact.com\/index.php\/wp-json\/wp\/v2\/types\/page"}],"author":[{"embeddable":true,"href":"http:\/\/www.mafact.com\/index.php\/wp-json\/wp\/v2\/users\/1"}],"replies":[{"embeddable":true,"href":"http:\/\/www.mafact.com\/index.php\/wp-json\/wp\/v2\/comments?post=484"}],"version-history":[{"count":10,"href":"http:\/\/www.mafact.com\/index.php\/wp-json\/wp\/v2\/pages\/484\/revisions"}],"predecessor-version":[{"id":2322,"href":"http:\/\/www.mafact.com\/index.php\/wp-json\/wp\/v2\/pages\/484\/revisions\/2322"}],"wp:attachment":[{"href":"http:\/\/www.mafact.com\/index.php\/wp-json\/wp\/v2\/media?parent=484"}],"curies":[{"name":"wp","href":"https:\/\/api.w.org\/{rel}","templated":true}]}}