{"id":453,"date":"2019-03-26T15:05:50","date_gmt":"2019-03-26T14:05:50","guid":{"rendered":"http:\/\/www.mafact.com\/?page_id=453"},"modified":"2024-11-28T17:05:49","modified_gmt":"2024-11-28T16:05:49","slug":"winbooks-classic","status":"publish","type":"page","link":"http:\/\/www.mafact.com\/index.php\/winbooks-classic\/","title":{"rendered":"Winbooks classic"},"content":{"rendered":"\t\t<div data-elementor-type=\"wp-page\" data-elementor-id=\"453\" class=\"elementor elementor-453\">\n\t\t\t\t<div class=\"elementor-element elementor-element-6001392 e-con-full e-flex e-con e-parent\" data-id=\"6001392\" data-element_type=\"container\">\n\t\t\t\t<div class=\"elementor-element elementor-element-b0bd890 elementor-widget__width-initial elementor-icon-list--layout-traditional elementor-list-item-link-full_width elementor-widget elementor-widget-icon-list\" data-id=\"b0bd890\" data-element_type=\"widget\" data-widget_type=\"icon-list.default\">\n\t\t\t\t<div class=\"elementor-widget-container\">\n\t\t\t\t\t<ul class=\"elementor-icon-list-items\">\n\t\t\t\t\t\t\t<li class=\"elementor-icon-list-item\">\n\t\t\t\t\t\t\t\t\t\t\t<a href=\"https:\/\/www.mafact.com\/index.php\/winbooks-module-de-base\/\">\n\n\t\t\t\t\t\t\t\t\t\t\t\t<span class=\"elementor-icon-list-icon\">\n\t\t\t\t\t\t\t<svg aria-hidden=\"true\" class=\"e-font-icon-svg e-fas-circle\" viewBox=\"0 0 512 512\" xmlns=\"http:\/\/www.w3.org\/2000\/svg\"><path d=\"M256 8C119 8 8 119 8 256s111 248 248 248 248-111 248-248S393 8 256 8z\"><\/path><\/svg>\t\t\t\t\t\t<\/span>\n\t\t\t\t\t\t\t\t\t\t<span class=\"elementor-icon-list-text\">Module de base<\/span>\n\t\t\t\t\t\t\t\t\t\t\t<\/a>\n\t\t\t\t\t\t\t\t\t<\/li>\n\t\t\t\t\t\t\t\t<li class=\"elementor-icon-list-item\">\n\t\t\t\t\t\t\t\t\t\t\t<a href=\"https:\/\/www.mafact.com\/index.php\/winbooks-module-supp\/\">\n\n\t\t\t\t\t\t\t\t\t\t\t\t<span class=\"elementor-icon-list-icon\">\n\t\t\t\t\t\t\t<svg aria-hidden=\"true\" class=\"e-font-icon-svg e-fas-circle\" viewBox=\"0 0 512 512\" xmlns=\"http:\/\/www.w3.org\/2000\/svg\"><path d=\"M256 8C119 8 8 119 8 256s111 248 248 248 248-111 248-248S393 8 256 8z\"><\/path><\/svg>\t\t\t\t\t\t<\/span>\n\t\t\t\t\t\t\t\t\t\t<span class=\"elementor-icon-list-text\">Modules suppl\u00e9mentaires<\/span>\n\t\t\t\t\t\t\t\t\t\t\t<\/a>\n\t\t\t\t\t\t\t\t\t<\/li>\n\t\t\t\t\t\t\t\t<li class=\"elementor-icon-list-item\">\n\t\t\t\t\t\t\t\t\t\t\t<a href=\"https:\/\/www.mafact.com\/index.php\/telechargement\/\">\n\n\t\t\t\t\t\t\t\t\t\t\t\t<span class=\"elementor-icon-list-icon\">\n\t\t\t\t\t\t\t<svg aria-hidden=\"true\" class=\"e-font-icon-svg e-fas-circle\" viewBox=\"0 0 512 512\" xmlns=\"http:\/\/www.w3.org\/2000\/svg\"><path d=\"M256 8C119 8 8 119 8 256s111 248 248 248 248-111 248-248S393 8 256 8z\"><\/path><\/svg>\t\t\t\t\t\t<\/span>\n\t\t\t\t\t\t\t\t\t\t<span class=\"elementor-icon-list-text\">T\u00e9l\u00e9chargement<\/span>\n\t\t\t\t\t\t\t\t\t\t\t<\/a>\n\t\t\t\t\t\t\t\t\t<\/li>\n\t\t\t\t\t\t\t\t<li class=\"elementor-icon-list-item\">\n\t\t\t\t\t\t\t\t\t\t\t<a href=\"https:\/\/help.winbooks.be\/display\/HelpWBC\">\n\n\t\t\t\t\t\t\t\t\t\t\t\t<span class=\"elementor-icon-list-icon\">\n\t\t\t\t\t\t\t<svg aria-hidden=\"true\" class=\"e-font-icon-svg e-fas-circle\" viewBox=\"0 0 512 512\" xmlns=\"http:\/\/www.w3.org\/2000\/svg\"><path d=\"M256 8C119 8 8 119 8 256s111 248 248 248 248-111 248-248S393 8 256 8z\"><\/path><\/svg>\t\t\t\t\t\t<\/span>\n\t\t\t\t\t\t\t\t\t\t<span class=\"elementor-icon-list-text\">Manuel<\/span>\n\t\t\t\t\t\t\t\t\t\t\t<\/a>\n\t\t\t\t\t\t\t\t\t<\/li>\n\t\t\t\t\t\t<\/ul>\n\t\t\t\t<\/div>\n\t\t\t\t<\/div>\n\t\t\t\t<\/div>\n\t\t\t\t<section class=\"elementor-section elementor-top-section elementor-element elementor-element-0dad83e elementor-section-boxed elementor-section-height-default elementor-section-height-default\" data-id=\"0dad83e\" data-element_type=\"section\">\n\t\t\t\t\t\t<div class=\"elementor-container elementor-column-gap-default\">\n\t\t\t\t\t<div class=\"elementor-column elementor-col-100 elementor-top-column elementor-element elementor-element-6be2920\" data-id=\"6be2920\" data-element_type=\"column\">\n\t\t\t<div class=\"elementor-widget-wrap elementor-element-populated\">\n\t\t\t\t\t\t<div class=\"elementor-element elementor-element-5c78128 elementor-widget__width-initial elementor-absolute elementor-widget elementor-widget-image\" data-id=\"5c78128\" data-element_type=\"widget\" data-settings=\"{&quot;_position&quot;:&quot;absolute&quot;}\" data-widget_type=\"image.default\">\n\t\t\t\t<div class=\"elementor-widget-container\">\n\t\t\t\t\t\t\t\t\t\t\t\t\t<img fetchpriority=\"high\" decoding=\"async\" width=\"257\" height=\"257\" src=\"http:\/\/www.mafact.com\/wp-content\/uploads\/2019\/04\/3503266874.png\" class=\"attachment-medium size-medium wp-image-702\" alt=\"Winbooks\" srcset=\"http:\/\/www.mafact.com\/wp-content\/uploads\/2019\/04\/3503266874.png 257w, http:\/\/www.mafact.com\/wp-content\/uploads\/2019\/04\/3503266874-150x150.png 150w, http:\/\/www.mafact.com\/wp-content\/uploads\/2019\/04\/elementor\/thumbs\/3503266874-o5tw7ve9xvojm9il6sfwrgb1jeai1pr0dl4rk5kcak.png 70w\" sizes=\"(max-width: 257px) 100vw, 257px\" \/>\t\t\t\t\t\t\t\t\t\t\t\t\t<\/div>\n\t\t\t\t<\/div>\n\t\t\t\t<div class=\"elementor-element elementor-element-5b667f8 elementor-widget elementor-widget-text-editor\" data-id=\"5b667f8\" data-element_type=\"widget\" data-widget_type=\"text-editor.default\">\n\t\t\t\t<div class=\"elementor-widget-container\">\n\t\t\t\t\t\t\t<h6><strong>WinBooks est un programme de comptabilit\u00e9 complet et conforme aux prescriptions les plus r\u00e9centes\u00a0qui int\u00e8gre d&#8217;embl\u00e9e de nouvelles fonctions tr\u00e8s appr\u00e9ciables\u00a0<\/strong><\/h6>\t\t\t\t\t\t<\/div>\n\t\t\t\t<\/div>\n\t\t\t\t\t<\/div>\n\t\t<\/div>\n\t\t\t\t\t<\/div>\n\t\t<\/section>\n\t\t\t\t<section class=\"elementor-section elementor-top-section elementor-element elementor-element-3dc633f elementor-section-boxed elementor-section-height-default elementor-section-height-default\" data-id=\"3dc633f\" data-element_type=\"section\">\n\t\t\t\t\t\t<div class=\"elementor-container elementor-column-gap-default\">\n\t\t\t\t\t<div class=\"elementor-column elementor-col-100 elementor-top-column elementor-element elementor-element-f8ab6ec\" data-id=\"f8ab6ec\" data-element_type=\"column\">\n\t\t\t<div class=\"elementor-widget-wrap elementor-element-populated\">\n\t\t\t\t\t\t<div class=\"elementor-element elementor-element-27cb1b0 elementor-widget elementor-widget-text-editor\" data-id=\"27cb1b0\" data-element_type=\"widget\" data-widget_type=\"text-editor.default\">\n\t\t\t\t<div class=\"elementor-widget-container\">\n\t\t\t\t\t\t\t<h6>Encodage en temps r\u00e9el avec comptabilisation imm\u00e9diate.<br \/>Correction des \u00e9critures jusqu&rsquo;\u00e0 validation d\u00e9finitive ou cl\u00f4ture p\u00e9riodique (par type de journal).<br \/>Encodage des \u00e9critures excessivement souple et ultra-rapide.<br \/>Gestion automatique de la TVA partiellement d\u00e9ductible<br \/>Recherche et tri sur tous les champs des fiches clients\/fournisseurs\/comptes g\u00e9n\u00e9raux (ex.: soci\u00e9t\u00e9, TVA, localit\u00e9.).<br \/>Gestion des rappels \u00e0 3 niveaux avec param\u00e9trage sophistiqu\u00e9 du dessin de rappels (logo, couleurs,.) et calcul des int\u00e9r\u00eats de retard. Possibilit\u00e9 d&rsquo;envois par mail ou par fax.<br \/>R\u00e9ouverture annuelle automatique et constamment \u00e0 jour.<br \/>Impressions compl\u00e8tes: balances, journaux, d\u00e9clarations TVA, relev\u00e9s Intracom, listing annuel, concordance TVA, fiches de commissions 281.50 et 325.50, \u00e9ch\u00e9anciers.<br \/>Reclassement bilantaire, libell\u00e9 alternatif.<br \/>Extourne automatique d&rsquo;op\u00e9rations diverses, g\u00e9n\u00e9ration automatique des op\u00e9rations diverses TVA.<br \/>Param\u00e9trage pouss\u00e9 des signal\u00e9tiques, tables associ\u00e9es.<br \/>Syst\u00e8me de back up et restore int\u00e9gr\u00e9, transfert automatique d&rsquo;un dossier entre r\u00e9seau et portable, test comptable, proc\u00e9dure de r\u00e9organisation, possibilit\u00e9 de modifier les bornes comptables en cours d&rsquo;exercice.<br \/>Son module Office API Full offre une int\u00e9gration pouss\u00e9e avec Excel, non seulement un export de la plupart des listes de WinBooks vers Excel,\u00a0 mais \u00e9galement la possibilit\u00e9 de faire g\u00e9n\u00e9rer en Excel des listes programm\u00e9es qui se basent sur les donn\u00e9es en WinBooks, ou d&rsquo;y cr\u00e9er ses propres listes r\u00e9utilisables \u00e0 l&rsquo;aide de fonctions WinBooks en Excel.Une gamme plus que compl\u00e8te<br \/>\u2192 Accounting et ses modules pour la comptabilit\u00e9<br \/>\u2192 Analyse bilantaire pour le d\u00e9p\u00f4t des comptes annuels<br \/>\u2192 Consolidation de dossiers comptables<br \/>\u2192 Logistics, la gestion commerciale extr\u00eamement personnalisable avec ses modules CRM et e-commerce<br \/>\u2192 Virtual Invoice, la reconnaissance optique des documents scann\u00e9s et leur int\u00e9gration automatis\u00e9e dans la comptabilit\u00e9 et la gestion des approbations des factures d&rsquo;achat<br \/>Avec une mise en route ultra rapide<br \/>A un prix abordable pour toute entreprise<br \/>3 \u00e9ditions vous sont propos\u00e9es: Business, Enterprise et Fiduciaire<br \/>Tarif A.S.B.L. non assujettie \u00e0 la T.V.A. et tarif \u00e9tablissement scolaire<br \/>Si vous disposez actuellement d&rsquo;un logiciel comptable concurrent et vous d\u00e9cidez de passer \u00e0 WinBooks, vous b\u00e9n\u00e9ficiez du tarif Competitive Upgrade sur les \u00e9ditions Enterprise et Fiduciaire<br \/>Mafact SA est revendeur agr\u00e9\u00e9 WinBooks Accounting, Analyse bilantaire, Logistics et Virtual Invoice et nous avons nous m\u00eame r\u00e9alis\u00e9 le programme de Consolidation.<\/h6>\t\t\t\t\t\t<\/div>\n\t\t\t\t<\/div>\n\t\t\t\t\t<\/div>\n\t\t<\/div>\n\t\t\t\t\t<\/div>\n\t\t<\/section>\n\t\t\t\t<\/div>\n\t\t","protected":false},"excerpt":{"rendered":"<p>Module de base Modules suppl\u00e9mentaires T\u00e9l\u00e9chargement Manuel WinBooks est un programme de comptabilit\u00e9 complet et conforme aux prescriptions les plus r\u00e9centes\u00a0qui int\u00e8gre d&#8217;embl\u00e9e de nouvelles fonctions tr\u00e8s appr\u00e9ciables\u00a0 Encodage en temps r\u00e9el avec comptabilisation imm\u00e9diate.Correction des \u00e9critures jusqu&rsquo;\u00e0 validation d\u00e9finitive ou cl\u00f4ture p\u00e9riodique (par type de journal).Encodage des \u00e9critures excessivement souple et ultra-rapide.Gestion automatique de &#8230; <a title=\"Winbooks classic\" class=\"read-more\" href=\"http:\/\/www.mafact.com\/index.php\/winbooks-classic\/\" aria-label=\"More on Winbooks classic\">Lire la suite<\/a><\/p>\n","protected":false},"author":1,"featured_media":0,"parent":0,"menu_order":0,"comment_status":"closed","ping_status":"closed","template":"","meta":{"footnotes":""},"_links":{"self":[{"href":"http:\/\/www.mafact.com\/index.php\/wp-json\/wp\/v2\/pages\/453"}],"collection":[{"href":"http:\/\/www.mafact.com\/index.php\/wp-json\/wp\/v2\/pages"}],"about":[{"href":"http:\/\/www.mafact.com\/index.php\/wp-json\/wp\/v2\/types\/page"}],"author":[{"embeddable":true,"href":"http:\/\/www.mafact.com\/index.php\/wp-json\/wp\/v2\/users\/1"}],"replies":[{"embeddable":true,"href":"http:\/\/www.mafact.com\/index.php\/wp-json\/wp\/v2\/comments?post=453"}],"version-history":[{"count":72,"href":"http:\/\/www.mafact.com\/index.php\/wp-json\/wp\/v2\/pages\/453\/revisions"}],"predecessor-version":[{"id":3523,"href":"http:\/\/www.mafact.com\/index.php\/wp-json\/wp\/v2\/pages\/453\/revisions\/3523"}],"wp:attachment":[{"href":"http:\/\/www.mafact.com\/index.php\/wp-json\/wp\/v2\/media?parent=453"}],"curies":[{"name":"wp","href":"https:\/\/api.w.org\/{rel}","templated":true}]}}