{"id":1900,"date":"2019-08-08T15:35:05","date_gmt":"2019-08-08T13:35:05","guid":{"rendered":"http:\/\/www.mafact.com\/?page_id=1900"},"modified":"2020-12-11T11:07:01","modified_gmt":"2020-12-11T10:07:01","slug":"reporting-view-nl","status":"publish","type":"page","link":"http:\/\/www.mafact.com\/index.php\/reporting-view-nl\/","title":{"rendered":"Reporting \/ View"},"content":{"rendered":"\t\t<div data-elementor-type=\"wp-page\" data-elementor-id=\"1900\" class=\"elementor elementor-1900\">\n\t\t\t\t\t\t<section class=\"elementor-section elementor-top-section elementor-element elementor-element-da9d864 elementor-section-boxed elementor-section-height-default elementor-section-height-default\" data-id=\"da9d864\" data-element_type=\"section\">\n\t\t\t\t\t\t<div class=\"elementor-container elementor-column-gap-default\">\n\t\t\t\t\t<div class=\"elementor-column elementor-col-50 elementor-top-column elementor-element elementor-element-c35f0be\" data-id=\"c35f0be\" data-element_type=\"column\">\n\t\t\t<div class=\"elementor-widget-wrap elementor-element-populated\">\n\t\t\t\t\t\t<div class=\"elementor-element elementor-element-865fd13 elementor-widget__width-initial elementor-absolute elementor-widget elementor-widget-image\" data-id=\"865fd13\" data-element_type=\"widget\" data-settings=\"{&quot;_position&quot;:&quot;absolute&quot;}\" data-widget_type=\"image.default\">\n\t\t\t\t<div class=\"elementor-widget-container\">\n\t\t\t\t\t\t\t\t\t\t\t\t\t<img fetchpriority=\"high\" decoding=\"async\" width=\"257\" height=\"257\" src=\"http:\/\/www.mafact.com\/wp-content\/uploads\/2019\/03\/view.png\" class=\"attachment-large size-large wp-image-634\" alt=\"\" srcset=\"http:\/\/www.mafact.com\/wp-content\/uploads\/2019\/03\/view.png 257w, http:\/\/www.mafact.com\/wp-content\/uploads\/2019\/03\/view-150x150.png 150w\" sizes=\"(max-width: 257px) 100vw, 257px\" \/>\t\t\t\t\t\t\t\t\t\t\t\t\t<\/div>\n\t\t\t\t<\/div>\n\t\t\t\t\t<\/div>\n\t\t<\/div>\n\t\t\t\t<div class=\"elementor-column elementor-col-50 elementor-top-column elementor-element elementor-element-c3c3cc7\" data-id=\"c3c3cc7\" data-element_type=\"column\">\n\t\t\t<div class=\"elementor-widget-wrap elementor-element-populated\">\n\t\t\t\t\t\t<div class=\"elementor-element elementor-element-32e425f elementor-icon-list--layout-traditional elementor-list-item-link-full_width elementor-widget elementor-widget-icon-list\" data-id=\"32e425f\" data-element_type=\"widget\" data-widget_type=\"icon-list.default\">\n\t\t\t\t<div class=\"elementor-widget-container\">\n\t\t\t\t\t<ul class=\"elementor-icon-list-items\">\n\t\t\t\t\t\t\t<li class=\"elementor-icon-list-item\">\n\t\t\t\t\t\t\t\t\t\t\t<a href=\"http:\/\/www1.mafact.com\/ftpdir\/download\/WINBOOKS\/PRICE\/FR\/CONNECT_VIEW\/\">\n\n\t\t\t\t\t\t\t\t\t\t\t\t<span class=\"elementor-icon-list-icon\">\n\t\t\t\t\t\t\t\t\t\t\t\t\t\t\t\t<i class=\"fa fa-circle\" aria-hidden=\"true\"><\/i>\n\t\t\t\t\t\t\t\t\t\t\t\t\t<\/span>\n\t\t\t\t\t\t\t\t\t\t<span class=\"elementor-icon-list-text\">Listes de prix<\/span>\n\t\t\t\t\t\t\t\t\t\t\t<\/a>\n\t\t\t\t\t\t\t\t\t<\/li>\n\t\t\t\t\t\t\t\t<li class=\"elementor-icon-list-item\">\n\t\t\t\t\t\t\t\t\t\t\t<a href=\"https:\/\/help.winbooks.be\/display\/HelpViewFr\">\n\n\t\t\t\t\t\t\t\t\t\t\t\t<span class=\"elementor-icon-list-icon\">\n\t\t\t\t\t\t\t\t\t\t\t\t\t\t\t\t<i class=\"fa fa-circle\" aria-hidden=\"true\"><\/i>\n\t\t\t\t\t\t\t\t\t\t\t\t\t<\/span>\n\t\t\t\t\t\t\t\t\t\t<span class=\"elementor-icon-list-text\">Manuel<\/span>\n\t\t\t\t\t\t\t\t\t\t\t<\/a>\n\t\t\t\t\t\t\t\t\t<\/li>\n\t\t\t\t\t\t<\/ul>\n\t\t\t\t<\/div>\n\t\t\t\t<\/div>\n\t\t\t\t\t<\/div>\n\t\t<\/div>\n\t\t\t\t\t<\/div>\n\t\t<\/section>\n\t\t\t\t<section class=\"elementor-section elementor-top-section elementor-element elementor-element-abf7462 elementor-section-boxed elementor-section-height-default elementor-section-height-default\" data-id=\"abf7462\" data-element_type=\"section\">\n\t\t\t\t\t\t<div class=\"elementor-container elementor-column-gap-default\">\n\t\t\t\t\t<div class=\"elementor-column elementor-col-100 elementor-top-column elementor-element elementor-element-829f146\" data-id=\"829f146\" data-element_type=\"column\">\n\t\t\t<div class=\"elementor-widget-wrap elementor-element-populated\">\n\t\t\t\t\t\t<div class=\"elementor-element elementor-element-44bfd9d elementor-absolute elementor-widget__width-initial elementor-widget elementor-widget-image\" data-id=\"44bfd9d\" data-element_type=\"widget\" data-settings=\"{&quot;_position&quot;:&quot;absolute&quot;}\" data-widget_type=\"image.default\">\n\t\t\t\t<div class=\"elementor-widget-container\">\n\t\t\t\t\t\t\t\t\t\t\t\t\t<img decoding=\"async\" width=\"300\" height=\"190\" src=\"http:\/\/www.mafact.com\/wp-content\/uploads\/2019\/08\/Ipad_FR-small-1-300x190.png\" class=\"attachment-medium size-medium wp-image-1774\" alt=\"\" srcset=\"http:\/\/www.mafact.com\/wp-content\/uploads\/2019\/08\/Ipad_FR-small-1-300x190.png 300w, http:\/\/www.mafact.com\/wp-content\/uploads\/2019\/08\/Ipad_FR-small-1-768x487.png 768w, http:\/\/www.mafact.com\/wp-content\/uploads\/2019\/08\/Ipad_FR-small-1.png 1024w\" sizes=\"(max-width: 300px) 100vw, 300px\" \/>\t\t\t\t\t\t\t\t\t\t\t\t\t<\/div>\n\t\t\t\t<\/div>\n\t\t\t\t<div class=\"elementor-element elementor-element-a4c37f0 elementor-widget elementor-widget-text-editor\" data-id=\"a4c37f0\" data-element_type=\"widget\" data-widget_type=\"text-editor.default\">\n\t\t\t\t<div class=\"elementor-widget-container\">\n\t\t\t\t\t\t\t<p><b>Un regard clair sur les chiffres pour la fiduciaire et les entrepreneurs<\/b><\/p><p>Gr\u00e2ce \u00e0 l<b>\u2019outil online de reporting WinBooks<\/b>, la fiduciaire communique les chiffres de ses clients de mani\u00e8re interactive et didactique. V\u00e9ritable panorama de la sant\u00e9 des activit\u00e9s de chaque entreprise g\u00e9r\u00e9e sous WinBooks, VIEW devient un v\u00e9ritable assistant tant pour la fiduciaire que pour les entrepreneurs.<\/p><p><b>Des tableaux de bords on line<\/b><br \/>Le WinBooks View est une nouvelle mani\u00e8re de pr\u00e9senter les valeurs comptables en un clin d\u2019\u0153il via des tableaux de bord chiffr\u00e9s, visuels et dynamiques.<br \/>Un simple \u00ab push \u00bb des donn\u00e9es \u00e0 partir de la comptabilit\u00e9 g\u00e9n\u00e8re les rapports directement accessibles via internet.<br \/>Explorez les chiffres avec le drill-down. Cet outil vous permet de naviguer \u00e0 travers les rapports pour obtenir la construction et le d\u00e9tail de chaque chiffre jusqu\u2019au document digitalis\u00e9.<\/p><p><b>Quatre sections principales<\/b><br \/>Acc\u00e9dez aux chiffres cl\u00e9s de l\u2019entreprise toujours actualis\u00e9 et accessibles partout et \u00e0 tout moment<br \/>\u2013 Vision globale de l\u2019activit\u00e9<br \/>\u2013 Analyse des co\u00fbts et profits<br \/>\u2013 Bilan et ses rubriques<br \/>\u2013 Statistiques d\u00e9taill\u00e9es de l\u2019activit\u00e9 clients-fournisseurs<\/p><p>D\u00e9finissez vous m\u00eame des rapports en cr\u00e9ant vos propres structures pour s\u00e9lectionner et comparer des donn\u00e9es relatives \u00e0 telle p\u00e9riode, telle production, tel secteur d\u2019activit\u00e9, \u2026<\/p>\t\t\t\t\t\t<\/div>\n\t\t\t\t<\/div>\n\t\t\t\t\t<\/div>\n\t\t<\/div>\n\t\t\t\t\t<\/div>\n\t\t<\/section>\n\t\t\t\t<\/div>\n\t\t","protected":false},"excerpt":{"rendered":"<p>Listes de prix Manuel Un regard clair sur les chiffres pour la fiduciaire et les entrepreneurs Gr\u00e2ce \u00e0 l\u2019outil online de reporting WinBooks, la fiduciaire communique les chiffres de ses clients de mani\u00e8re interactive et didactique. V\u00e9ritable panorama de la sant\u00e9 des activit\u00e9s de chaque entreprise g\u00e9r\u00e9e sous WinBooks, VIEW devient un v\u00e9ritable assistant tant &#8230; <a title=\"Reporting \/ View\" class=\"read-more\" href=\"http:\/\/www.mafact.com\/index.php\/reporting-view-nl\/\" aria-label=\"More on Reporting \/ View\">Lire la suite<\/a><\/p>\n","protected":false},"author":1,"featured_media":0,"parent":0,"menu_order":0,"comment_status":"closed","ping_status":"closed","template":"","meta":{"footnotes":""},"_links":{"self":[{"href":"http:\/\/www.mafact.com\/index.php\/wp-json\/wp\/v2\/pages\/1900"}],"collection":[{"href":"http:\/\/www.mafact.com\/index.php\/wp-json\/wp\/v2\/pages"}],"about":[{"href":"http:\/\/www.mafact.com\/index.php\/wp-json\/wp\/v2\/types\/page"}],"author":[{"embeddable":true,"href":"http:\/\/www.mafact.com\/index.php\/wp-json\/wp\/v2\/users\/1"}],"replies":[{"embeddable":true,"href":"http:\/\/www.mafact.com\/index.php\/wp-json\/wp\/v2\/comments?post=1900"}],"version-history":[{"count":9,"href":"http:\/\/www.mafact.com\/index.php\/wp-json\/wp\/v2\/pages\/1900\/revisions"}],"predecessor-version":[{"id":2624,"href":"http:\/\/www.mafact.com\/index.php\/wp-json\/wp\/v2\/pages\/1900\/revisions\/2624"}],"wp:attachment":[{"href":"http:\/\/www.mafact.com\/index.php\/wp-json\/wp\/v2\/media?parent=1900"}],"curies":[{"name":"wp","href":"https:\/\/api.w.org\/{rel}","templated":true}]}}